{"id":33592,"date":"1998-01-01T00:00:00","date_gmt":"1997-12-31T23:00:00","guid":{"rendered":"http:\/\/www.grappa.no\/no\/albums\/ukategorisert\/torbjorg-aas-gravalid-hardingfele\/"},"modified":"2017-09-29T09:08:30","modified_gmt":"2017-09-29T08:08:30","slug":"torbjorg-aas-gravalid-hardingfele","status":"publish","type":"product","link":"https:\/\/grappa.no\/no\/albums\/heilo\/torbjorg-aas-gravalid-hardingfele\/","title":{"rendered":"Torbj\u00f8rg Aas Gravalid: Hardingfele"},"content":{"rendered":"<p><\/p>\n<p>En pion\u00e9r innen sitt fag<\/p>\n<p>Torbj\u00f8rg Aas Gravdal hadde en lang karriere som hardingfelespiller som strakte seg fra 30-tallet til nye h\u00f8yder p\u00e5 60-tallet og videre. Hun var en av f\u00e5 kvinnelige ut\u00f8vere p\u00e5 toppniv\u00e5 i Norge, noe som tidvis kunne v\u00e6re ensomt, men hun lot seg aldri stoppe av dette. P\u00e5 utgivelsen \u00abHardingfele\u00bb er det b\u00e5de samlet studioinnspillinger fra NRK i \u00e5rene 1963-64, i tillegg til opptak fra kappleiker i \u00e5rene 1963-70. Utgivelsen viser hennes talent og hennes h\u00e5ndlag med tradisjonene, og i tillegg hvorfor hun har blitt et viktig forbilde for kvinnelige felespillere som har kommet etter.<\/p>\n<p><!--more--><\/p>\n<h4><\/h4>\n<\/p>\n<h4><\/h4>\n<p><h4><\/h4>\n<\/p>\n<p><\/p>","protected":false},"excerpt":{"rendered":"<p>Utgivelsen viser hennes talent og hennes h\u00e5ndlag med tradisjonene, og i tillegg hvorfor hun har blitt et viktig forbilde for kvinnelige felespillere som har kommet etter.<\/p>\n","protected":false},"featured_media":33593,"comment_status":"closed","ping_status":"open","template":"","meta":[],"product_brand":[],"product_cat":[35],"product_tag":[],"class_list":{"0":"post-33592","1":"product","2":"type-product","3":"status-publish","4":"has-post-thumbnail","6":"product_cat-heilo","7":"product_shipping_class-cddvd-shipping","8":"uni_artist_tag-torbjorg-aas-gravalid","9":"uni_artist_tag-trad","10":"uni_main_artist_tag-torbjorg-aas-gravalid","11":"uni_artist_genre-folk-music","12":"uni_artist_genre-traditional","14":"first","15":"outofstock","16":"taxable","17":"shipping-taxable","18":"product-type-simple"},"_links":{"self":[{"href":"https:\/\/grappa.no\/no\/wp-json\/wp\/v2\/product\/33592","targetHints":{"allow":["GET"]}}],"collection":[{"href":"https:\/\/grappa.no\/no\/wp-json\/wp\/v2\/product"}],"about":[{"href":"https:\/\/grappa.no\/no\/wp-json\/wp\/v2\/types\/product"}],"replies":[{"embeddable":true,"href":"https:\/\/grappa.no\/no\/wp-json\/wp\/v2\/comments?post=33592"}],"wp:featuredmedia":[{"embeddable":true,"href":"https:\/\/grappa.no\/no\/wp-json\/wp\/v2\/media\/33593"}],"wp:attachment":[{"href":"https:\/\/grappa.no\/no\/wp-json\/wp\/v2\/media?parent=33592"}],"wp:term":[{"taxonomy":"product_brand","embeddable":true,"href":"https:\/\/grappa.no\/no\/wp-json\/wp\/v2\/product_brand?post=33592"},{"taxonomy":"product_cat","embeddable":true,"href":"https:\/\/grappa.no\/no\/wp-json\/wp\/v2\/product_cat?post=33592"},{"taxonomy":"product_tag","embeddable":true,"href":"https:\/\/grappa.no\/no\/wp-json\/wp\/v2\/product_tag?post=33592"}],"curies":[{"name":"wp","href":"https:\/\/api.w.org\/{rel}","templated":true}]}}