{"id":33589,"date":"2017-05-05T00:00:00","date_gmt":"2017-05-04T23:00:00","guid":{"rendered":"http:\/\/www.grappa.no\/no\/albums\/ukategorisert\/sa-skimrande-var-aldrig-havet\/"},"modified":"2017-09-29T09:05:25","modified_gmt":"2017-09-29T08:05:25","slug":"sa-skimrande-var-aldrig-havet","status":"publish","type":"product","link":"https:\/\/grappa.no\/no\/albums\/grappa\/sa-skimrande-var-aldrig-havet\/","title":{"rendered":"S\u00e5 skimrande var aldrig havet"},"content":{"rendered":"<p><\/p>\n<p>Elisabeth Andreassen synger Evert Taube<\/p>\n<p>P\u00e5 platen &#8216;S\u00e5 skimrande var aldrig havet&#8217; synger Elisabeth Andreassen viser av den svenske trubaduren Evert Taube. L\u00e5tene er arrangert for band og strykere, og ble spilt inn i Waterfall studio i Oslo i 1997, med H\u00e5kon Iversen som produsent. Platen ble popul\u00e6r b\u00e5de blant publikum og kritikere, og l\u00e5 p\u00e5 VG-lista i 5 uker.<\/p>\n<p><!--more--><\/p>\n<h4><\/h4>\n<\/p>\n<h4><\/h4>\n<p><h4><\/h4>\n<\/p>\n<p><\/p>","protected":false},"excerpt":{"rendered":"<p>P\u00e5 platen &#8216;S\u00e5 skimrande var aldrig havet&#8217; synger Elisabeth Andreassen viser av den svenske trubaduren Evert Taube.<\/p>\n","protected":false},"featured_media":33590,"comment_status":"closed","ping_status":"open","template":"","meta":[],"product_brand":[],"product_cat":[6],"product_tag":[],"class_list":{"0":"post-33589","1":"product","2":"type-product","3":"status-publish","4":"has-post-thumbnail","6":"product_cat-grappa","7":"product_shipping_class-cddvd-shipping","8":"uni_artist_tag-atle-sponberg","9":"uni_artist_tag-audun-erlien","10":"uni_artist_tag-borge-petersen-overleir","11":"uni_artist_tag-dorthe-dreier","12":"uni_artist_tag-elisabeth-andreassen","13":"uni_artist_tag-evert-taube","14":"uni_artist_tag-gaute-storaas","15":"uni_artist_tag-hakon-iversen","16":"uni_artist_tag-hans-josef-groh","17":"uni_artist_tag-joakim-nordin","18":"uni_artist_tag-jon-willy-rydningen","19":"uni_artist_tag-mariann-lisland","20":"uni_artist_tag-mats-ellingsen","21":"uni_artist_tag-olaf-kamfjord","22":"uni_artist_tag-oystein-trollsas","23":"uni_artist_tag-per-oystein-sorensen","24":"uni_artist_tag-per-tveit","25":"uni_artist_tag-petter-anthon-naess","26":"uni_artist_tag-rune-arnesen","27":"uni_artist_tag-vegard-johnsen","28":"uni_main_artist_tag-elisabeth-andreassen","29":"uni_artist_genre-cabaret","30":"uni_artist_genre-pop","31":"uni_artist_genre-scandinavian","32":"uni_artist_genre-traditional","34":"first","35":"instock","36":"taxable","37":"shipping-taxable","38":"purchasable","39":"product-type-simple"},"_links":{"self":[{"href":"https:\/\/grappa.no\/no\/wp-json\/wp\/v2\/product\/33589","targetHints":{"allow":["GET"]}}],"collection":[{"href":"https:\/\/grappa.no\/no\/wp-json\/wp\/v2\/product"}],"about":[{"href":"https:\/\/grappa.no\/no\/wp-json\/wp\/v2\/types\/product"}],"replies":[{"embeddable":true,"href":"https:\/\/grappa.no\/no\/wp-json\/wp\/v2\/comments?post=33589"}],"wp:featuredmedia":[{"embeddable":true,"href":"https:\/\/grappa.no\/no\/wp-json\/wp\/v2\/media\/33590"}],"wp:attachment":[{"href":"https:\/\/grappa.no\/no\/wp-json\/wp\/v2\/media?parent=33589"}],"wp:term":[{"taxonomy":"product_brand","embeddable":true,"href":"https:\/\/grappa.no\/no\/wp-json\/wp\/v2\/product_brand?post=33589"},{"taxonomy":"product_cat","embeddable":true,"href":"https:\/\/grappa.no\/no\/wp-json\/wp\/v2\/product_cat?post=33589"},{"taxonomy":"product_tag","embeddable":true,"href":"https:\/\/grappa.no\/no\/wp-json\/wp\/v2\/product_tag?post=33589"}],"curies":[{"name":"wp","href":"https:\/\/api.w.org\/{rel}","templated":true}]}}