{"id":33569,"date":"2017-04-28T00:00:00","date_gmt":"2017-04-27T23:00:00","guid":{"rendered":"http:\/\/www.grappa.no\/no\/albums\/ukategorisert\/upright-piano-live-at-bar-moskus\/"},"modified":"2017-05-30T09:18:16","modified_gmt":"2017-05-30T08:18:16","slug":"upright-piano-live-at-bar-moskus","status":"publish","type":"product","link":"https:\/\/grappa.no\/no\/albums\/blue-mood-records\/upright-piano-live-at-bar-moskus\/","title":{"rendered":"Upright Piano &#8211; LIVE at BAR MOSKUS"},"content":{"rendered":"<p><\/p>\n<p>Ny plate fra Dr Bekken<\/p>\n<p>Tor Einar Bekken (Dr Bekken) er blant landets fremste representanter for tradisjonelt blues\/jazzpiano, og han har gjennom sin lange karriere studert de typiske stilartene innenfor denne musikalske retningen. Som en av sv\u00e6rt f\u00e5 ut\u00f8vere i landet har han grunnleggende og inng\u00e5ende innsikt i denne betydningsfulle grenen av moderne musikk. Upright Piano er et organisk og ubehandlet opptak fra Moskus Bar i Trondheim, med publikum tilstede. Innspillingen viser Bekkens bredde som ut\u00f8ver og komponist, og refererer tydelig b\u00e5de til hans inspirerende m\u00f8ter med New Orleans, og sideblikk til tradisjonelle norske toner fra Finnskogen. Mest av alt viser Bekken en enorm kompetanse p\u00e5 sitt instrument, noe som gj\u00f8r fremf\u00f8ringen helt fri, og grensene mellom hva som er improvisasjon og faktisk melodi er usynlige. Dette er helt klart noe av kjernen ved Bekken; overlegne tekniske ferdigheter som tillater fullstendig frihet, samt et hjerte som banker for all musikk med \u00ab en bl\u00e5 stemning\u00bb i seg. Alts\u00e5 en selvskreven artist p\u00e5 Blue Mood.<\/p>\n<p><!--more--><\/p>\n<p>Nytt album fra Dr Bekken.<\/p>\n<h4>Upright Piano<\/h4>\n<p>Upright Piano er et organisk og ubehandlet opptak fra Moskus Bar i Trondheim, med publikum tilstede. Innspillingen viser Bekkens bredde som ut\u00f8ver og komponist, og refererer tydelig b\u00e5de til hans inspirerende m\u00f8ter med New Orleans, og sideblikk til tradisjonelle norske toner fra Finnskogen. Mest av alt viser Bekken en enorm kompetanse p\u00e5 sitt instrument, noe som gj\u00f8r fremf\u00f8ringen helt fri, og grensene mellom hva som er improvisasjon og faktisk melodi er usynlige.<\/p>\n<p>Dette er helt klart noe av kjernen ved Bekken; overlegne tekniske ferdigheter som tillater fullstendig frihet, samt et hjerte som banker for all musikk med \u00ab en bl\u00e5 stemning\u00bb i seg. Alts\u00e5 en selvskreven artist p\u00e5 Blue Mood.<\/p>\n<p>Bekken har gjennom sine tre soloutgivelser for Blue Mood\/ Grappa ( Hardcore Piano\/ Grand Piano\/ Upright Piano) samt klassikerne Songs from a forest og Slaveriet med (munnspiller par excellence) Richard Gjems tydelig demonstrert at genregrenser er for pedanter, og at en fri, kompetent tiln\u00e6rming til s\u00e5vel instrument som melodi gj\u00f8r opplevelsen av hans pianospill og repertoir universell og banebrytende<\/p>\n<h4><\/h4>\n<p><h4><\/h4>\n<\/p>\n<p><\/p>","protected":false},"excerpt":{"rendered":"<p>Upright Piano er et organisk og ubehandlet opptak fra Moskus Bar i Trondheim. Innspillingen viser Bekkens bredde som ut\u00f8ver og komponist, og refererer tydelig b\u00e5de til hans inspirerende m\u00f8ter med New Orleans, og sideblikk til tradisjonelle norske toner fra Finnskogen.<\/p>\n","protected":false},"featured_media":33570,"comment_status":"closed","ping_status":"open","template":"","meta":[],"product_brand":[],"product_cat":[51],"product_tag":[],"class_list":{"0":"post-33569","1":"product","2":"type-product","3":"status-publish","4":"has-post-thumbnail","6":"product_cat-blue-mood-records","7":"product_shipping_class-cddvd-shipping","8":"uni_artist_tag-al-neiburg","9":"uni_artist_tag-antoine-fats-domino","10":"uni_artist_tag-chris-smith","11":"uni_artist_tag-dr-bekken","12":"uni_artist_tag-earl-hines","13":"uni_artist_tag-eric-malling","14":"uni_artist_tag-harry-ruby","15":"uni_artist_tag-james-thornton","16":"uni_artist_tag-jerry-leiber","17":"uni_artist_tag-mike-stoller","18":"uni_artist_tag-randy-newman","19":"uni_artist_tag-rube-bloom","20":"uni_artist_tag-thomas-fats-waller","21":"uni_main_artist_tag-dr-bekken","22":"uni_artist_genre-blues","23":"uni_artist_genre-piano","25":"first","26":"instock","27":"taxable","28":"shipping-taxable","29":"purchasable","30":"product-type-simple"},"_links":{"self":[{"href":"https:\/\/grappa.no\/no\/wp-json\/wp\/v2\/product\/33569","targetHints":{"allow":["GET"]}}],"collection":[{"href":"https:\/\/grappa.no\/no\/wp-json\/wp\/v2\/product"}],"about":[{"href":"https:\/\/grappa.no\/no\/wp-json\/wp\/v2\/types\/product"}],"replies":[{"embeddable":true,"href":"https:\/\/grappa.no\/no\/wp-json\/wp\/v2\/comments?post=33569"}],"wp:featuredmedia":[{"embeddable":true,"href":"https:\/\/grappa.no\/no\/wp-json\/wp\/v2\/media\/33570"}],"wp:attachment":[{"href":"https:\/\/grappa.no\/no\/wp-json\/wp\/v2\/media?parent=33569"}],"wp:term":[{"taxonomy":"product_brand","embeddable":true,"href":"https:\/\/grappa.no\/no\/wp-json\/wp\/v2\/product_brand?post=33569"},{"taxonomy":"product_cat","embeddable":true,"href":"https:\/\/grappa.no\/no\/wp-json\/wp\/v2\/product_cat?post=33569"},{"taxonomy":"product_tag","embeddable":true,"href":"https:\/\/grappa.no\/no\/wp-json\/wp\/v2\/product_tag?post=33569"}],"curies":[{"name":"wp","href":"https:\/\/api.w.org\/{rel}","templated":true}]}}