{"id":33562,"date":"2017-04-28T00:00:00","date_gmt":"2017-04-27T23:00:00","guid":{"rendered":"http:\/\/www.grappa.no\/no\/albums\/ukategorisert\/da-taket-til-slutt-forsvant\/"},"modified":"2017-09-29T09:05:21","modified_gmt":"2017-09-29T08:05:21","slug":"da-taket-til-slutt-forsvant","status":"publish","type":"product","link":"https:\/\/grappa.no\/no\/albums\/grappa\/da-taket-til-slutt-forsvant\/","title":{"rendered":"Da taket til slutt forsvant"},"content":{"rendered":"<p><\/p>\n<p>Bj\u00f8lsen Valsem\u00f8lle slipper sitt f\u00f8rste livealbum!<\/p>\n<p>Bandets 10. album, som er et konsertopptak fra Herr Nilsen, inneholder en rekke saftige h\u00f8ydepunkter fra Bj\u00f8lsen-katalogen. Bj\u00f8lsen har alltid hatt ry som et sterkt live band, og n\u00e5, etter 40 \u00e5rs virksomhet, kommer endelig\u00a0 albumet som viser dette!<\/p>\n<p>Bandet gjorde opptaket 10. desember 2016 p\u00e5 klubbscenen Herr Nilsen i Oslo, og p\u00e5 setlista finner du blant annet: Over elva, Fem p\u00e5 midnatt, 91,72, Vaterlands bru,Kong Vinter, Soria Moria, Tider skal komme og V\u00e5lerenga kjerke.<\/p>\n<p><!--more--><\/p>\n<p>Bj\u00f8lsen Valsem\u00f8lle slipper sitt f\u00f8rste livealbum den 28.april!<\/p>\n<h4>Lyden av Bj\u00f8lsen<\/h4>\n<p>Bj\u00f8lsen har alltid hatt ry som et sterkt liveband, og med dette albuymet f\u00e5r de ogs\u00e5 bevist hvordan den egentlige &amp;quot;Lyden av Bj\u00f8lsen&amp;quot; er. Opptaket ble gjort 10.desember 2016 p\u00e5 Klubbscenen Herr Nilsen i Oslo. P\u00e5 setlisten finner du blant annet: Over Elva \/\/ Soria Moria \/\/ Tider skal komme og V\u00e5lerenga Kjerke.<\/p>\n<h4>Musikkvideoer og flere live-l\u00e5ter<\/h4>\n<p>I tillegg til \u00e5 slippe nytt album vil bandet legge ut en ny live-l\u00e5t digitalt til nedlasting hver m\u00e5ned frem til \u00e5rsskiftet. Det vil ogs\u00e5 bli lansert flere musikkvideoer til l\u00e5ter som &quot;De tatovertes bataljon&quot;, &quot;Vaterlands bru&quot; og &quot;Tider skal komme&quot;. Det er med andre ord mye \u00e5 glede seg til fra det legendariske Oslo-bandet. <\/p>\n<p>2017-utgaven av Bj\u00f8lsen er: Trond Ingebretsen, Leif Ottesen, Lars Aas-Hansen, Endre Christiansen og Even Finsrud. Albumet er produsert av Trond Ingebretsen i samarbeid med Eufoni Medieproduksjon.<\/p>\n<h4><\/h4>\n<\/p>\n<p><\/p>","protected":false},"excerpt":{"rendered":"<p>Bj\u00f8lsen Valsem\u00f8lle slipper sitt f\u00f8rste livealbum. Albumet inneholder en rekke saftige h\u00f8ydepunkter fra Bj\u00f8lsen-katalogen.<\/p>\n","protected":false},"featured_media":33563,"comment_status":"closed","ping_status":"open","template":"","meta":[],"product_brand":[],"product_cat":[6],"product_tag":[],"class_list":{"0":"post-33562","1":"product","2":"type-product","3":"status-publish","4":"has-post-thumbnail","6":"product_cat-grappa","7":"product_shipping_class-cddvd-shipping","8":"uni_artist_tag-age-aleksandersen","9":"uni_artist_tag-bjolsen-valsemolle","10":"uni_artist_tag-rune-haukum","11":"uni_artist_tag-trond-ingebretsen","12":"uni_main_artist_tag-bjolsen-valsemolle","13":"uni_artist_genre-norwegian-lyrics","14":"uni_artist_genre-pop","15":"uni_artist_genre-rock","17":"first","18":"instock","19":"taxable","20":"shipping-taxable","21":"purchasable","22":"product-type-simple"},"_links":{"self":[{"href":"https:\/\/grappa.no\/no\/wp-json\/wp\/v2\/product\/33562","targetHints":{"allow":["GET"]}}],"collection":[{"href":"https:\/\/grappa.no\/no\/wp-json\/wp\/v2\/product"}],"about":[{"href":"https:\/\/grappa.no\/no\/wp-json\/wp\/v2\/types\/product"}],"replies":[{"embeddable":true,"href":"https:\/\/grappa.no\/no\/wp-json\/wp\/v2\/comments?post=33562"}],"wp:featuredmedia":[{"embeddable":true,"href":"https:\/\/grappa.no\/no\/wp-json\/wp\/v2\/media\/33563"}],"wp:attachment":[{"href":"https:\/\/grappa.no\/no\/wp-json\/wp\/v2\/media?parent=33562"}],"wp:term":[{"taxonomy":"product_brand","embeddable":true,"href":"https:\/\/grappa.no\/no\/wp-json\/wp\/v2\/product_brand?post=33562"},{"taxonomy":"product_cat","embeddable":true,"href":"https:\/\/grappa.no\/no\/wp-json\/wp\/v2\/product_cat?post=33562"},{"taxonomy":"product_tag","embeddable":true,"href":"https:\/\/grappa.no\/no\/wp-json\/wp\/v2\/product_tag?post=33562"}],"curies":[{"name":"wp","href":"https:\/\/api.w.org\/{rel}","templated":true}]}}