{"id":33438,"date":"1997-01-01T00:00:00","date_gmt":"1996-12-31T23:00:00","guid":{"rendered":"http:\/\/www.grappa.no\/no\/albums\/ukategorisert\/j-s-bach-organ-trio-sonatas\/"},"modified":"2019-02-22T15:43:07","modified_gmt":"2019-02-22T14:43:07","slug":"j-s-bach-organ-trio-sonatas","status":"publish","type":"product","link":"https:\/\/grappa.no\/no\/albums\/simax-classics\/j-s-bach-organ-trio-sonatas\/","title":{"rendered":"J.S. Bach: Organ Trio Sonatas"},"content":{"rendered":"<p><\/p>\n<p>Bach triosonater p\u00e5 kororgelet i Oslo Domkrike<\/p>\n<p>Bachs triosonater for orgel er en verktype uten egentlige musikkhistoriske forl\u00f8pere. Mange av enkeltsatsene er preget av konsertformen, og i sin storformale oppbygning f\u00f8lger triosonaten heller ikke den vanlige firsatsige sonatetype, men knytter an til den moderne, tresatsige italienske konsertform: hurtig- langsom- hurtig.<br \/>\nDe seks sonatene BWV 525-30 (i nekrologen kalt \u00abSeks trioer for orgel med obligat pedal\u00bb), ble skapt henimot 1730, alts\u00e5 ved inngangen til annen fase av Bachs Leipzig-tid. Som s\u00e5 mange andre av mesterens verker, har samlingen et visst didaktisk form\u00e5l. Triosonatene oppviser et sant mangfold n\u00e5r det gjelder stil og struktur, og er b\u00e6rere av en usedvanlig uttrykksrikdom.<\/p>\n<p><!--more--><\/p>\n<h4><\/h4>\n<\/p>\n<h4><\/h4>\n<p><h4><\/h4>\n<\/p>\n<p><\/p>","protected":false},"excerpt":{"rendered":"<p>K\u00e5re Nordstoga briljerer i triosonatene, som oppviser et sant mangfold n\u00e5r det gjelder stil og struktur, og er b\u00e6rere av en usedvanlig uttrykksrikdom.<\/p>\n","protected":false},"featured_media":33452,"comment_status":"closed","ping_status":"open","template":"","meta":[],"product_brand":[],"product_cat":[180],"product_tag":[],"class_list":{"0":"post-33438","1":"product","2":"type-product","3":"status-publish","4":"has-post-thumbnail","6":"product_cat-simax-classics","7":"product_shipping_class-cddvd-shipping","8":"uni_artist_tag-arne-akselberg","9":"uni_artist_tag-johann-sebastian-bach","10":"uni_artist_tag-kare-nordstoga","11":"uni_main_artist_tag-kare-nordstoga","12":"uni_artist_genre-classical","13":"uni_artist_genre-organ","15":"first","16":"outofstock","17":"taxable","18":"shipping-taxable","19":"purchasable","20":"product-type-simple"},"_links":{"self":[{"href":"https:\/\/grappa.no\/no\/wp-json\/wp\/v2\/product\/33438","targetHints":{"allow":["GET"]}}],"collection":[{"href":"https:\/\/grappa.no\/no\/wp-json\/wp\/v2\/product"}],"about":[{"href":"https:\/\/grappa.no\/no\/wp-json\/wp\/v2\/types\/product"}],"replies":[{"embeddable":true,"href":"https:\/\/grappa.no\/no\/wp-json\/wp\/v2\/comments?post=33438"}],"wp:featuredmedia":[{"embeddable":true,"href":"https:\/\/grappa.no\/no\/wp-json\/wp\/v2\/media\/33452"}],"wp:attachment":[{"href":"https:\/\/grappa.no\/no\/wp-json\/wp\/v2\/media?parent=33438"}],"wp:term":[{"taxonomy":"product_brand","embeddable":true,"href":"https:\/\/grappa.no\/no\/wp-json\/wp\/v2\/product_brand?post=33438"},{"taxonomy":"product_cat","embeddable":true,"href":"https:\/\/grappa.no\/no\/wp-json\/wp\/v2\/product_cat?post=33438"},{"taxonomy":"product_tag","embeddable":true,"href":"https:\/\/grappa.no\/no\/wp-json\/wp\/v2\/product_tag?post=33438"}],"curies":[{"name":"wp","href":"https:\/\/api.w.org\/{rel}","templated":true}]}}