{"id":33389,"date":"2017-05-05T00:00:00","date_gmt":"2017-05-04T23:00:00","guid":{"rendered":"http:\/\/www.grappa.no\/no\/albums\/ukategorisert\/fait-pleurer-les-songes-ravel-%c2%b7-poulenc-%c2%b7-prokofiev-violin-sonatas\/"},"modified":"2019-02-22T16:08:06","modified_gmt":"2019-02-22T15:08:06","slug":"fait-pleurer-les-songes-ravel-%c2%b7-poulenc-%c2%b7-prokofiev-violin-sonatas","status":"publish","type":"product","link":"https:\/\/grappa.no\/no\/albums\/simax-classics\/fait-pleurer-les-songes-ravel-%c2%b7-poulenc-%c2%b7-prokofiev-violin-sonatas\/","title":{"rendered":"Fait pleurer les songes \u2013 Ravel \u00b7 Poulenc \u00b7 Prokofiev Violin Sonatas"},"content":{"rendered":"<p><\/p>\n<p>F\u00e5r dr\u00f8mmer til \u00e5 gr\u00e5te.<\/p>\n<p>Ravels ukjente, sarte sonatefragment, Poulencs dramatiske, triste fiolinsonate og Prokofievs m\u00f8rke f-mollsonate. Guro Kleven Hagen og Marianna Shirinyan har valgt kraftfull og bevegende musikk n\u00e5r de n\u00e5 gir ut sin f\u00f8rste CD sammen. Utgivelsens f\u00f8rste verk stammer fra en sonate Ravel skrev i 1897 i en alder av 22 \u00e5r \u2013 samme alder som Hagen \u2013 \u00a0som ble lagt til side og ikke dukket opp igjen f\u00f8r i 1975. I dette satsfragmentet h\u00f8rer vi mange av vendingene og det lyriske uttrykket som skulle bli kjennetegnet for Ravel ogs\u00e5 i senere komposisjoner. Francis Poulenc skrev i 1942 og 1943 sin eneste publiserte fiolinsonate, mens hans hjemland Frankrike led under grusom krig. Til slutt kommer Sergei Prokofievs f\u00f8rste fiolinsonate, som ble urfremf\u00f8rt av David Oistrakh i 1946. Selv sier Guro og Marianna: \u00abDr\u00f8mmer kan bli knust til t\u00e5rer under grusomheter som krig. P\u00e5 samme m\u00e5te har musikk som disse tre sonatene av Ravel, Poulenc og Prokofiev, evnen til \u00e5 f\u00e5 oss til \u00e5 dr\u00f8mme oss bort, og til \u00e5 fremkalle t\u00e5rer og sterke f\u00f8lelser i oss.\u00bb<\/p>\n<p>Dette er Guros andre utgivelse p\u00e5 Simax, etter at solodebuten i 2014 med Oslo-filharmonien resulterte i fantastiske kritikker, bl.a. \u2019Editor\u2019s Choice\u2019 i Gramophone Magazine.\u00a0Marianna har spilt inn en rekke kritikerroste CD-er og debuterer med denne p\u00e5 Simax.<\/p>\n<p><!--more--><\/p>\n<p>Ravels ukjente, sarte sonatefragment, Poulencs dramatiske, triste fiolinsonate og Prokofievs m\u00f8rke f-mollsonate. Guro Kleven Hagen og Marianna Shirinyan har valgt dramatisk og bevegende musikk n\u00e5r de n\u00e5 gir ut sin f\u00f8rste CD sammen.<\/p>\n<h4>Ravels bortgjemte sonate<\/h4>\n<p>Utgivelsens f\u00f8rste verk stammer fra en sonate Ravel skrev i 1897 i en alder av 22 \u00e5r \u2013 samme alder som Hagen \u2013 \u00a0som ble lagt til side og ikke dukket opp igjen f\u00f8r i 1975. I dette satsfragmentet h\u00f8rer vi mange av vendingene og det lyriske uttrykket som skulle bli kjennetegnet for Ravel ogs\u00e5 i senere komposisjoner.<\/p>\n<h4>Poulenc og Prokofiev<\/h4>\n<p>Francis Poulenc skrev i 1942 og 1943 sin eneste publiserte fiolinsonate, mens hans hjemland Frankrike led under grusom krig. Verket er tilegnet den spanske poeten Federico Garcia Lorca, som ble drept i den spanske borgerkrig. Den langsomme satsens undertittel \u2019La guitare fait pleurer les songes\u2019 (Gitaren f\u00e5r dr\u00f8mmene til \u00e5 gr\u00e5te), fra et dikt av Lorca, inspirerer ogs\u00e5 tittelen p\u00e5 denne utgivelsen. Det siste verket er Sergei Prokofievs f\u00f8rste fiolinsonate, som ble urfremf\u00f8rt av David Oistrakh i 1946. Dette stykket er, i likhet med Poulencs sonate, skrevet med krigens dystre hendelser i tankene. Oistrakh sa selv om stykket: \u2018ingenting som er skrevet for fiolin p\u00e5 mange \u00e5r, her eller andre steder, har en skj\u00f8nnhet og dybde som tilsvarer dette stykket.\u2019<\/p>\n<h4>Guro Kleven Hagen og Marianna Shirinyan<\/h4>\n<p>Guro Kleven Hagen, f\u00f8dt 1994, kommer fra Fagernes i Valdres. Hun spiller p\u00e5 en C. Bergonzi, som tidligere har tilh\u00f8rt mesterfiolinistene Fritz Kreisler og Itzhak Perlman. Etter platedebuten i 2014 har Guro v\u00e6rt travel med solistoppgaver hos orkestre b\u00e5de i Europa og Asia. Hun er en aktiv kammermusiker p\u00e5 festivaler i inn- og utland, hvor hun samarbeider med musikere som Janine Jansen, Leif Ove Andsnes, Maxim Rysanov og Shlomo Mintz. Guro er i tillegg kunstnerisk leder for kammermusikkfestivalen Valdres Sommersymfoni, og valgt ut i det prestisjefylte Crescendo-programmet. Den armenskf\u00f8dte Marianna Shirinyan er en av de mest kreative og etterspurte pianister p\u00e5 den europeiske scenen. Hun er regelmessig gjest som solist med internasjonale orkestre, og er en ettertraktet kammermusiker ved de st\u00f8rste festivalene. Marianna har mottatt Danmarks Radios prestisjefylte P2-pris for hennes bidrag til det danske musikklivet. Marianna er klaverprofessor ved Norges musikkh\u00f8gskole i Oslo, Steinway-artist og kunstnerisk leder ved Fejoe Chamber Music Festival i Danmark.<\/p>\n<p><\/p>","protected":false},"excerpt":{"rendered":"<p>Guro Kleven Hagen og Marianna Shirinyan har valgt dramatisk musikk n\u00e5r de n\u00e5 gir ut sin f\u00f8rste CD sammen.<\/p>\n","protected":false},"featured_media":33390,"comment_status":"closed","ping_status":"open","template":"","meta":[],"product_brand":[],"product_cat":[180],"product_tag":[],"class_list":{"0":"post-33389","1":"product","2":"type-product","3":"status-publish","4":"has-post-thumbnail","6":"product_cat-simax-classics","7":"product_shipping_class-cddvd-shipping","8":"uni_artist_tag-francis-poulenc","9":"uni_artist_tag-guro-kleven-hagen","10":"uni_artist_tag-jorn-pedersen","11":"uni_artist_tag-marianna-shirinyan","12":"uni_artist_tag-maurice-ravel","13":"uni_artist_tag-sergei-prokofiev","14":"uni_main_artist_tag-guro-kleven-hagen","15":"uni_artist_genre-chamber-music","16":"uni_artist_genre-strings","17":"uni_artist_genre-young-norwegian","19":"first","20":"instock","21":"taxable","22":"shipping-taxable","23":"purchasable","24":"product-type-simple"},"_links":{"self":[{"href":"https:\/\/grappa.no\/no\/wp-json\/wp\/v2\/product\/33389","targetHints":{"allow":["GET"]}}],"collection":[{"href":"https:\/\/grappa.no\/no\/wp-json\/wp\/v2\/product"}],"about":[{"href":"https:\/\/grappa.no\/no\/wp-json\/wp\/v2\/types\/product"}],"replies":[{"embeddable":true,"href":"https:\/\/grappa.no\/no\/wp-json\/wp\/v2\/comments?post=33389"}],"wp:featuredmedia":[{"embeddable":true,"href":"https:\/\/grappa.no\/no\/wp-json\/wp\/v2\/media\/33390"}],"wp:attachment":[{"href":"https:\/\/grappa.no\/no\/wp-json\/wp\/v2\/media?parent=33389"}],"wp:term":[{"taxonomy":"product_brand","embeddable":true,"href":"https:\/\/grappa.no\/no\/wp-json\/wp\/v2\/product_brand?post=33389"},{"taxonomy":"product_cat","embeddable":true,"href":"https:\/\/grappa.no\/no\/wp-json\/wp\/v2\/product_cat?post=33389"},{"taxonomy":"product_tag","embeddable":true,"href":"https:\/\/grappa.no\/no\/wp-json\/wp\/v2\/product_tag?post=33389"}],"curies":[{"name":"wp","href":"https:\/\/api.w.org\/{rel}","templated":true}]}}