{"id":33328,"date":"2017-03-31T00:00:00","date_gmt":"2017-03-30T23:00:00","guid":{"rendered":"http:\/\/www.grappa.no\/no\/albums\/ukategorisert\/jugekors-og-sorgerender\/"},"modified":"2020-02-14T15:54:07","modified_gmt":"2020-02-14T14:54:07","slug":"ingrid-bjornov-jugekors-og-sorgerender","status":"publish","type":"product","link":"https:\/\/grappa.no\/no\/albums\/grappa\/ingrid-bjornov-jugekors-og-sorgerender\/","title":{"rendered":"Ingrid Bj\u00f8rnov: Jugekors og S\u00f8rgerender"},"content":{"rendered":"<p><\/p>\n<p>Jugekors og S\u00f8rgerender.<\/p>\n<p>&#8216;Jugekors og S\u00f8rgerender&#8217; best\u00e5r av tolv nyinnspilte sanger i kjent Bj\u00f8rnov-stil. Dette er h\u00e5ndspilt, moderne visepop med vennlig analog vreng. Tekstene er hum\u00f8rfylte hverdagsbetraktninger; noe fra hjemmebane (Frysepinn og friluftsmann), noe fra hoppbakken (Hopp da), noe fra verdensrommet (Astrofris\u00f8r). Egen musikk og tekst hele veien, samt tekstbidrag fra Kari Slaatsveen (Syk Mann). Albumet avsluttes med en vemodig nytolkning av \u00e5ttitallsklassikeren Den du veit (Marius M\u00fcller).<\/p>\n<p>Musikken er innspilt i Kongshavn Studios og Kurder King Studios.<\/p>\n<p><!--more--><\/p>\n<p>Ingrid Bj\u00f8rnovs gir ut sitt tredje soloalbum; &#8216;Jugekors og S\u00f8rgerender&#8217;.<\/p>\n<h4>Hverdagsbetraktninger<\/h4>\n<p>Tekstene er hum\u00f8rfylte hverdagsbetraktninger; noe fra hjemmebane (Frysepinn og friluftsmann), noe fra hoppbakken (Hopp da), noe fra verdensrommet (Astrofris\u00f8r). Egen musikk og tekst hele veien, samt tekstbidrag fra Kari Slaatsveen (Syk Mann). Albumet avsluttes med en vemodig nytolkning av \u00e5ttitallsklassikeren Den du veit (Marius M\u00fcller).<\/p>\n<h4>Musikere og gjester<\/h4>\n<p>Ingrid har samarbeidet tett med produsent Javed Kurd (gitar), Ole Petter Hansen Chylie (trommer), Rino Johannessen (bass). I tillegg har Jon-Willy Rydningen krydret produksjonen med sin karakteristiske samling tangenter og modul\u00e6re synthesizere. Resultatet er en spenstig  musikkproduksjon med lekne vokalarrangementer mot et bakteppe av s\u00f8ttitallsreferanser og en hang til prog-nostalgi.<\/p>\n<p>Kari Slaatsveen synger og samtaler i duetten Syk Mann, mens \u00d8ystein Sunde bidrar med stilsikker Gibson\/Atkinsgitar p\u00e5 L\u00e5n meg en linse.<\/p>\n<h4>Steinway to Heaven<\/h4>\n<p>H\u00f8sten 2017 kommer Ingrid med ny soloforestilling. Denne gang inviterer hun til klassisk himmelferd. Premieren er lagt til \u00e6reverdige Drammens Teater den 24.august.\u00a0<\/p>\n<p>Albumet &#8216;Jugekors og S\u00f8rgerender&#8217; slippes digitalt 31.mars og fysisk 07.april.\u00a0<br \/>\nReleasekonsert onsdag 5. april p\u00e5 Cosmopolite, Oslo.<\/p>\n<p><\/p>","protected":false},"excerpt":{"rendered":"<p>Ingrid Bj\u00f8rnovs tredje soloalbum inneholder tolv nyinnspilte sanger i kjent Bj\u00f8rnov-stil. En moderne visepop plate, med vennlig analog vreng.<\/p>\n","protected":false},"featured_media":33359,"comment_status":"closed","ping_status":"open","template":"","meta":[],"product_brand":[],"product_cat":[6],"product_tag":[],"class_list":{"0":"post-33328","1":"product","2":"type-product","3":"status-publish","4":"has-post-thumbnail","6":"product_cat-grappa","7":"product_shipping_class-cddvd-shipping","9":"first","10":"instock","11":"taxable","12":"shipping-taxable","13":"purchasable","14":"product-type-simple"},"_links":{"self":[{"href":"https:\/\/grappa.no\/no\/wp-json\/wp\/v2\/product\/33328","targetHints":{"allow":["GET"]}}],"collection":[{"href":"https:\/\/grappa.no\/no\/wp-json\/wp\/v2\/product"}],"about":[{"href":"https:\/\/grappa.no\/no\/wp-json\/wp\/v2\/types\/product"}],"replies":[{"embeddable":true,"href":"https:\/\/grappa.no\/no\/wp-json\/wp\/v2\/comments?post=33328"}],"wp:featuredmedia":[{"embeddable":true,"href":"https:\/\/grappa.no\/no\/wp-json\/wp\/v2\/media\/33359"}],"wp:attachment":[{"href":"https:\/\/grappa.no\/no\/wp-json\/wp\/v2\/media?parent=33328"}],"wp:term":[{"taxonomy":"product_brand","embeddable":true,"href":"https:\/\/grappa.no\/no\/wp-json\/wp\/v2\/product_brand?post=33328"},{"taxonomy":"product_cat","embeddable":true,"href":"https:\/\/grappa.no\/no\/wp-json\/wp\/v2\/product_cat?post=33328"},{"taxonomy":"product_tag","embeddable":true,"href":"https:\/\/grappa.no\/no\/wp-json\/wp\/v2\/product_tag?post=33328"}],"curies":[{"name":"wp","href":"https:\/\/api.w.org\/{rel}","templated":true}]}}