{"id":33082,"date":"2009-01-12T00:00:00","date_gmt":"2009-01-11T23:00:00","guid":{"rendered":"http:\/\/www.grappa.no\/no\/albums\/ukategorisert\/langt-ute\/"},"modified":"2017-03-02T14:02:13","modified_gmt":"2017-03-02T13:02:13","slug":"langt-ute","status":"publish","type":"product","link":"https:\/\/grappa.no\/no\/albums\/heilo\/langt-ute\/","title":{"rendered":"Langt ute"},"content":{"rendered":"<p><\/p>\n<p>Hits fra en forsvunnet tid \u2013 langt ute <\/p>\n<p>Plata Langt Ute presenterer l\u00e5ter som en gang var popul\u00e6rmusikken blant fest-sugne utkant-Rogalendinger, l\u00e5ter som var p\u00e5 topplista av l\u00e5ter som man helst ville h\u00f8re n\u00e5r man gikk til dans \u2013 hits fra en forsvunnet tid.<br \/>\nGeitungen, trioen bak plata, spiller l\u00e5tene i tr\u00e5d med godt dansespill nettopp fra disse kantene og denne tiden. Klangbildet er farget i samspill mellom feler, torader, mandolin, hardingfele, mandola og gitarer fordelt p\u00e5 de tre musikantene.  Uttrykket er enkelt og musikken spenner seg fra lun og varm masurka til hete og yppende hopsarer og syrlige valser, med til tider noen influenser fra mer n\u00e5tidig popul\u00e6rmusikk og spillestil i arrangementene.  Gjennom sitt lunefulle og eggende spill, tar Geitunge lytteren med tilbake i tid, langt ut til de halvm\u00f8rke dansegulvene i de litt mer festlige delene av utkant-Rogaland.<\/p>\n<p><!--more--><\/p>\n<p>Plata Langt Ute presenterer l\u00e5ter som en gang var popul\u00e6rmusikken blant fest-sugne utkant-Rogalendinger, l\u00e5ter som var p\u00e5 topplista av l\u00e5ter som man helst ville h\u00f8re n\u00e5r man gikk til dans \u2013 hits fra en forsvunnet tid.<\/p>\n<h4><\/h4>\n<p>Langt Ute er Geitungens tredje plate, og blir gitt ut p\u00e5 Grappas folkemusikk-label, Heilo.  Platen er en oppf\u00f8lger til platen BRA KAST som bla annet fikk pris for beste plate i \u00e5pen \/ eksperimentell klasse ved Norwegian Folk Music Awards 2005. BRA KAST inneholdt l\u00e5ter fra alle omr\u00e5dene innen Rogalandsk tradisjonsmusikk, p\u00e5 Langt Ute har Geitungen konsentrert seg mer om l\u00e5tene fra Bjerkreim.<\/p>\n<h4>Geitungen er:<\/h4>\n<p>Vidar Skrede som trakterer hardingfele, fele og gitarer p\u00e5 platen. Han er frilans musiker og er med i en rekke nordiske band som Den Store Norske Gitarkvartett, NOMAS, The Secret Carpet Club, Fant&amp;Fente, AAMOS, Stimenn og Vidar Skrede DYNAMO BAND, og har master i nordisk folkemusikk fra Kungliga Musikh\u00f6gskolan i Stockholm.<br \/>\nOlav Christer Rosseb\u00f8 trakterer fele, mandolin, mandola og gitar p\u00e5 platen. Han er frilans musiker, kjent fra band som blant annet Bergen Mandolinband, Earlybird Stringband, Fant&amp;Fente og Filibuster, og har kandidat i ut\u00f8vende folkemusikk ved Norges Musikkh\u00f8gskole i Oso.<br \/>\nH\u00e5vard Ims trakterer torader p\u00e5 platen. Han er tidligere norgesmester p\u00e5 torader.<\/p>\n<h4><\/h4>\n<p>P\u00e5 sin nye plate lar Geitungen seg til kjenne nok en gang, i tillegg til kanskje \u00e5 ta et nytt steg videre i en ny retning mot noe som kan minne om popul\u00e6rmusikk fra en anna tid. Langt Ute.<\/p>\n<p><\/p>","protected":false},"excerpt":{"rendered":"<p>Plata Langt Ute presenterer l\u00e5ter som en gang var popul\u00e6rmusikken blant fest-sugne utkant-Rogalendinger, l\u00e5ter som var p\u00e5 topplista av l\u00e5ter som man helst ville h\u00f8re n\u00e5r man gikk til dans \u2013 hits fra en forsvunnet tid.<\/p>\n","protected":false},"featured_media":33086,"comment_status":"closed","ping_status":"open","template":"","meta":[],"product_brand":[],"product_cat":[35],"product_tag":[],"class_list":{"0":"post-33082","1":"product","2":"type-product","3":"status-publish","4":"has-post-thumbnail","6":"product_cat-heilo","7":"product_shipping_class-cddvd-shipping","8":"uni_artist_tag-geitungen","9":"uni_artist_tag-havard-ims","10":"uni_artist_tag-olav-christer-rossebo","11":"uni_artist_tag-trad","12":"uni_artist_tag-vegar-vardal","13":"uni_artist_tag-vidar-s-b-skrede","14":"uni_main_artist_tag-geitungen","15":"uni_artist_genre-folk-music","17":"first","18":"instock","19":"taxable","20":"shipping-taxable","21":"purchasable","22":"product-type-simple"},"_links":{"self":[{"href":"https:\/\/grappa.no\/no\/wp-json\/wp\/v2\/product\/33082","targetHints":{"allow":["GET"]}}],"collection":[{"href":"https:\/\/grappa.no\/no\/wp-json\/wp\/v2\/product"}],"about":[{"href":"https:\/\/grappa.no\/no\/wp-json\/wp\/v2\/types\/product"}],"replies":[{"embeddable":true,"href":"https:\/\/grappa.no\/no\/wp-json\/wp\/v2\/comments?post=33082"}],"wp:featuredmedia":[{"embeddable":true,"href":"https:\/\/grappa.no\/no\/wp-json\/wp\/v2\/media\/33086"}],"wp:attachment":[{"href":"https:\/\/grappa.no\/no\/wp-json\/wp\/v2\/media?parent=33082"}],"wp:term":[{"taxonomy":"product_brand","embeddable":true,"href":"https:\/\/grappa.no\/no\/wp-json\/wp\/v2\/product_brand?post=33082"},{"taxonomy":"product_cat","embeddable":true,"href":"https:\/\/grappa.no\/no\/wp-json\/wp\/v2\/product_cat?post=33082"},{"taxonomy":"product_tag","embeddable":true,"href":"https:\/\/grappa.no\/no\/wp-json\/wp\/v2\/product_tag?post=33082"}],"curies":[{"name":"wp","href":"https:\/\/api.w.org\/{rel}","templated":true}]}}