{"id":33076,"date":"2010-03-01T00:00:00","date_gmt":"2010-02-28T23:00:00","guid":{"rendered":"http:\/\/www.grappa.no\/no\/albums\/ukategorisert\/listen-to-the-banned\/"},"modified":"2018-10-12T06:22:04","modified_gmt":"2018-10-12T05:22:04","slug":"listen-to-the-banned","status":"publish","type":"product","link":"https:\/\/grappa.no\/no\/albums\/heilo\/listen-to-the-banned\/","title":{"rendered":"Listen To The Banned"},"content":{"rendered":"<p><\/p>\n<p>Forbudte l\u00e5ter<\/p>\n<p>Sensur av musikk har eksistert helt siden oldtidens Hellas. Platon fornemmet forskjellen mellom \u201dgod\u201d og \u201dd\u00e5rlig\u201d musikk \u2013 og foreslo at den \u201dd\u00e5rlige\u201d m\u00e5tte blir kontrollert eller bannlyst siden den hadde potensial til \u00e5 skille folk vekk fra \u201ddet gode liv\u201d. <\/p>\n<p>Dette er en samling av l\u00e5ter fra artister rundt om i verden som har m\u00f8tt sensur og har f\u00e5tt deres musikk bannlyst og nektet.<\/p>\n<p><!--more--><\/p>\n<p>Sensur av musikk har eksistert helt siden oldtidens Hellas. Platon fornemmet forskjellen mellom \u201dgod\u201d og \u201dd\u00e5rlig\u201d musikk \u2013 og foreslo at den \u201dd\u00e5rlige\u201d m\u00e5tte blir kontrollert eller bannlyst siden den hadde potensial til \u00e5 skille folk vekk fra \u201ddet gode liv\u201d.<\/p>\n<h4><\/h4>\n<\/p>\n<h4><\/h4>\n<p><h4><\/h4>\n<\/p>\n<p><\/p>","protected":false},"excerpt":{"rendered":"<p>Dette er en samling av l\u00e5ter fra artister rundt om i verden som har m\u00f8tt sensur og har f\u00e5tt deres musikk bannlyst og nektet.<\/p>\n","protected":false},"featured_media":33078,"comment_status":"closed","ping_status":"open","template":"","meta":[],"product_brand":[],"product_cat":[35],"product_tag":[],"class_list":{"0":"post-33076","1":"product","2":"type-product","3":"status-publish","4":"has-post-thumbnail","6":"product_cat-heilo","7":"product_shipping_class-cddvd-shipping","8":"uni_artist_tag-abazar-hamid","9":"uni_artist_tag-amal-murkus","10":"uni_artist_tag-atabak-elyasi","11":"uni_artist_tag-azira-brahim","12":"uni_artist_tag-aziza-brahim","13":"uni_artist_tag-chiwoniso-maraire","14":"uni_artist_tag-deepika-deeyah-thathaal","15":"uni_artist_tag-fadal-dey","16":"uni_artist_tag-farhad-darya","17":"uni_artist_tag-ferhat-tunc","18":"uni_artist_tag-haroon-bacha","19":"uni_artist_tag-kamilya-jubran","20":"uni_artist_tag-kurash-sultan","21":"uni_artist_tag-lapiro-de-mbanga","22":"uni_artist_tag-mahsa-vahdat","23":"uni_artist_tag-marcel-khalife","24":"uni_artist_tag-ole-reitov","25":"uni_artist_tag-tiken-jah-fakoly","26":"uni_artist_tag-trad","27":"uni_artist_tag-umur-hozatli","28":"uni_artist_tag-werner-hasler","29":"uni_artist_genre-collection","30":"uni_artist_genre-traditional","31":"uni_artist_genre-world-music","33":"first","34":"instock","35":"taxable","36":"shipping-taxable","37":"purchasable","38":"product-type-simple"},"_links":{"self":[{"href":"https:\/\/grappa.no\/no\/wp-json\/wp\/v2\/product\/33076","targetHints":{"allow":["GET"]}}],"collection":[{"href":"https:\/\/grappa.no\/no\/wp-json\/wp\/v2\/product"}],"about":[{"href":"https:\/\/grappa.no\/no\/wp-json\/wp\/v2\/types\/product"}],"replies":[{"embeddable":true,"href":"https:\/\/grappa.no\/no\/wp-json\/wp\/v2\/comments?post=33076"}],"wp:featuredmedia":[{"embeddable":true,"href":"https:\/\/grappa.no\/no\/wp-json\/wp\/v2\/media\/33078"}],"wp:attachment":[{"href":"https:\/\/grappa.no\/no\/wp-json\/wp\/v2\/media?parent=33076"}],"wp:term":[{"taxonomy":"product_brand","embeddable":true,"href":"https:\/\/grappa.no\/no\/wp-json\/wp\/v2\/product_brand?post=33076"},{"taxonomy":"product_cat","embeddable":true,"href":"https:\/\/grappa.no\/no\/wp-json\/wp\/v2\/product_cat?post=33076"},{"taxonomy":"product_tag","embeddable":true,"href":"https:\/\/grappa.no\/no\/wp-json\/wp\/v2\/product_tag?post=33076"}],"curies":[{"name":"wp","href":"https:\/\/api.w.org\/{rel}","templated":true}]}}