{"id":33052,"date":"2003-04-28T00:00:00","date_gmt":"2003-04-27T23:00:00","guid":{"rendered":"http:\/\/www.grappa.no\/no\/albums\/ukategorisert\/vind\/"},"modified":"2017-03-01T10:32:04","modified_gmt":"2017-03-01T09:32:04","slug":"vind","status":"publish","type":"product","link":"https:\/\/grappa.no\/no\/albums\/heilo\/vind\/","title":{"rendered":"Vind"},"content":{"rendered":"<p><\/p>\n<p>I slekt med vinden<\/p>\n<p>Spellemannvinneren Hans Fredrik Jacobsen slapp i 2004 sin andre soloplate. Med fokus p\u00e5 &quot;instrument som er i slekt med vinden&quot; og et celebert lag av norske musikere fra b\u00e5de i og utenfor folkemusikkmilj\u00f8et. Jacobsen selv trakterer et imponerende utvalg eksotiske instrumenter, som sekkepipe, birimbao og kantele, for \u00e5 nevne noen.<\/p>\n<p><!--more--><\/p>\n<h4><\/h4>\n<\/p>\n<h4><\/h4>\n<p><h4><\/h4>\n<\/p>\n<p><\/p>","protected":false},"excerpt":{"rendered":"<p>Impulsene har Jacobsen hentet fra b\u00f8lgeskvulp p\u00e5 S\u00f8rlandet, vindsus over \u00d8stlandsskogen, \u00f8rkenvarme i Kalahari og luftig fjellbris i Katmandu.<\/p>\n","protected":false},"featured_media":33056,"comment_status":"closed","ping_status":"open","template":"","meta":[],"product_brand":[],"product_cat":[35],"product_tag":[],"class_list":{"0":"post-33052","1":"product","2":"type-product","3":"status-publish","4":"has-post-thumbnail","6":"product_cat-heilo","7":"product_shipping_class-cddvd-shipping","8":"uni_artist_tag-annbjorg-lien","9":"uni_artist_tag-frode-fjellheim","10":"uni_artist_tag-hans-fredrik-jacobsen","11":"uni_artist_tag-knut-reiersrud","12":"uni_artist_tag-snorre-bjerek","13":"uni_artist_tag-tone-hulbaekmo","14":"uni_main_artist_tag-hans-fredrik-jacobsen","15":"uni_artist_genre-folk-music","16":"uni_artist_genre-norwegian","18":"first","19":"instock","20":"taxable","21":"shipping-taxable","22":"purchasable","23":"product-type-simple"},"_links":{"self":[{"href":"https:\/\/grappa.no\/no\/wp-json\/wp\/v2\/product\/33052","targetHints":{"allow":["GET"]}}],"collection":[{"href":"https:\/\/grappa.no\/no\/wp-json\/wp\/v2\/product"}],"about":[{"href":"https:\/\/grappa.no\/no\/wp-json\/wp\/v2\/types\/product"}],"replies":[{"embeddable":true,"href":"https:\/\/grappa.no\/no\/wp-json\/wp\/v2\/comments?post=33052"}],"wp:featuredmedia":[{"embeddable":true,"href":"https:\/\/grappa.no\/no\/wp-json\/wp\/v2\/media\/33056"}],"wp:attachment":[{"href":"https:\/\/grappa.no\/no\/wp-json\/wp\/v2\/media?parent=33052"}],"wp:term":[{"taxonomy":"product_brand","embeddable":true,"href":"https:\/\/grappa.no\/no\/wp-json\/wp\/v2\/product_brand?post=33052"},{"taxonomy":"product_cat","embeddable":true,"href":"https:\/\/grappa.no\/no\/wp-json\/wp\/v2\/product_cat?post=33052"},{"taxonomy":"product_tag","embeddable":true,"href":"https:\/\/grappa.no\/no\/wp-json\/wp\/v2\/product_tag?post=33052"}],"curies":[{"name":"wp","href":"https:\/\/api.w.org\/{rel}","templated":true}]}}