{"id":33002,"date":"1991-03-01T00:00:00","date_gmt":"1991-02-28T23:00:00","guid":{"rendered":"http:\/\/www.grappa.no\/no\/albums\/ukategorisert\/kari-gar-til-filmen\/"},"modified":"2017-03-16T13:16:02","modified_gmt":"2017-03-16T12:16:02","slug":"kari-gar-til-filmen","status":"publish","type":"product","link":"https:\/\/grappa.no\/no\/albums\/grappa\/kari-gar-til-filmen\/","title":{"rendered":"Kari g\u00e5r til filmen"},"content":{"rendered":"<p><\/p>\n<p>Kari g\u00e5r til filmen<\/p>\n<p>Kari Svendsen er en munter og energisk figur i norsk pop- og visekultur, men bak denne munterheten er det ogs\u00e5 en seri\u00f8s kunstner med mye p\u00e5 hjrtet og stor formidlingsevne. Hun startet sin karriere allerede i 16 \u00e5rsalderen, da hun var med \u00e5 starte visegruppen Christiania Fusel &amp; Blaagress. &#8216;Kari g\u00e5r til filmen&#8217; stammer fra en forestilling Kari Svendsen hadde p\u00e5 80-tallet, hvor hun sang seg gjennom slagere fra gamle norske spillefilmer, et show hun gjorde stor suksess med. Musikken er n\u00e5 spilt inn i Rainbow studio og foreviget p\u00e5 CD.<\/p>\n<p><!--more--><\/p>\n<h4><\/h4>\n<\/p>\n<h4><\/h4>\n<p><h4><\/h4>\n<\/p>\n<p><\/p>","protected":false},"excerpt":{"rendered":"<p>&#8216;Kari g\u00e5r til filmen&#8217; stammer fra en forestilling Kari Svendsen hadde p\u00e5 80-tallet, hvor hun sang seg gjennom slagere fra gamle norske spillefilmer, et show hun gjorde stor suksess med.<\/p>\n","protected":false},"featured_media":33003,"comment_status":"closed","ping_status":"open","template":"","meta":[],"product_brand":[],"product_cat":[6],"product_tag":[],"class_list":{"0":"post-33002","1":"product","2":"type-product","3":"status-publish","4":"has-post-thumbnail","6":"product_cat-grappa","7":"product_shipping_class-cddvd-shipping","8":"uni_artist_tag-bjorn-sverre-kristensen","9":"uni_artist_tag-kari-svendsen","10":"uni_artist_tag-per-husby","11":"uni_artist_genre-banjo","12":"uni_artist_genre-humor","13":"uni_artist_genre-norwegian-lyrics","14":"uni_artist_genre-pop","15":"uni_artist_genre-scandinavian","17":"first","18":"instock","19":"taxable","20":"shipping-taxable","21":"purchasable","22":"product-type-simple"},"_links":{"self":[{"href":"https:\/\/grappa.no\/no\/wp-json\/wp\/v2\/product\/33002","targetHints":{"allow":["GET"]}}],"collection":[{"href":"https:\/\/grappa.no\/no\/wp-json\/wp\/v2\/product"}],"about":[{"href":"https:\/\/grappa.no\/no\/wp-json\/wp\/v2\/types\/product"}],"replies":[{"embeddable":true,"href":"https:\/\/grappa.no\/no\/wp-json\/wp\/v2\/comments?post=33002"}],"wp:featuredmedia":[{"embeddable":true,"href":"https:\/\/grappa.no\/no\/wp-json\/wp\/v2\/media\/33003"}],"wp:attachment":[{"href":"https:\/\/grappa.no\/no\/wp-json\/wp\/v2\/media?parent=33002"}],"wp:term":[{"taxonomy":"product_brand","embeddable":true,"href":"https:\/\/grappa.no\/no\/wp-json\/wp\/v2\/product_brand?post=33002"},{"taxonomy":"product_cat","embeddable":true,"href":"https:\/\/grappa.no\/no\/wp-json\/wp\/v2\/product_cat?post=33002"},{"taxonomy":"product_tag","embeddable":true,"href":"https:\/\/grappa.no\/no\/wp-json\/wp\/v2\/product_tag?post=33002"}],"curies":[{"name":"wp","href":"https:\/\/api.w.org\/{rel}","templated":true}]}}