{"id":32946,"date":"2009-06-08T00:00:00","date_gmt":"2009-06-07T23:00:00","guid":{"rendered":"http:\/\/www.grappa.no\/no\/albums\/ukategorisert\/junikveld\/"},"modified":"2017-02-22T09:32:01","modified_gmt":"2017-02-22T08:32:01","slug":"junikveld","status":"publish","type":"product","link":"https:\/\/grappa.no\/no\/albums\/grappa\/junikveld\/","title":{"rendered":"Junikveld"},"content":{"rendered":"<p><\/p>\n<p>Svein Olav Blindheim \u2014 &#8216;Junikveld&#8217;<\/p>\n<p>At &#8216;skogens dikter&#8217; Hans B\u00f8rli skulle trigge Svein Olav Blindheim slik det gjorde, hadde han ikke trodd. Det begynte med at Blindheim lette etter passende tekster til en kulturell bistandsgruppe. Nerven og kvaliteten i tekstene inspirerte til melodisk utforsking, og etterhvert stod de n\u00e6rt sagt i k\u00f8 og forlangte musikk. Det var slik tanken om en egen B\u00f8rli-plate tok form. Med kombinasjonen av trangt budsjett og en intuitiv m\u00e5te \u00e5 jobbe p\u00e5, ble det brukt de instrumentene en hadde for h\u00e5nd: fl\u00f8yter, perkusjon, citter, kontrabass, h\u00e5ndtromme og s\u00e5 videre &#8211; alt etter hva teksten og arrangementen krevde.<br \/>\n&#8216;Junikveld&#8217; er oppkalt etter et Hans B\u00f8rli dikt med samme navn. Dette pluss 9 andre dikt har Svein Olav Blindheim satt toner til og spilt inn i hjemmestudioet sitt p\u00e5 Ringerike. Platen ble gitt ut p\u00e5 Grappa 7. juni 2009 i forbindelse med at Blindheim skulle \u00e5pne det \u00e5rlige arrangementet &quot;Junikveld &quot; p\u00e5 B\u00f8rli-tunet.<\/p>\n<p><!--more--><\/p>\n<h4><\/h4>\n<\/p>\n<h4><\/h4>\n<p><h4><\/h4>\n<\/p>\n<p><\/p>","protected":false},"excerpt":{"rendered":"<p>Med &#8216;Junikveld&#8217;  h\u00e5per Svein Olav Blindheim \u00e5 glede gamle B\u00f8rli-fans, og kanskje rekruttere noen nye.<\/p>\n","protected":false},"featured_media":32947,"comment_status":"closed","ping_status":"open","template":"","meta":[],"product_brand":[],"product_cat":[6],"product_tag":[],"class_list":{"0":"post-32946","1":"product","2":"type-product","3":"status-publish","4":"has-post-thumbnail","6":"product_cat-grappa","7":"product_shipping_class-cddvd-shipping","8":"uni_artist_tag-fredrik-oie-jensen","9":"uni_artist_tag-ingvild-hasund","10":"uni_artist_tag-jon-rosslund","11":"uni_artist_tag-svein-olav-blindheim","12":"uni_main_artist_tag-svein-olav-blindheim","13":"uni_artist_genre-norwegian-lyrics","14":"uni_artist_genre-singersongwriter","16":"first","17":"instock","18":"taxable","19":"shipping-taxable","20":"purchasable","21":"product-type-simple"},"_links":{"self":[{"href":"https:\/\/grappa.no\/no\/wp-json\/wp\/v2\/product\/32946","targetHints":{"allow":["GET"]}}],"collection":[{"href":"https:\/\/grappa.no\/no\/wp-json\/wp\/v2\/product"}],"about":[{"href":"https:\/\/grappa.no\/no\/wp-json\/wp\/v2\/types\/product"}],"replies":[{"embeddable":true,"href":"https:\/\/grappa.no\/no\/wp-json\/wp\/v2\/comments?post=32946"}],"wp:featuredmedia":[{"embeddable":true,"href":"https:\/\/grappa.no\/no\/wp-json\/wp\/v2\/media\/32947"}],"wp:attachment":[{"href":"https:\/\/grappa.no\/no\/wp-json\/wp\/v2\/media?parent=32946"}],"wp:term":[{"taxonomy":"product_brand","embeddable":true,"href":"https:\/\/grappa.no\/no\/wp-json\/wp\/v2\/product_brand?post=32946"},{"taxonomy":"product_cat","embeddable":true,"href":"https:\/\/grappa.no\/no\/wp-json\/wp\/v2\/product_cat?post=32946"},{"taxonomy":"product_tag","embeddable":true,"href":"https:\/\/grappa.no\/no\/wp-json\/wp\/v2\/product_tag?post=32946"}],"curies":[{"name":"wp","href":"https:\/\/api.w.org\/{rel}","templated":true}]}}