{"id":32931,"date":"1995-01-01T00:00:00","date_gmt":"1994-12-31T23:00:00","guid":{"rendered":"http:\/\/www.grappa.no\/no\/albums\/ukategorisert\/sanger-vi-tro-vi-husker\/"},"modified":"2017-03-14T12:18:02","modified_gmt":"2017-03-14T11:18:02","slug":"sanger-vi-tro-vi-husker","status":"publish","type":"product","link":"https:\/\/grappa.no\/no\/albums\/grappa\/sanger-vi-tro-vi-husker\/","title":{"rendered":"Sanger vi tro vi husker"},"content":{"rendered":"<p><\/p>\n<p>Musikalske &#8216;highlights&#8217; fra en mange\u00e5rig scenekarriere<\/p>\n<p>I 1989 gikk skurken Randi (Kine Hellebust), Frida Frosk (Liv Aakvik) og Ragna Rekkverk (Anne Nyutstymo) fra Tramteateret sammen om \u00e5 danne selskapet A\/S Dameteater &amp; S\u00f8n. Med &#8216;s\u00f8nnene&#8217; Anders Rogg og B\u00e5rd Skift som fast musikalsk p\u00e5heng. <\/p>\n<p>Tramteateret lagde revyforestillinger, tv-serier, spilte inn plater og dro p\u00e5 turn\u00e9er fra 1976 til 1986. Tramteateret er kanskje for de fleste best kjent for tv-seriene om Pelle Parafins B\u00f8ljeband. I 1984, mens medlemmene enn\u00e5 var med i &#8216;Tramteatret&#8217;, oppstod &#8216;A\/S Dameteater &amp; S\u00f8n&#8217; for f\u00f8rste gang . Sammen satte de opp kabareten &#8216;To tette og ei badehette&#8217; p\u00e5 Vertshusteateret p\u00e5 Torshov som ble en knallsuksess. I 1989 opptr\u00e5dte de med kriminalkomedien &#8216;\u00c5h Gunnar&#8217;, i 1991 med komedien &#8216;Kitsch&#8217;, i 1992 med komitagedien &#8216;Halte helter, arme riddere&#8217;, i 1993 med dommedagskomedien &#8216;God dag p\u00e5 min rygg&#8217; og i 1995 med den eksistensielle komedien &#8216;Havet, d\u00f8den og fettsugingen&#8217;.<\/p>\n<p>&#8216;Sanger vi tror vi husker&#8217; ble gitt ut i 1995, og er damenes f\u00f8rste utgivelse p\u00e5 CD. Platen ble spilt inn p\u00e5 damenes stamrestaurant Rebekka West i Oslo 12. og 13. juni 1995, og er en samling &#8216;highlights&#8217; fra deres mange\u00e5rige scenekarriere. Her finner du damteaterets mest kjente l\u00e5ter som &#8216;Sj\u00f8mannskoret&#8217;, &#8216;Sluttsang kitsch&#8217;, &#8216;Monicas boligblues&#8217;, &#8216;Du er min flamme&#8217;, &#8216;Halte helter, arme riddere&#8217; og &#8216;To tette og ei badehette&#8217;.<\/p>\n<p><!--more--><\/p>\n<h4><\/h4>\n<\/p>\n<h4><\/h4>\n<p><h4><\/h4>\n<\/p>\n<p><\/p>","protected":false},"excerpt":{"rendered":"<p>&#8216;Sanger vi tror vi husker&#8217; ble spilt inn p\u00e5 damenes stamrestaurant Rebekka West i Oslo 12. og 13. juni 1995, og er en samling &#8216;highlights&#8217; fra deres mange\u00e5rige scenekarriere.<\/p>\n","protected":false},"featured_media":32932,"comment_status":"closed","ping_status":"open","template":"","meta":[],"product_brand":[],"product_cat":[6],"product_tag":[],"class_list":{"0":"post-32931","1":"product","2":"type-product","3":"status-publish","4":"has-post-thumbnail","6":"product_cat-grappa","7":"product_shipping_class-cddvd-shipping","8":"uni_artist_tag-anders-rogg","9":"uni_artist_tag-anne-nyutstumo","10":"uni_artist_tag-bard-skift","11":"uni_artist_tag-kare-nybakk","12":"uni_artist_tag-kine-hellebust","13":"uni_artist_tag-liv-aakvik","14":"uni_artist_tag-trad","15":"uni_artist_genre-humor","16":"uni_artist_genre-musical-theatre","17":"uni_artist_genre-norwegian-lyrics","18":"uni_artist_genre-pop","20":"first","21":"instock","22":"taxable","23":"shipping-taxable","24":"purchasable","25":"product-type-simple"},"_links":{"self":[{"href":"https:\/\/grappa.no\/no\/wp-json\/wp\/v2\/product\/32931","targetHints":{"allow":["GET"]}}],"collection":[{"href":"https:\/\/grappa.no\/no\/wp-json\/wp\/v2\/product"}],"about":[{"href":"https:\/\/grappa.no\/no\/wp-json\/wp\/v2\/types\/product"}],"replies":[{"embeddable":true,"href":"https:\/\/grappa.no\/no\/wp-json\/wp\/v2\/comments?post=32931"}],"wp:featuredmedia":[{"embeddable":true,"href":"https:\/\/grappa.no\/no\/wp-json\/wp\/v2\/media\/32932"}],"wp:attachment":[{"href":"https:\/\/grappa.no\/no\/wp-json\/wp\/v2\/media?parent=32931"}],"wp:term":[{"taxonomy":"product_brand","embeddable":true,"href":"https:\/\/grappa.no\/no\/wp-json\/wp\/v2\/product_brand?post=32931"},{"taxonomy":"product_cat","embeddable":true,"href":"https:\/\/grappa.no\/no\/wp-json\/wp\/v2\/product_cat?post=32931"},{"taxonomy":"product_tag","embeddable":true,"href":"https:\/\/grappa.no\/no\/wp-json\/wp\/v2\/product_tag?post=32931"}],"curies":[{"name":"wp","href":"https:\/\/api.w.org\/{rel}","templated":true}]}}