{"id":32929,"date":"2014-10-24T00:00:00","date_gmt":"2014-10-23T23:00:00","guid":{"rendered":"http:\/\/www.grappa.no\/no\/albums\/ukategorisert\/fredrik-william-olsen-til-stede-lp\/"},"modified":"2025-01-27T11:57:03","modified_gmt":"2025-01-27T10:57:03","slug":"fredrik-william-olsen-til-stede-lp","status":"publish","type":"product","link":"https:\/\/grappa.no\/no\/albums\/grappa\/fredrik-william-olsen-til-stede-lp\/","title":{"rendered":"Fredrik William Olsen: Til stede LP."},"content":{"rendered":"<p><\/p>\n<p>Rensk\u00e5ret og modig solo-oppf\u00f8lger<\/p>\n<p>Gitarist og vokalist Fredrik William Olsen fra Bod\u00f8 har p\u00e5 sine tre album med det Spellemann-vinnende bandet Kr\u00e5kes\u00f8lv markert seg som en s\u00e6regen l\u00e5tskriver og tekstforfatter.<\/p>\n<p>Kr\u00e5kes\u00f8lvs kritikerroste selvtitulerte album fra tidligere i \u00e5r ble beskrevet som deres mest kontante, elektriske og rocka utgivelse s\u00e5 langt. I soloprosjektet g\u00e5r Fredrik derimot i helt motsatt retning. Han debuterte med \u00abHver gang \u00e6 gr\u00e6v\u00bb til sv\u00e6rt gode kritikker i 2012. N\u00e5 kommer oppf\u00f8lgeren \u00abTil stede\u00bb der han destillerer og stripper ned uttrykket ytterligere og fremst\u00e5r som modigere, og med et enda mer rensk\u00e5ret uttrykk enn p\u00e5 debuten.<\/p>\n<p>Fredriks tekster trekkes frem i de fleste anmeldelser og har ogs\u00e5 tidligere skaffet ham en Spellemannnominasjon. Varemerket hans som tekstforfatter har v\u00e6rt \u00e5 dyrke det melankolske og litt mystiske p\u00e5 en original og spr\u00e5ksikker m\u00e5te. \u00abJeg har jobbet mye med \u00e5 gj\u00f8re tekstene mindre kryptiske p\u00e5 dette albumet.\u00bb sier Fredrik. \u00abDe siste par \u00e5rene har jeg blitt mer opptatt av \u00e5 skrive tydeligere.\u00bb<\/p>\n<p>Ogs\u00e5 arrangementene er tydeligere og sk\u00e5ret mer til beinet denne gangen, og utenom Fredriks n\u00e6re tekstformidling og gitarspill er det bare akustiske instrumenter p\u00e5 albumet: kontrabass, piano, trommer og strykere.<\/p>\n<p>Bak strykearrangementene st\u00e5r Kr\u00e5kes\u00f8lv-kamerat Petter Waldemar Nohr Unstad, Cold Mailman frontmann Ivar Bowitz og den allestedsn\u00e6rv\u00e6rende fiolinisten og samtidskomponisten Ole-Henrik Moe jr.<\/p>\n<p>\u00abTil stede\u00bb er innspilt i Store Studio i Bod\u00f8 sammen med tekniker og co-produsent Hallstein Sandvin. Strykearrangementene har blitt spilt inn i Malabar Studio i Oslo.<\/p>\n<p>Albumet kommer b\u00e5de som CD og som LP i begrenset opplag i gatefold cover med CD inkludert. Kunstner Bernt Richardss\u00f8nn Dyrstad st\u00e5r bak den lekre grafikken p\u00e5 utgivelsen.<\/p>\n<p><!--more--><\/p>\n<h4><\/h4>\n<h4><\/h4>\n<h4><\/h4>\n<p><\/p>","protected":false},"excerpt":{"rendered":"<p>P\u00e5 sitt andre soloalbum \u00abTil stede\u00bb destillerer Fredrik William Olsen (Kr\u00e5kes\u00f8lv) uttrykket ytterligere og fremst\u00e5r som modigere, og med et enda mer rensk\u00e5ret uttrykk enn p\u00e5 debuten.<\/p>\n","protected":false},"featured_media":32930,"comment_status":"closed","ping_status":"closed","template":"","meta":[],"product_brand":[],"product_cat":[6],"product_tag":[],"class_list":{"0":"post-32929","1":"product","2":"type-product","3":"status-publish","4":"has-post-thumbnail","6":"product_cat-grappa","7":"product_shipping_class-vinyl-shipping","8":"uni_artist_tag-fredrik-william-olsen","9":"uni_main_artist_tag-fredrik-william-olsen","10":"uni_artist_genre-norwegian","11":"uni_artist_genre-singersongwriter","13":"first","14":"outofstock","15":"taxable","16":"shipping-taxable","17":"purchasable","18":"product-type-simple"},"_links":{"self":[{"href":"https:\/\/grappa.no\/no\/wp-json\/wp\/v2\/product\/32929","targetHints":{"allow":["GET"]}}],"collection":[{"href":"https:\/\/grappa.no\/no\/wp-json\/wp\/v2\/product"}],"about":[{"href":"https:\/\/grappa.no\/no\/wp-json\/wp\/v2\/types\/product"}],"replies":[{"embeddable":true,"href":"https:\/\/grappa.no\/no\/wp-json\/wp\/v2\/comments?post=32929"}],"wp:featuredmedia":[{"embeddable":true,"href":"https:\/\/grappa.no\/no\/wp-json\/wp\/v2\/media\/32930"}],"wp:attachment":[{"href":"https:\/\/grappa.no\/no\/wp-json\/wp\/v2\/media?parent=32929"}],"wp:term":[{"taxonomy":"product_brand","embeddable":true,"href":"https:\/\/grappa.no\/no\/wp-json\/wp\/v2\/product_brand?post=32929"},{"taxonomy":"product_cat","embeddable":true,"href":"https:\/\/grappa.no\/no\/wp-json\/wp\/v2\/product_cat?post=32929"},{"taxonomy":"product_tag","embeddable":true,"href":"https:\/\/grappa.no\/no\/wp-json\/wp\/v2\/product_tag?post=32929"}],"curies":[{"name":"wp","href":"https:\/\/api.w.org\/{rel}","templated":true}]}}