{"id":32917,"date":"1994-02-01T00:00:00","date_gmt":"1994-01-31T23:00:00","guid":{"rendered":"http:\/\/www.grappa.no\/no\/albums\/ukategorisert\/fanitullen-1-2\/"},"modified":"2017-02-14T13:32:19","modified_gmt":"2017-02-14T12:32:19","slug":"fanitullen-1-2","status":"publish","type":"product","link":"https:\/\/grappa.no\/no\/albums\/grappa\/fanitullen-1-2\/","title":{"rendered":"Fanitullen 1-2"},"content":{"rendered":"<p><\/p>\n<p>Fanitullen 1-2- innf\u00f8ring i en norsk tradisjon<\/p>\n<p>CD-utgivelsen &#8216;Fanitullen 1-2&#8217; er et klingende supplement til boka &quot;Fanitullen&quot; som ble gitt ut i 1993. Boka er en innf\u00f8ring i norsk og samisk folkemusikk, som im\u00f8tekommer behovet for faglitteratur i folkemusikk innen h\u00f8yere musikkutdanning. B\u00e5de boka og Cden er likevel av en s\u00e5nn karakter at ogs\u00e5 den vanlige folkemusikkinteresserte leser\/lytter vil kunne finne det verdifullt. CDen vil ogs\u00e5 alene kunne v\u00e6re en veiviser inn i den norske folkemusikkens verden, med interessante innspillinger av tradisjonelle melodier, fremf\u00f8rt p\u00e5 tradisjonelle og av og til allment ukjente instrumenter.<\/p>\n<p><!--more--><\/p>\n<h4><\/h4>\n<\/p>\n<h4><\/h4>\n<p><h4><\/h4>\n<\/p>\n<p><\/p>","protected":false},"excerpt":{"rendered":"<p>&#8216;Fanitullen 1-2&#8217; er en veiviser inn i den norske folkemusikkens verden, med interessante innspillinger av tradisjonelle melodier, fremf\u00f8rt p\u00e5 tradisjonelle og av og til allment ukjente instrumenter.<\/p>\n","protected":false},"featured_media":32918,"comment_status":"closed","ping_status":"open","template":"","meta":[],"product_brand":[],"product_cat":[6],"product_tag":[],"class_list":{"0":"post-32917","1":"product","2":"type-product","3":"status-publish","4":"has-post-thumbnail","6":"product_cat-grappa","7":"product_shipping_class-cddvd-shipping","8":"uni_artist_tag-leiv-solberg","9":"uni_artist_tag-sigbjorn-bernhoft-osa","10":"uni_artist_tag-susanne-lundeng","11":"uni_artist_tag-tone-hulbaekmo","12":"uni_artist_tag-trad","13":"uni_artist_genre-folk-music","15":"first","16":"instock","17":"taxable","18":"shipping-taxable","19":"purchasable","20":"product-type-simple"},"_links":{"self":[{"href":"https:\/\/grappa.no\/no\/wp-json\/wp\/v2\/product\/32917","targetHints":{"allow":["GET"]}}],"collection":[{"href":"https:\/\/grappa.no\/no\/wp-json\/wp\/v2\/product"}],"about":[{"href":"https:\/\/grappa.no\/no\/wp-json\/wp\/v2\/types\/product"}],"replies":[{"embeddable":true,"href":"https:\/\/grappa.no\/no\/wp-json\/wp\/v2\/comments?post=32917"}],"wp:featuredmedia":[{"embeddable":true,"href":"https:\/\/grappa.no\/no\/wp-json\/wp\/v2\/media\/32918"}],"wp:attachment":[{"href":"https:\/\/grappa.no\/no\/wp-json\/wp\/v2\/media?parent=32917"}],"wp:term":[{"taxonomy":"product_brand","embeddable":true,"href":"https:\/\/grappa.no\/no\/wp-json\/wp\/v2\/product_brand?post=32917"},{"taxonomy":"product_cat","embeddable":true,"href":"https:\/\/grappa.no\/no\/wp-json\/wp\/v2\/product_cat?post=32917"},{"taxonomy":"product_tag","embeddable":true,"href":"https:\/\/grappa.no\/no\/wp-json\/wp\/v2\/product_tag?post=32917"}],"curies":[{"name":"wp","href":"https:\/\/api.w.org\/{rel}","templated":true}]}}