{"id":32899,"date":"1997-10-10T00:00:00","date_gmt":"1997-10-09T23:00:00","guid":{"rendered":"http:\/\/www.grappa.no\/no\/albums\/ukategorisert\/tjuvgods\/"},"modified":"2017-02-14T11:32:05","modified_gmt":"2017-02-14T10:32:05","slug":"tjuvgods","status":"publish","type":"product","link":"https:\/\/grappa.no\/no\/albums\/grappa\/tjuvgods\/","title":{"rendered":"Tjuvgods"},"content":{"rendered":"<p><\/p>\n<p>Chateau Neuf Spelemannslag &#8211; Tjuvgods<\/p>\n<p>Chateau Neuf Spelemannslag var musikkstudenter ved Universitetet i Oslo som ble frelst av folkemusikk tidleg p\u00e5 90-tallet, etter \u00e5 ha h\u00f8rt spellemenn som Hans W. Brimi og Lars Skjervheim p\u00e5 kurs p\u00e5 Ole Bull Akademiet. De startet dermed sitt eget folkemusikkstorband  \u2014 et spellemannslag med &#8216;En litt uvanlig besetning&#8217;; deriblant saksofoner, klarinetter, obo, el.gitar, bass, trommer og vokal, og diverse andre instrumenter. Gjennom nesten 15 \u00e5r arbeidet de med, arrangerte, spilte inn og framf\u00f8rte folketoner av ut\u00f8vere som H\u00e5kon Asheim, Vidar Lande, Hanne Kjersti Yndestad, Tellef Kvifte, Arild Plassen, Eli Storbekken, Frode Nyvold, Jan Wesenberg og Roger Tallroth. Chateau Neuf Spelemannslag tiltrakk seg mye oppmerksomhet. De har spilt inn plater, turnert og spilt konserter p\u00e5 klubber og festivaler, hvor de fikk gode anmeldeler og store avisoppslag. B\u00e5de bandet og utgivelsene skapte diskusjon i folkemusikkmilj\u00f8et og banet vei for andre til \u00e5 pr\u00f8ve nye samspillsformer.<\/p>\n<p><!--more--><\/p>\n<h4><\/h4>\n<\/p>\n<h4><\/h4>\n<p><h4><\/h4>\n<\/p>\n<p><\/p>","protected":false},"excerpt":{"rendered":"<p>Chateau Neuf Spelemannslag skapte diskusjon i folkemusikkmilj\u00f8et og banet vei for andre til \u00e5 pr\u00f8ve nye samspillsformer.<\/p>\n","protected":false},"featured_media":32900,"comment_status":"closed","ping_status":"open","template":"","meta":[],"product_brand":[],"product_cat":[6],"product_tag":[],"class_list":{"0":"post-32899","1":"product","2":"type-product","3":"status-publish","4":"has-post-thumbnail","6":"product_cat-grappa","7":"product_shipping_class-cddvd-shipping","8":"uni_artist_tag-asmund-reistad","9":"uni_artist_tag-carl-petter-opsahl","10":"uni_artist_tag-eivind-sognnaes","11":"uni_artist_tag-eline-monrad-vistven","12":"uni_artist_tag-elisabeth-vatn","13":"uni_artist_tag-gine-heien","14":"uni_artist_tag-hans-hinrich-thedens","15":"uni_artist_tag-ingar-zach","16":"uni_artist_tag-ingrid-forthun","17":"uni_artist_tag-line-nilsen","18":"uni_artist_tag-linn-korssjoen","19":"uni_artist_tag-mikael-nyberg","20":"uni_artist_tag-ragnhild-krogvig-karlsen","21":"uni_artist_tag-ragnhild-mo","22":"uni_artist_tag-randi-e-rosendahl","23":"uni_artist_tag-roger-valstad","24":"uni_artist_tag-ronny-ytrehus","25":"uni_artist_tag-siri-kathrine-rude","26":"uni_artist_tag-tellef-kvifte","27":"uni_artist_genre-big-band","28":"uni_artist_genre-folk-music","29":"uni_artist_genre-norwegian-lyrics","31":"first","32":"outofstock","33":"taxable","34":"shipping-taxable","35":"purchasable","36":"product-type-simple"},"_links":{"self":[{"href":"https:\/\/grappa.no\/no\/wp-json\/wp\/v2\/product\/32899","targetHints":{"allow":["GET"]}}],"collection":[{"href":"https:\/\/grappa.no\/no\/wp-json\/wp\/v2\/product"}],"about":[{"href":"https:\/\/grappa.no\/no\/wp-json\/wp\/v2\/types\/product"}],"replies":[{"embeddable":true,"href":"https:\/\/grappa.no\/no\/wp-json\/wp\/v2\/comments?post=32899"}],"wp:featuredmedia":[{"embeddable":true,"href":"https:\/\/grappa.no\/no\/wp-json\/wp\/v2\/media\/32900"}],"wp:attachment":[{"href":"https:\/\/grappa.no\/no\/wp-json\/wp\/v2\/media?parent=32899"}],"wp:term":[{"taxonomy":"product_brand","embeddable":true,"href":"https:\/\/grappa.no\/no\/wp-json\/wp\/v2\/product_brand?post=32899"},{"taxonomy":"product_cat","embeddable":true,"href":"https:\/\/grappa.no\/no\/wp-json\/wp\/v2\/product_cat?post=32899"},{"taxonomy":"product_tag","embeddable":true,"href":"https:\/\/grappa.no\/no\/wp-json\/wp\/v2\/product_tag?post=32899"}],"curies":[{"name":"wp","href":"https:\/\/api.w.org\/{rel}","templated":true}]}}