{"id":32895,"date":"1996-11-10T00:00:00","date_gmt":"1996-11-09T23:00:00","guid":{"rendered":"http:\/\/www.grappa.no\/no\/albums\/ukategorisert\/religiose-folketonar\/"},"modified":"2020-08-21T13:58:04","modified_gmt":"2020-08-21T12:58:04","slug":"religiose-folketonar","status":"publish","type":"product","link":"https:\/\/grappa.no\/no\/albums\/grappa\/religiose-folketonar\/","title":{"rendered":"Religi\u00f8se folketonar"},"content":{"rendered":"<p><\/p>\n<p>Arve Moen Bergset- Religi\u00f8se folketonar<\/p>\n<p>Dei tre musikarane Arve Moen Bergset (kveding), K\u00e5re Nordstoga (orgel) og Geir Inge Lotsberg (fiolin) har samarbeidd i fire \u00e5r, og dette har no resultert i ei CD-utgjeving med religi\u00f8se folketonar<\/p>\n<p>Arve Moen Bergset syng religi\u00f8se folketonar akkompagnert av fiolin og orgel. I dei fleste songane kling b\u00e5de kveding, fiolin og orgel saman, i andre berre eitt instrument inntil songen, medan nokre av dei religi\u00f8se folketonane er utan tonefylgje. K\u00e5re Nordstoga har st\u00e5tt for alle arrangementa p\u00e5 plata, med unntak av eitt som er signert organist Leif B. Andresen. <\/p>\n<p>Blant dei mange tekstforfattarane finn me Petter Dass, Martin Luther, H. A. Brorson og Anders Hovden. Tonane er henta fr\u00e5 mange kjelder, &#8211; mellom andre Sondre Bratland, Ellen Bojer Nordstoga og Agnes Buen Garn\u00e5s.<\/p>\n<p>&quot;HErre GUD! Dit Dyre Navn og \u00c6re&quot;, &quot;I Himmelen&quot; og &quot;Eg veit i himmerik ei borg&quot; er nokre av dei mest kjende salmane p\u00e5 denne plata, som dessuten inneheld salmar som nok vil vera ukjende for dei fleste. <\/p>\n<p>Plata blei spela inn i Oslo donkirke hausten 1996. Akustikken og ikkje minst det nye, framifr\u00e5 kororgelet i kyrkja la tilh\u00f8va vel til rette for musikarane.<\/p>\n<p><!--more--><\/p>\n<h4><\/h4>\n<\/p>\n<h4><\/h4>\n<p><h4><\/h4>\n<\/p>\n<p><\/p>","protected":false},"excerpt":{"rendered":"<p>Arve Moen Bergset syng religi\u00f8se folketonar akkompagnert av fiolin og orgel. I dei fleste songane kling b\u00e5de kveding, fiolin og orgel saman, i andre berre eitt instrument inntil songen, medan nokre av dei religi\u00f8se folketonane er utan tonefylgje.<\/p>\n","protected":false},"featured_media":32898,"comment_status":"closed","ping_status":"open","template":"","meta":[],"product_brand":[],"product_cat":[6],"product_tag":[],"class_list":{"0":"post-32895","1":"product","2":"type-product","3":"status-publish","4":"has-post-thumbnail","6":"product_cat-grappa","7":"product_shipping_class-cddvd-shipping","8":"uni_artist_tag-arve-moen-bergset","9":"uni_artist_tag-geir-inge-lotsberg","10":"uni_artist_tag-kare-nordstoga","11":"uni_main_artist_tag-arve-moen-bergset","12":"uni_artist_genre-church-music","13":"uni_artist_genre-classical","14":"uni_artist_genre-folk-music","15":"uni_artist_genre-norwegian-lyrics","16":"uni_artist_genre-organ","17":"uni_artist_genre-religious","18":"uni_artist_genre-traditional","20":"first","21":"instock","22":"featured","23":"taxable","24":"shipping-taxable","25":"purchasable","26":"product-type-simple"},"_links":{"self":[{"href":"https:\/\/grappa.no\/no\/wp-json\/wp\/v2\/product\/32895","targetHints":{"allow":["GET"]}}],"collection":[{"href":"https:\/\/grappa.no\/no\/wp-json\/wp\/v2\/product"}],"about":[{"href":"https:\/\/grappa.no\/no\/wp-json\/wp\/v2\/types\/product"}],"replies":[{"embeddable":true,"href":"https:\/\/grappa.no\/no\/wp-json\/wp\/v2\/comments?post=32895"}],"wp:featuredmedia":[{"embeddable":true,"href":"https:\/\/grappa.no\/no\/wp-json\/wp\/v2\/media\/32898"}],"wp:attachment":[{"href":"https:\/\/grappa.no\/no\/wp-json\/wp\/v2\/media?parent=32895"}],"wp:term":[{"taxonomy":"product_brand","embeddable":true,"href":"https:\/\/grappa.no\/no\/wp-json\/wp\/v2\/product_brand?post=32895"},{"taxonomy":"product_cat","embeddable":true,"href":"https:\/\/grappa.no\/no\/wp-json\/wp\/v2\/product_cat?post=32895"},{"taxonomy":"product_tag","embeddable":true,"href":"https:\/\/grappa.no\/no\/wp-json\/wp\/v2\/product_tag?post=32895"}],"curies":[{"name":"wp","href":"https:\/\/api.w.org\/{rel}","templated":true}]}}