{"id":32893,"date":"1997-04-07T00:00:00","date_gmt":"1997-04-06T23:00:00","guid":{"rendered":"http:\/\/www.grappa.no\/no\/albums\/ukategorisert\/ketil-bjornstad-reisetid\/"},"modified":"2017-02-17T14:18:02","modified_gmt":"2017-02-17T13:18:02","slug":"ketil-bjornstad-reisetid","status":"publish","type":"product","link":"https:\/\/grappa.no\/no\/albums\/grappa\/ketil-bjornstad-reisetid\/","title":{"rendered":"KETIL BJ\u00d8RNSTAD: REISETID"},"content":{"rendered":"<p><\/p>\n<p>Selv om vi ikke beveger en finger er det &#8216;Reisetid&#8217;<\/p>\n<p>Den klassisk skolerte jazzpianisten, komponisten og forfatteren Ketil Bj\u00f8rnstad er et kjent navn b\u00e5de i Norge og Europa. Hans st\u00f8dige og atmosf\u00e6riske komposisjons- og improvisasjonsstil har manifestert seg i mange kritikerroste plateutgivelser og konserter, og er en formende skikkelse i utviklingen av estetikken vi i dag forbinder med europeisk jazz. <\/p>\n<p>P\u00e5 platen &#8216;Reisetid&#8217; tonesetter Bj\u00f8rnstad poetiske tekster av diktere som Rolf Jacobsen, Kolbein Falkeid, Harald Sverdrup m. fl. Disse tekstene blir vekselvis sunget av Elbj\u00f8rg Raknes og Kjetil Saunes, eller lest av Petronella Barker og Henrik Mestad.<\/p>\n<p><!--more--><\/p>\n<h4><\/h4>\n<\/p>\n<h4><\/h4>\n<p><h4><\/h4>\n<\/p>\n<p><\/p>","protected":false},"excerpt":{"rendered":"<p>Ketil Bj\u00f8rnstad er en formende skikkelse i utviklingen av estetikken vi i dag forbinder med europeisk jazz.<\/p>\n","protected":false},"featured_media":32896,"comment_status":"closed","ping_status":"open","template":"","meta":[],"product_brand":[],"product_cat":[6],"product_tag":[],"class_list":{"0":"post-32893","1":"product","2":"type-product","3":"status-publish","4":"has-post-thumbnail","6":"product_cat-grappa","7":"product_shipping_class-cddvd-shipping","8":"uni_artist_tag-alfred-janson","9":"uni_artist_tag-annbjorg-lien","10":"uni_artist_tag-eivind-aarset","11":"uni_artist_tag-elbjorg-raknes","12":"uni_artist_tag-henrik-mestad","13":"uni_artist_tag-ketil-bjornstad","14":"uni_artist_tag-kjetil-saunes","15":"uni_artist_tag-petronella-barker","16":"uni_artist_tag-rune-arnesen","17":"uni_main_artist_tag-ketil-bjornstad","18":"uni_artist_genre-classical","19":"uni_artist_genre-jazz","20":"uni_artist_genre-lyric-poetry","21":"uni_artist_genre-norwegian-lyrics","23":"first","24":"instock","25":"taxable","26":"shipping-taxable","27":"purchasable","28":"product-type-simple"},"_links":{"self":[{"href":"https:\/\/grappa.no\/no\/wp-json\/wp\/v2\/product\/32893","targetHints":{"allow":["GET"]}}],"collection":[{"href":"https:\/\/grappa.no\/no\/wp-json\/wp\/v2\/product"}],"about":[{"href":"https:\/\/grappa.no\/no\/wp-json\/wp\/v2\/types\/product"}],"replies":[{"embeddable":true,"href":"https:\/\/grappa.no\/no\/wp-json\/wp\/v2\/comments?post=32893"}],"wp:featuredmedia":[{"embeddable":true,"href":"https:\/\/grappa.no\/no\/wp-json\/wp\/v2\/media\/32896"}],"wp:attachment":[{"href":"https:\/\/grappa.no\/no\/wp-json\/wp\/v2\/media?parent=32893"}],"wp:term":[{"taxonomy":"product_brand","embeddable":true,"href":"https:\/\/grappa.no\/no\/wp-json\/wp\/v2\/product_brand?post=32893"},{"taxonomy":"product_cat","embeddable":true,"href":"https:\/\/grappa.no\/no\/wp-json\/wp\/v2\/product_cat?post=32893"},{"taxonomy":"product_tag","embeddable":true,"href":"https:\/\/grappa.no\/no\/wp-json\/wp\/v2\/product_tag?post=32893"}],"curies":[{"name":"wp","href":"https:\/\/api.w.org\/{rel}","templated":true}]}}