{"id":32891,"date":"1998-03-09T00:00:00","date_gmt":"1998-03-08T23:00:00","guid":{"rendered":"http:\/\/www.grappa.no\/no\/albums\/ukategorisert\/uber-alles\/"},"modified":"2017-02-13T08:48:15","modified_gmt":"2017-02-13T07:48:15","slug":"uber-alles","status":"publish","type":"product","link":"https:\/\/grappa.no\/no\/albums\/grappa\/uber-alles\/","title":{"rendered":"\u00dcBER ALLES"},"content":{"rendered":"<p><\/p>\n<p>Sentral tysk-norsk kulturutveksling<\/p>\n<p>Debutplata til den \u00f8sttyske morobanden DDR inneholder intet mindre enn 12 DDE-l\u00e5ter ikledd nye rockete kl\u00e6r og tysk spr\u00e5kdrakt. Hits som &quot;Mein Arsch&quot;, &quot;Hier Wird es Leben, Rai-Rai!&quot; og &quot;E6&quot; gj\u00f8r et uunv\u00e6rlig bidrag til den tysk-norske kulturutvekslingen.<\/p>\n<p><!--more--><\/p>\n<h4><\/h4>\n<\/p>\n<h4><\/h4>\n<p><h4><\/h4>\n<\/p>\n<p><\/p>","protected":false},"excerpt":{"rendered":"<p>Hits som &quot;Mein Arsch&quot;, &quot;Hier Wird es Leben, Rai-Rai!&quot; og &quot;E6&quot; gj\u00f8r et uunv\u00e6rlig bidrag til den tysk-norske kulturutvekslingen.<\/p>\n","protected":false},"featured_media":32892,"comment_status":"closed","ping_status":"open","template":"","meta":[],"product_brand":[],"product_cat":[6],"product_tag":[],"class_list":{"0":"post-32891","1":"product","2":"type-product","3":"status-publish","4":"has-post-thumbnail","6":"product_cat-grappa","7":"product_shipping_class-none","8":"uni_artist_tag-atle-antonsen","9":"uni_artist_tag-berit-boman","10":"uni_artist_tag-ddr","11":"uni_artist_tag-frode-viken","12":"uni_artist_tag-idar-lind","13":"uni_artist_tag-kristopher-schau","14":"uni_artist_tag-thomas-sorlie","15":"uni_main_artist_tag-ddr","16":"uni_artist_genre-hard-rock","17":"uni_artist_genre-humor","18":"uni_artist_genre-rock","20":"first","21":"instock","22":"taxable","23":"shipping-taxable","24":"product-type-simple"},"_links":{"self":[{"href":"https:\/\/grappa.no\/no\/wp-json\/wp\/v2\/product\/32891","targetHints":{"allow":["GET"]}}],"collection":[{"href":"https:\/\/grappa.no\/no\/wp-json\/wp\/v2\/product"}],"about":[{"href":"https:\/\/grappa.no\/no\/wp-json\/wp\/v2\/types\/product"}],"replies":[{"embeddable":true,"href":"https:\/\/grappa.no\/no\/wp-json\/wp\/v2\/comments?post=32891"}],"wp:featuredmedia":[{"embeddable":true,"href":"https:\/\/grappa.no\/no\/wp-json\/wp\/v2\/media\/32892"}],"wp:attachment":[{"href":"https:\/\/grappa.no\/no\/wp-json\/wp\/v2\/media?parent=32891"}],"wp:term":[{"taxonomy":"product_brand","embeddable":true,"href":"https:\/\/grappa.no\/no\/wp-json\/wp\/v2\/product_brand?post=32891"},{"taxonomy":"product_cat","embeddable":true,"href":"https:\/\/grappa.no\/no\/wp-json\/wp\/v2\/product_cat?post=32891"},{"taxonomy":"product_tag","embeddable":true,"href":"https:\/\/grappa.no\/no\/wp-json\/wp\/v2\/product_tag?post=32891"}],"curies":[{"name":"wp","href":"https:\/\/api.w.org\/{rel}","templated":true}]}}