{"id":32847,"date":"1995-12-31T00:00:00","date_gmt":"1995-12-30T23:00:00","guid":{"rendered":"http:\/\/www.grappa.no\/no\/albums\/ukategorisert\/folkemusikk-fra-telemark\/"},"modified":"2017-02-09T15:48:11","modified_gmt":"2017-02-09T14:48:11","slug":"folkemusikk-fra-telemark","status":"publish","type":"product","link":"https:\/\/grappa.no\/no\/albums\/grappa\/folkemusikk-fra-telemark\/","title":{"rendered":"FOLKEMUSIKK FR\u00c5 TELEMARK"},"content":{"rendered":"<p><\/p>\n<p>En essensiell samling hardingfelesl\u00e5tter og kveding fra Telemark<\/p>\n<p>Folkemusikk fra Telemark inneholder 27 spor jevnt fordelt mellom hardinfelesl\u00e5tter og kveding. Sl\u00e5ttene kan deles i to grupper: De kortere, regelmessige &quot;firsk\u00e5rne&quot; sl\u00e5ttene p\u00e5 den ene sida, og de utbygde, gjerne mer virtuose p\u00e5 den andre. Kvedingen, p\u00e5 sin side, favner om middelalderballader og bygdeviser, gammelstev og nystev, b\u00e5nnsuller, rim og regler, religi\u00f8se folketoner, \u00e5ndelige viser og melodier fra seterlivet. H\u00f8yt og lavt, sakralt og profant.<\/p>\n<p><!--more--><\/p>\n<h4><\/h4>\n<\/p>\n<h4><\/h4>\n<p><h4><\/h4>\n<\/p>\n<p><\/p>","protected":false},"excerpt":{"rendered":"<p>Folkemusikk fra Telemark inneholder 27 spor jevnt fordelt mellom hardinfelesl\u00e5tter og kveding.<\/p>\n","protected":false},"featured_media":32848,"comment_status":"closed","ping_status":"open","template":"","meta":[],"product_brand":[],"product_cat":[6],"product_tag":[],"class_list":{"0":"post-32847","1":"product","2":"type-product","3":"status-publish","4":"has-post-thumbnail","6":"product_cat-grappa","7":"product_shipping_class-cddvd-shipping","8":"uni_artist_tag-bjarne-overbo","9":"uni_artist_tag-brita-bratland","10":"uni_artist_tag-eivind-groven","11":"uni_artist_tag-johannes-dahle","12":"uni_artist_tag-leiv-solberg","13":"uni_artist_tag-trad","14":"uni_artist_genre-folk-music","15":"uni_artist_genre-traditional","17":"first","18":"instock","19":"taxable","20":"shipping-taxable","21":"purchasable","22":"product-type-simple"},"_links":{"self":[{"href":"https:\/\/grappa.no\/no\/wp-json\/wp\/v2\/product\/32847","targetHints":{"allow":["GET"]}}],"collection":[{"href":"https:\/\/grappa.no\/no\/wp-json\/wp\/v2\/product"}],"about":[{"href":"https:\/\/grappa.no\/no\/wp-json\/wp\/v2\/types\/product"}],"replies":[{"embeddable":true,"href":"https:\/\/grappa.no\/no\/wp-json\/wp\/v2\/comments?post=32847"}],"wp:featuredmedia":[{"embeddable":true,"href":"https:\/\/grappa.no\/no\/wp-json\/wp\/v2\/media\/32848"}],"wp:attachment":[{"href":"https:\/\/grappa.no\/no\/wp-json\/wp\/v2\/media?parent=32847"}],"wp:term":[{"taxonomy":"product_brand","embeddable":true,"href":"https:\/\/grappa.no\/no\/wp-json\/wp\/v2\/product_brand?post=32847"},{"taxonomy":"product_cat","embeddable":true,"href":"https:\/\/grappa.no\/no\/wp-json\/wp\/v2\/product_cat?post=32847"},{"taxonomy":"product_tag","embeddable":true,"href":"https:\/\/grappa.no\/no\/wp-json\/wp\/v2\/product_tag?post=32847"}],"curies":[{"name":"wp","href":"https:\/\/api.w.org\/{rel}","templated":true}]}}