{"id":32843,"date":"2009-10-05T00:00:00","date_gmt":"2009-10-04T23:00:00","guid":{"rendered":"http:\/\/www.grappa.no\/no\/albums\/ukategorisert\/vi-som-ser-i-morket\/"},"modified":"2017-02-14T15:48:02","modified_gmt":"2017-02-14T14:48:02","slug":"vi-som-ser-i-morket","status":"publish","type":"product","link":"https:\/\/grappa.no\/no\/albums\/grappa\/vi-som-ser-i-morket\/","title":{"rendered":"Vi som ser i m\u00f8rket"},"content":{"rendered":"<p><\/p>\n<p>Siri Nilsens CD-debut<\/p>\n<p>I 2008 vant Siri Nilsen Grappas Debutantpris, og &#8216;Vi som ser i m\u00f8rket&#8217; er hennes debutplate. Med en s\u00e6rpreget og vakker stemme fremf\u00f8rer hun egenkomponerte sanger som beveger tilh\u00f8rerne. P\u00e5 albumet har hun samlet b\u00e5de melankolske og lystige sanger p\u00e5 b\u00e5de norsk og engelsk. Siri har skrevet lenge, men det er f\u00f8rst de siste \u00e5rene hun har fremf\u00f8rt sangene . for et stadig voksende publikum.<\/p>\n<p>P\u00e5 plata har produsent Jan Martin Sm\u00f8rdal (Rockettothesky, Hanne Hukkelberg, Thom Hell) og Siri tatt sangene fra det upolerte og intuitive live-uttrykket og gitt dem et mer gjennomarbeidet og spennende lydbilde. Siri har de siste \u00e5rene gjort mange konsert og opptr\u00e5dt p\u00e5 alt fra brune barer og badebrygger til scener som Rockefeller og Nationaltheatret. Hun har ogs\u00e5 v\u00e6rt en del av bandet Blues Run the Game sammen med bl.a. Jens Carelius, Arild Hammer\u00f8, Kristian Berg og Marius Simonsen.<\/p>\n<p><!--more--><\/p>\n<h4><\/h4>\n<\/p>\n<h4><\/h4>\n<p><h4><\/h4>\n<\/p>\n<p><\/p>","protected":false},"excerpt":{"rendered":"<p>Siri Nilsen har skrevet lenge, men det er f\u00f8rst de siste \u00e5rene hun har fremf\u00f8rt sangene \u2013 for et stadig voksende publikum.<\/p>\n","protected":false},"featured_media":32846,"comment_status":"closed","ping_status":"open","template":"","meta":[],"product_brand":[],"product_cat":[6],"product_tag":[],"class_list":{"0":"post-32843","1":"product","2":"type-product","3":"status-publish","4":"has-post-thumbnail","6":"product_cat-grappa","7":"product_shipping_class-cddvd-shipping","8":"uni_artist_tag-anja-aubert-bang","9":"uni_artist_tag-audun-borrmann","10":"uni_artist_tag-david-wallumrod","11":"uni_artist_tag-egil-clausen","12":"uni_artist_tag-elisa-herbig","13":"uni_artist_tag-erik-johannessen","14":"uni_artist_tag-even-ormestad","15":"uni_artist_tag-hayden-powell","16":"uni_artist_tag-helge-nysted","17":"uni_artist_tag-jan-martin-smordal","18":"uni_artist_tag-kaja-fjellberg-pettersen","19":"uni_artist_tag-karim-sayed","20":"uni_artist_tag-mathias-eick","21":"uni_artist_tag-ola-geir-raftevold","22":"uni_artist_tag-pal-hausken","23":"uni_artist_tag-saul-gerber","24":"uni_artist_tag-siri-nilsen","25":"uni_artist_tag-therese-lucia-kjelsberg","26":"uni_main_artist_tag-siri-nilsen","27":"uni_artist_genre-debut","28":"uni_artist_genre-norwegian-lyrics","29":"uni_artist_genre-singersongwriter","30":"uni_artist_genre-young-norwegian","32":"first","33":"instock","34":"taxable","35":"shipping-taxable","36":"purchasable","37":"product-type-simple"},"_links":{"self":[{"href":"https:\/\/grappa.no\/no\/wp-json\/wp\/v2\/product\/32843","targetHints":{"allow":["GET"]}}],"collection":[{"href":"https:\/\/grappa.no\/no\/wp-json\/wp\/v2\/product"}],"about":[{"href":"https:\/\/grappa.no\/no\/wp-json\/wp\/v2\/types\/product"}],"replies":[{"embeddable":true,"href":"https:\/\/grappa.no\/no\/wp-json\/wp\/v2\/comments?post=32843"}],"wp:featuredmedia":[{"embeddable":true,"href":"https:\/\/grappa.no\/no\/wp-json\/wp\/v2\/media\/32846"}],"wp:attachment":[{"href":"https:\/\/grappa.no\/no\/wp-json\/wp\/v2\/media?parent=32843"}],"wp:term":[{"taxonomy":"product_brand","embeddable":true,"href":"https:\/\/grappa.no\/no\/wp-json\/wp\/v2\/product_brand?post=32843"},{"taxonomy":"product_cat","embeddable":true,"href":"https:\/\/grappa.no\/no\/wp-json\/wp\/v2\/product_cat?post=32843"},{"taxonomy":"product_tag","embeddable":true,"href":"https:\/\/grappa.no\/no\/wp-json\/wp\/v2\/product_tag?post=32843"}],"curies":[{"name":"wp","href":"https:\/\/api.w.org\/{rel}","templated":true}]}}