{"id":32842,"date":"1976-04-24T00:00:00","date_gmt":"1976-04-23T23:00:00","guid":{"rendered":"http:\/\/www.grappa.no\/no\/albums\/ukategorisert\/hei-fara\/"},"modified":"2017-02-10T14:02:02","modified_gmt":"2017-02-10T13:02:02","slug":"hei-fara","status":"publish","type":"product","link":"https:\/\/grappa.no\/no\/albums\/grappa\/hei-fara\/","title":{"rendered":"HEI &#8211; FARA"},"content":{"rendered":"<p><\/p>\n<p>Folkemusikk i Oslo?<\/p>\n<p>Lillebj\u00f8rn om plata: &#8216;Musikken p\u00e5 denne plata kan ikke knyttes til noen enkel norsk bygdetradisjon. Heller ikke ut\u00f8veren. Jeg har hatt min oppvekst i Oslo, som i likhet med de fleste europeiske storbyer for det meste best\u00e5r av asfalt, industri og h\u00f8ye hus. Her finnes ingen fjell som det bor troll i. Fossegrimen pakket fela og forsvant fra Akerselva lenge f\u00f8r vannet ble forurenset som det er n\u00e5. Og huldrefolket er for lengst skremt vekk av tunnelbane og tungtrafikk.<\/p>\n<p>Men rundt i de h\u00f8ye husene bor det mennesker. Og hvilke mennesker! I den g\u00e5rden jeg vokste opp i fantes det i hvertfall en som spilte hardingfele. Det var ogs\u00e5 en svensk gutt p\u00e5 min alder som spilte valser p\u00e5 trekkspill. Og den gamle damen som passet p\u00e5 meg mens mor var p\u00e5 arbeid, snakket underlig og fremmed -\u2013 og sang de mjukeste vogeviser jeg har h\u00f8rt. N\u00e5 vet jeg at hun kom fra J\u00e6ren. Far spilte fele og l\u00e6rte meg \u00e5 stemme den slik at de \u00e5pne strengene kunne klinge med som akkompoagnement til melodien. Da jeg ble eldre traff jeg en amerikansk gutt som viste meg hvordan det samme kunne gj\u00f8res p\u00e5 gitaren.<\/p>\n<p>Menneskene i en hovedstad komme alle steder fra. Noen spisser torsk til jul, andre spiser svinesteik \u2014 alt etter hvor i landet de kommer fra.  Og noen kommer langveis fra og feirer ikke jula. S\u00e5 lenge jeg kan huske har jeg elsket folkevisene. For et barn i en stor by var de alt fra eventybok til eim av mose og skog. Vi trenger dem&#8217;<\/p>\n<p><!--more--><\/p>\n<h4><\/h4>\n<\/p>\n<h4><\/h4>\n<p><h4><\/h4>\n<\/p>\n<p><\/p>","protected":false},"excerpt":{"rendered":"<p>S\u00e5 lenge jeg kan huske har jeg elsket folkevisene. For et barn i en stor by var de alt fra eventybok til eim av mose og skog. Vi trenger dem \u2013 Lillebj\u00f8rn.<\/p>\n","protected":false},"featured_media":32845,"comment_status":"closed","ping_status":"open","template":"","meta":[],"product_brand":[],"product_cat":[6],"product_tag":[],"class_list":{"0":"post-32842","1":"product","2":"type-product","3":"status-publish","4":"has-post-thumbnail","6":"product_cat-grappa","7":"product_shipping_class-cddvd-shipping","8":"uni_artist_tag-anders-grothe","9":"uni_artist_tag-kari-svendsen","10":"uni_artist_tag-lillebjorn-nilsen","11":"uni_artist_tag-sigmund-groven","12":"uni_artist_tag-steinar-ofsdal","13":"uni_artist_tag-trad","14":"uni_main_artist_tag-lillebjorn-nilsen","15":"uni_artist_genre-folk-music","16":"uni_artist_genre-norwegian-lyrics","17":"uni_artist_genre-singersongwriter","19":"first","20":"outofstock","21":"taxable","22":"shipping-taxable","23":"product-type-simple"},"_links":{"self":[{"href":"https:\/\/grappa.no\/no\/wp-json\/wp\/v2\/product\/32842","targetHints":{"allow":["GET"]}}],"collection":[{"href":"https:\/\/grappa.no\/no\/wp-json\/wp\/v2\/product"}],"about":[{"href":"https:\/\/grappa.no\/no\/wp-json\/wp\/v2\/types\/product"}],"replies":[{"embeddable":true,"href":"https:\/\/grappa.no\/no\/wp-json\/wp\/v2\/comments?post=32842"}],"wp:featuredmedia":[{"embeddable":true,"href":"https:\/\/grappa.no\/no\/wp-json\/wp\/v2\/media\/32845"}],"wp:attachment":[{"href":"https:\/\/grappa.no\/no\/wp-json\/wp\/v2\/media?parent=32842"}],"wp:term":[{"taxonomy":"product_brand","embeddable":true,"href":"https:\/\/grappa.no\/no\/wp-json\/wp\/v2\/product_brand?post=32842"},{"taxonomy":"product_cat","embeddable":true,"href":"https:\/\/grappa.no\/no\/wp-json\/wp\/v2\/product_cat?post=32842"},{"taxonomy":"product_tag","embeddable":true,"href":"https:\/\/grappa.no\/no\/wp-json\/wp\/v2\/product_tag?post=32842"}],"curies":[{"name":"wp","href":"https:\/\/api.w.org\/{rel}","templated":true}]}}