{"id":32823,"date":"2006-04-24T00:00:00","date_gmt":"2006-04-23T23:00:00","guid":{"rendered":"http:\/\/www.grappa.no\/no\/albums\/ukategorisert\/live-at-sioux-falls\/"},"modified":"2017-02-09T10:02:02","modified_gmt":"2017-02-09T09:02:02","slug":"live-at-sioux-falls","status":"publish","type":"product","link":"https:\/\/grappa.no\/no\/albums\/grappa\/live-at-sioux-falls\/","title":{"rendered":"LIVE AT SIOUX FALLS"},"content":{"rendered":"<p><\/p>\n<p>Lillebj\u00f8rn og Steinar<\/p>\n<p>Lillebj\u00f8rn Nilsen og Steinar Ofsdal, to begavede musikere fra Oslo, begynte deres musikalske bekjentskap p\u00e5 ungdomsskolen p\u00e5 sent 60-tallet. I de siste \u00e5rene har de tolket norsk folkemusikk sammen, og gjennom dette har de rukket \u00e5 bli en hovedattraktsjon p\u00e5 festivaler rundt om i vesteuropa. Dette utgivelsen er fra dere f\u00f8rste konserter i Amerika  13 og 14 juli 1979, p\u00e5 Nordland Fest og p\u00e5 campuset til Augustana College in Sioux Falls, South Dakota. Publikummet av norsk-amerikanere ga dem den samme varme mottakelsen som de lenge har bli m\u00f8tt med i Europa.<\/p>\n<p>I Norge er Lillebj\u00f8rn en ledende skikkelse i underholdningsbransjen. Han er ofte \u00e5 se p\u00e5 tv eller h\u00f8re p\u00e5 radio, og albummene han har gitt ut som soloartist har blitt enormt popul\u00e6re, flere av dem har solgt til gull. Steinar er en klassisk skolert musiker, uteksaminert fra anerkjente Carl Orff Instituttet i Salzburg. Hans multiinstrumentalistiske ferdigheter har gjort ham sv\u00e6rt ettertraktet som studio musiker. Han spiller mer enn \u00e5tte ulike instrumenter, og spesialiserer seg p\u00e5 strengeinstrumenter og ulike fl\u00f8yter. Vi er stolte av \u00e5 kunne presentere utgivelsen av den amerikanske debuten til to fremragende norske musikere. Deres vitale tolkninger av gammelt og nytt materiale gir nytt liv til en rik tradisjon.<\/p>\n<p><!--more--><\/p>\n<h4><\/h4>\n<\/p>\n<h4><\/h4>\n<p><h4><\/h4>\n<\/p>\n<p><\/p>","protected":false},"excerpt":{"rendered":"<p>Lillebj\u00f8rn Nilsen og Steinar Ofsdals vitale tolkninger av gammelt og nytt materiale gir nytt liv til en rik tradisjon.<\/p>\n","protected":false},"featured_media":32824,"comment_status":"closed","ping_status":"open","template":"","meta":[],"product_brand":[],"product_cat":[6],"product_tag":[],"class_list":{"0":"post-32823","1":"product","2":"type-product","3":"status-publish","4":"has-post-thumbnail","6":"product_cat-grappa","7":"product_shipping_class-cddvd-shipping","8":"uni_artist_tag-egil-storbekken","9":"uni_artist_tag-lillebjorn-nilsen","10":"uni_artist_tag-mike-wolsted","11":"uni_artist_tag-per-bolstad","12":"uni_artist_tag-steinar-ofsdal","13":"uni_main_artist_tag-lillebjorn-nilsen","14":"uni_artist_genre-folk-music","15":"uni_artist_genre-norwegian-lyrics","16":"uni_artist_genre-singersongwriter","18":"first","19":"outofstock","20":"taxable","21":"shipping-taxable","22":"product-type-simple"},"_links":{"self":[{"href":"https:\/\/grappa.no\/no\/wp-json\/wp\/v2\/product\/32823","targetHints":{"allow":["GET"]}}],"collection":[{"href":"https:\/\/grappa.no\/no\/wp-json\/wp\/v2\/product"}],"about":[{"href":"https:\/\/grappa.no\/no\/wp-json\/wp\/v2\/types\/product"}],"replies":[{"embeddable":true,"href":"https:\/\/grappa.no\/no\/wp-json\/wp\/v2\/comments?post=32823"}],"wp:featuredmedia":[{"embeddable":true,"href":"https:\/\/grappa.no\/no\/wp-json\/wp\/v2\/media\/32824"}],"wp:attachment":[{"href":"https:\/\/grappa.no\/no\/wp-json\/wp\/v2\/media?parent=32823"}],"wp:term":[{"taxonomy":"product_brand","embeddable":true,"href":"https:\/\/grappa.no\/no\/wp-json\/wp\/v2\/product_brand?post=32823"},{"taxonomy":"product_cat","embeddable":true,"href":"https:\/\/grappa.no\/no\/wp-json\/wp\/v2\/product_cat?post=32823"},{"taxonomy":"product_tag","embeddable":true,"href":"https:\/\/grappa.no\/no\/wp-json\/wp\/v2\/product_tag?post=32823"}],"curies":[{"name":"wp","href":"https:\/\/api.w.org\/{rel}","templated":true}]}}