{"id":32818,"date":"2006-04-24T00:00:00","date_gmt":"2006-04-23T23:00:00","guid":{"rendered":"http:\/\/www.grappa.no\/no\/albums\/ukategorisert\/variasjoner\/"},"modified":"2017-02-09T14:02:02","modified_gmt":"2017-02-09T13:02:02","slug":"variasjoner","status":"publish","type":"product","link":"https:\/\/grappa.no\/no\/albums\/grappa\/variasjoner\/","title":{"rendered":"VARIASJONER"},"content":{"rendered":"<p><\/p>\n<p>Erlend Skomsvoll &#8211; :Variasjoner \u2013 Vossajazz 2002<\/p>\n<p>I desember 2001 komponerte Erlend Skomsvoll det som skulle vise seg \u00e5 bli utgangspunktet for hele bestillingsverket til Vossajazz 2002, Salme i g-moll. Urframf\u00f8ringen av verket fant sted bare 3 m\u00e5neder etterp\u00e5, 23 mars. Verket bar preg av en streng kompositorisk form, og alt materiale var variasjoner over nettopp Salme i g-moll.<\/p>\n<p>&#8216;Verdens beste arrang\u00f8r&#8217; sa den amerikanske legenden Chick Corea om ham. Med arrangementer for det suksessrike Come Shine med KORK, n\u00e5dde Erlend Skomsvoll nye h\u00f8yder som arrang\u00f8r, men ogs\u00e5 som orkesterleder, dirigent, pianist og komponist har Erlend gjort seg bemerket; han har mottatt b\u00e5de Spellemann- og Lindemannspris. P\u00e5 :Variasjoner er det egen musikk Erlend arrangerer, og vi vil nok f\u00e5 se ham mer ogs\u00e5 som komponist de neste \u00e5rene.<\/p>\n<p><!--more--><\/p>\n<p>Endelig et m\u00f8te med Erlend Skomsvoll som komponist p\u00e5 plate.<\/p>\n<h4>Erlend Skomsvoll<\/h4>\n<p>&#8216;Verdens best arrang\u00f8r&#8217;, sa den amerikanske legenden Chick Corea om ham. Med sine arrangementer for det suksessrike jazzbandet Come Shine sammen med Kringkastingsorkesteret, n\u00e5dde Erlend Skomsvoll (f. 1969) nye h\u00f8yder som nyskapende arrang\u00f8r. Come Shine ble bel\u00f8nnet med Spellemannspris i klassen Jazz i 2002. Ogs\u00e5 som orkesterleder og dirigent har Erlend Skomsvoll gjort suksess. Erlend var i 2000-01 Norges f\u00f8rste storbandarrang\u00f8r\/ komponist l\u00f8nnet av Norsk Kulturr\u00e5d. Begge \u00e5rene gjorde han suksess p\u00e5 Molde Jazzfestival med hhv. Chick Corea og Pat Metheny, som begge sa ja til \u00e5 spille egen musikk omarrangert\/rekomponert av Erlend og med Trondheim Jazzorkester. I 2004 kom den kritikerroste CD-plata Live in Molde med Chick Corea og Trondheim Jazzorkester.<\/p>\n<h4>:Variasjoner<\/h4>\n<p>Skomsvoll arbeider p\u00e5 tvers av sjangre, uten noe \u00f8.nske om \u00e5 gi seg hen til dogmer eller forskjellige -ismer. Er ting lar jeg meg inspirere, forteller multikunstneren Erlend Skomsvoll. Han er opptatt av \u00e5 skape  i mange sammenhenger, og hadde kanskje v\u00e6rt gartner eller h\u00e5ndverker om han ikke hadde satset p\u00e5 musikken. P\u00e5 :Variasjoner er det egen musikk Erlend arrangerer, og vi vil nok f\u00e5 se ham mer som komponist de neste \u00e5rene, og ikke bare som arrang\u00f8r.<\/p>\n<h4>Erlend Skomsvoll har f\u00f8lgende uttalelser om seg selv og sitt musikalske virke:<\/h4>\n<p>&#8216;Jeg har alltid sett p\u00e5 meg selv som en komponist som arrangerer snarere enn \u00e5 v\u00e6re en ren arrang\u00f8r. Jeg er opptatt av \u00e5 finne potensialet i det meste materialet jeg jobber med og jeg er veldig opptatt av \u00e5 se etter muligheter, ikke begrensninger. Videre anser jeg at \u00e5 bruke materiale som folkkjenner godt; Over the Rainbow, Spain, Memories of You, My Funny Valentine og s\u00e5 videre, er gode inngangsporter til kommunikasjon mellom mennesker. Ved \u00e5 arrangere eller re-komponere l\u00e5ter som folk kjenner godt, har de ogs\u00e5 bedre sett hva jeg har gjort med dem, enn om jeg skulle ha komponert alt sammen fra grunnen av. Dette har gitt meg et visst publikum, og har lagt et grunnlag for meg som komponist.<\/p>\n<p>:Variasjoner er et verk som oppsummerer mitt arbeide som arrang\u00f8r og komponist de \u00e5rene i forkant av fremf\u00f8relsen i 2002. Her er en viss grad av stilistisk avgrensning p\u00e5 utgivelsen; jeg hadde ikke noe \u00f8nske om \u00e5 vise frem alt jeg kan som komponist og instrumentalist p\u00e5 \u00e9n og samme CD, men heller la materialet leve sitt eget liv &#8211; og framfor alt s\u00f8ke \u00e5 skape en helhet.&#8217;<\/p>\n<p><\/p>","protected":false},"excerpt":{"rendered":"<p>Erlend Skomsvolls bestillingsverk til Vossajazz.<\/p>\n","protected":false},"featured_media":32819,"comment_status":"closed","ping_status":"open","template":"","meta":[],"product_brand":[],"product_cat":[6],"product_tag":[],"class_list":{"0":"post-32818","1":"product","2":"type-product","3":"status-publish","4":"has-post-thumbnail","6":"product_cat-grappa","7":"product_shipping_class-cddvd-shipping","8":"uni_artist_tag-eirik-hegdal","9":"uni_artist_tag-erlend-skomsvoll","10":"uni_artist_tag-jan-erik-kongshaug","11":"uni_artist_tag-mathias-eick","12":"uni_artist_tag-ole-marius-sandberg","13":"uni_artist_tag-ornulf-lillebjerka","14":"uni_artist_tag-oyvind-braekke","15":"uni_artist_tag-stig-ove-ose","16":"uni_artist_tag-sveinung-lillebjerka","17":"uni_artist_tag-thomas-dahl","18":"uni_artist_tag-thomas-stronen","19":"uni_artist_tag-torben-snekkestad","20":"uni_main_artist_tag-erlend-skomsvoll","21":"uni_artist_genre-jazz","22":"uni_artist_genre-orchestral","23":"uni_artist_genre-original-performance-practice","24":"uni_artist_genre-scandinavian","26":"first","27":"instock","28":"taxable","29":"shipping-taxable","30":"purchasable","31":"product-type-simple"},"_links":{"self":[{"href":"https:\/\/grappa.no\/no\/wp-json\/wp\/v2\/product\/32818","targetHints":{"allow":["GET"]}}],"collection":[{"href":"https:\/\/grappa.no\/no\/wp-json\/wp\/v2\/product"}],"about":[{"href":"https:\/\/grappa.no\/no\/wp-json\/wp\/v2\/types\/product"}],"replies":[{"embeddable":true,"href":"https:\/\/grappa.no\/no\/wp-json\/wp\/v2\/comments?post=32818"}],"wp:featuredmedia":[{"embeddable":true,"href":"https:\/\/grappa.no\/no\/wp-json\/wp\/v2\/media\/32819"}],"wp:attachment":[{"href":"https:\/\/grappa.no\/no\/wp-json\/wp\/v2\/media?parent=32818"}],"wp:term":[{"taxonomy":"product_brand","embeddable":true,"href":"https:\/\/grappa.no\/no\/wp-json\/wp\/v2\/product_brand?post=32818"},{"taxonomy":"product_cat","embeddable":true,"href":"https:\/\/grappa.no\/no\/wp-json\/wp\/v2\/product_cat?post=32818"},{"taxonomy":"product_tag","embeddable":true,"href":"https:\/\/grappa.no\/no\/wp-json\/wp\/v2\/product_tag?post=32818"}],"curies":[{"name":"wp","href":"https:\/\/api.w.org\/{rel}","templated":true}]}}