{"id":32810,"date":"2005-10-24T00:00:00","date_gmt":"2005-10-23T23:00:00","guid":{"rendered":"http:\/\/www.grappa.no\/no\/albums\/ukategorisert\/rampelys\/"},"modified":"2017-02-06T14:32:03","modified_gmt":"2017-02-06T13:32:03","slug":"rampelys","status":"publish","type":"product","link":"https:\/\/grappa.no\/no\/albums\/grappa\/rampelys\/","title":{"rendered":"RAMPELYS"},"content":{"rendered":"<p><\/p>\n<p>Stadig i rampelyset.<\/p>\n<p>Rampelys var tredje plate fra Dollie p\u00e5 like mange \u00e5r. Duoen utviklet seg stadig som l\u00e5tskrivere, og p\u00e5 Rampelys var de tydelig inspirert (og lite imponert) av stortingsvalget i 1981 p\u00e5 l\u00e5ta La-La-La (De brutter valgl\u00f8fters refreng).<\/p>\n<p><!--more--><\/p>\n<h4><\/h4>\n<\/p>\n<h4><\/h4>\n<p><h4><\/h4>\n<\/p>\n<p><\/p>","protected":false},"excerpt":{"rendered":"<p>Rampelys var tredje plate fra Dollie p\u00e5 like mange \u00e5r.<\/p>\n","protected":false},"featured_media":32812,"comment_status":"closed","ping_status":"open","template":"","meta":[],"product_brand":[],"product_cat":[6],"product_tag":[],"class_list":{"0":"post-32810","1":"product","2":"type-product","3":"status-publish","4":"has-post-thumbnail","6":"product_cat-grappa","7":"product_shipping_class-cddvd-shipping","8":"uni_artist_tag-benedicte-adrian","9":"uni_artist_tag-bjorn-kruse","10":"uni_artist_tag-dollie-de-luxe","11":"uni_artist_tag-freddy-lindquist","12":"uni_artist_tag-geir-langslet","13":"uni_artist_tag-ingrid-bjornov","14":"uni_artist_tag-ole-anders-sorli","15":"uni_artist_tag-per-hillestad","16":"uni_artist_tag-rolf-graf","17":"uni_artist_tag-svein-christiansen","18":"uni_artist_tag-svein-dag-hauge","19":"uni_artist_tag-svein-gundersen","20":"uni_artist_tag-sveinung-hovensjo","21":"uni_main_artist_tag-dollie-de-luxe","22":"uni_artist_genre-norsk-pop","23":"uni_artist_genre-norwegian-lyrics","24":"uni_artist_genre-pop","26":"first","27":"instock","28":"taxable","29":"shipping-taxable","30":"purchasable","31":"product-type-simple"},"_links":{"self":[{"href":"https:\/\/grappa.no\/no\/wp-json\/wp\/v2\/product\/32810","targetHints":{"allow":["GET"]}}],"collection":[{"href":"https:\/\/grappa.no\/no\/wp-json\/wp\/v2\/product"}],"about":[{"href":"https:\/\/grappa.no\/no\/wp-json\/wp\/v2\/types\/product"}],"replies":[{"embeddable":true,"href":"https:\/\/grappa.no\/no\/wp-json\/wp\/v2\/comments?post=32810"}],"wp:featuredmedia":[{"embeddable":true,"href":"https:\/\/grappa.no\/no\/wp-json\/wp\/v2\/media\/32812"}],"wp:attachment":[{"href":"https:\/\/grappa.no\/no\/wp-json\/wp\/v2\/media?parent=32810"}],"wp:term":[{"taxonomy":"product_brand","embeddable":true,"href":"https:\/\/grappa.no\/no\/wp-json\/wp\/v2\/product_brand?post=32810"},{"taxonomy":"product_cat","embeddable":true,"href":"https:\/\/grappa.no\/no\/wp-json\/wp\/v2\/product_cat?post=32810"},{"taxonomy":"product_tag","embeddable":true,"href":"https:\/\/grappa.no\/no\/wp-json\/wp\/v2\/product_tag?post=32810"}],"curies":[{"name":"wp","href":"https:\/\/api.w.org\/{rel}","templated":true}]}}