{"id":32808,"date":"2005-08-29T00:00:00","date_gmt":"2005-08-28T23:00:00","guid":{"rendered":"http:\/\/www.grappa.no\/no\/albums\/ukategorisert\/itaka\/"},"modified":"2017-02-06T14:18:05","modified_gmt":"2017-02-06T13:18:05","slug":"itaka","status":"publish","type":"product","link":"https:\/\/grappa.no\/no\/albums\/grappa\/itaka\/","title":{"rendered":"ITAKA"},"content":{"rendered":"<p><\/p>\n<p>En musikalsk hjemreise<\/p>\n<p>I f\u00f8lge Homer er Itaka navnet p\u00e5 den greske \u00f8ya Odysseus lengter hjem til etter krigen i Troja. Ved denne gjenkomsten oppst\u00e5r problemer. Her begynner historien rundt Bendik Hofset sin nye plate Itaka. <\/p>\n<p>\u201dItaka og Odysseus har v\u00e6rt utgangspunkt for en musikalsk reise; forh\u00e5pentligvis hjemover mot den enkle og personlige musikken og teksten; utenfor genrenes tvangstr\u00f8yer. Jeg har vispet det sammen med de jeg anser for \u00e5 v\u00e6re knippe av mine favorittmusikere av idag. Jeg er veldig takknemlig for alt de bidrar med her.\u201d<br \/>\nH\u00e5vard Gimse: klaver, Ray Phiri: vokal, Jacob Young: gitar, Hallgrim Brattberg: gitar, Mats Eilertsen: bass, Paolo Vinaccia: perkusjon, \u00d8ystein Birkeland: cello, Nana Vasconcelos: perkusjon, Jan Bang: samples\/lyder.<\/p>\n<p><!--more--><\/p>\n<p>I f\u00f8lge Hom\u00e9r, er Itaka navnet p\u00e5 den greske \u00f8ya Odysseus var konge over, og den \u00f8ya han lengtet hjem til etter krigen i Troja. Ved hjemkomsten oppst\u00e5r problemer. Her begynner historien rundt Bendik Hofseth sin nye plate Itaka.<\/p>\n<h4>Fra L\u00f8renskog til New York<\/h4>\n<p>Bendik Hofseth vokste opp i en stille gate p\u00e5 L\u00f8renskog, og i barndommen ble musikken et tanke-loft som ga flukt til tanker og lengsler, et laboratorium som ga en smak av f\u00f8lelser som enda ikke var smakt p\u00e5 i n\u00e6rmilj\u00f8et. Etter mange \u00e5r med \u00f8ving p\u00e5 saxofon, studier i musikkvitenskap og komposisjon, og free-lance spilling p\u00e5 si, fikk han i 1987 tilbud om jobb i \u00abSteps Ahead\u00bb, det legendariske jazzbandet fra New York, USA. Han tok over etter Michael Brecker som saxofonist, turnerte verden over flere ganger og gjorde 2 innspillinger: &amp;quot;NYC&amp;quot; og &amp;quot;Yin-Yang&amp;quot;. Bendik ble boende fem \u00e5r i Amerika, og arbeidet som free-lance musiker i toppsjiktet. Hans f\u00f8rste solo-cd kom ut i denne tiden: \u00abIX\u00bb.<\/p>\n<h4>Bendik om \u00e5 v\u00e6re hjemme i Norge igjen<\/h4>\n<p>I 1992 kom Bendik Hofseth tilbake til Norge. Odysseus\u2019 problemer knyttes til nettopp hjemkomsten: hvordan overbevise sin familie og venner om at det virkelig er han som er kommet hjem? Hvordan gjenskape seg selv? Hvordan gi seg selv til kjenne? <\/p>\n<p>&#8216;Hjemmet er ikke noe komplisert sted, det er jo et begrep som vi alle benytter og har forestillinger knyttet til.  Men, reisen  hjem kan v\u00e6re komplisert og distraherende. Man endres av sine erfaringer underveis. For hvem sliter ikke med \u00e5 f\u00e5 det store offentlige rom til \u00e5 stemme overens med det lille og personlige? Hvordan oppn\u00e5r man en organisk balanse mellom inntrykk og uttrykk? Det  \u00e5 komme tilbake, inn over den kunstneriske d\u00f8rstokken, integrere sine opplevelser og bagasje med sitt enkle og intime selv, er en stor og ny utfordring hver gang. I alle fall for meg. Det er her jeg m\u00e5 skape.&#8217;<\/p>\n<h4>Suksess p\u00e5 mange musikalske fronter<\/h4>\n<p>Bendik Hofseth har flere ganger solist med symfoniorkester og store besetninger (bla. Oslo Filharmoniske Orkester, Filharmonien i Bergen, Trondheim Symfoniorkester, og K\u00f8ln Big Band, i spesialskrevne verker. Han har deltatt p\u00e5 en Innspilling med Bj\u00f8rn Kruses &quot;Saxophone Concerto&quot;, utgitt p\u00e5 Aurora. I tillegg til dette har han hatt en stor og aktiv karriere som freelance-musiker. John McLaughlin, D\u2019Gary, Hariprasad Chaurasia, Misja Alperin, Django Bates, Andy Summers, Sixun, Tony Levin, Arild Andersen, Rickie Lee Jones, Helge Iberg og Bj\u00f8rn Eidsv\u00e5g er bare noen av mange kollaborat\u00f8rer. Han har arbeidet som plateprodusent, bl.a. for Jan Eggum og Kenneth Sivertsen. Som komponist, bandleder og sanger er det kommet seks fonogrammer under eget navn: &quot;IX&quot; og &quot;Amuse yourself&quot; (SONY), &quot;Metamorfoser&quot; , &quot;Planets, Rivers and IKEA&quot;, &quot;Colours&quot; (VERVE \/ POLYGRAM) og &quot;Smilets Historie&quot;. Han har ogs\u00e5 gjort store arbeider innen teater, film og ballet.  <\/p>\n<p>Hofseth har sin egen kammermusikkfestival p\u00e5 sommeren i gamlebyen i Fredrikstad. Her samles klassiske ut\u00f8vere og jazzmusikere for \u00e5 spille nyere musikk, ofte egenkomponert. Hofseth har ogs\u00e5 v\u00e6rt en av initiativtakere bak konsertserien &quot;Cos-kos&quot;, samt kulturhusnettverkets serie &quot;I levande Live&quot;.<br \/>\nDet er mye som ikke har g\u00e5tt galt.<\/p>\n<p>\u201dItaka og Odysseus har v\u00e6rt utgangspunkt for en musikalsk reise, forh\u00e5pentligvis hjemover mot den enkle musikken og teksten; mot et personlig og intimt uttrykk; mot et \u00f8nsket fristed utenfor genrenes tvangstr\u00f8yer. Derfor blandes ut\u00f8vere fra forskjellig hold, og ulike stilistiske grep anvendes for \u00e5 t\u00f8ye popul\u00e6r-musikkens muligheter en smule. S\u00e5 har jeg vispet det sammen med uvurderlig hjelp av de jeg anser for \u00e5 v\u00e6re et knippe av mine favorittmusikere av idag. Jeg er veldig takknemlig for alt det de bidrar med her. \u201d<\/p>\n<p><\/p>","protected":false},"excerpt":{"rendered":"<p>Et sted mellom jazz og visepop s\u00f8ker en dempet Bendik Hofseth \u00e5 trekke noe innovativt dr\u00f8mmende ut av genre han behersker til fulle.<\/p>\n","protected":false},"featured_media":32809,"comment_status":"closed","ping_status":"open","template":"","meta":[],"product_brand":[],"product_cat":[6],"product_tag":[],"class_list":{"0":"post-32808","1":"product","2":"type-product","3":"status-publish","4":"has-post-thumbnail","6":"product_cat-grappa","7":"product_shipping_class-cddvd-shipping","8":"uni_artist_tag-bendik-hofseth","9":"uni_artist_tag-hallgrim-bratberg","10":"uni_artist_tag-havard-gimse","11":"uni_artist_tag-jacob-young","12":"uni_artist_tag-jan-bang","13":"uni_artist_tag-mats-eilertsen","14":"uni_artist_tag-nana-vasconcelos","15":"uni_artist_tag-oystein-birkeland","16":"uni_artist_tag-paolo-vinaccia","17":"uni_artist_tag-ray-phiri","18":"uni_main_artist_tag-bendik-hofseth","19":"uni_artist_genre-jazz","20":"uni_artist_genre-singersongwriter","22":"first","23":"instock","24":"taxable","25":"shipping-taxable","26":"purchasable","27":"product-type-simple"},"_links":{"self":[{"href":"https:\/\/grappa.no\/no\/wp-json\/wp\/v2\/product\/32808","targetHints":{"allow":["GET"]}}],"collection":[{"href":"https:\/\/grappa.no\/no\/wp-json\/wp\/v2\/product"}],"about":[{"href":"https:\/\/grappa.no\/no\/wp-json\/wp\/v2\/types\/product"}],"replies":[{"embeddable":true,"href":"https:\/\/grappa.no\/no\/wp-json\/wp\/v2\/comments?post=32808"}],"wp:featuredmedia":[{"embeddable":true,"href":"https:\/\/grappa.no\/no\/wp-json\/wp\/v2\/media\/32809"}],"wp:attachment":[{"href":"https:\/\/grappa.no\/no\/wp-json\/wp\/v2\/media?parent=32808"}],"wp:term":[{"taxonomy":"product_brand","embeddable":true,"href":"https:\/\/grappa.no\/no\/wp-json\/wp\/v2\/product_brand?post=32808"},{"taxonomy":"product_cat","embeddable":true,"href":"https:\/\/grappa.no\/no\/wp-json\/wp\/v2\/product_cat?post=32808"},{"taxonomy":"product_tag","embeddable":true,"href":"https:\/\/grappa.no\/no\/wp-json\/wp\/v2\/product_tag?post=32808"}],"curies":[{"name":"wp","href":"https:\/\/api.w.org\/{rel}","templated":true}]}}