{"id":32797,"date":"1997-08-05T00:00:00","date_gmt":"1997-08-04T23:00:00","guid":{"rendered":"http:\/\/www.grappa.no\/no\/albums\/ukategorisert\/kristi-blodsdrape\/"},"modified":"2017-02-17T15:48:02","modified_gmt":"2017-02-17T14:48:02","slug":"kristi-blodsdrape","status":"publish","type":"product","link":"https:\/\/grappa.no\/no\/albums\/grappa\/kristi-blodsdrape\/","title":{"rendered":"KRISTI BLODSDR\u00c5PE"},"content":{"rendered":"<p><\/p>\n<p>Religi\u00f8se folketoner i ny drakt<\/p>\n<p>&#8216;Kristi Blodsdr\u00e5pe&#8217; er trolig f\u00f8rste prosjekt noengang hvor kveding og panf\u00f8yte kombineres p\u00e5 plate i duoformat. \u00c5sne Sunniva S\u00f8reide og Roar Engelberg trekker frem vakre religi\u00f8se folketoner fra rundt om i landet, hvor hovedvekten ligger p\u00e5 Hordaland og hovedsakelig Tysnesomr\u00e5det. Panfl\u00f8yten ble trukket fram som en mer primitiv forl\u00f8per til kirkeorgelet, og passer fint til \u00c5sne Sunnivas rike og s\u00e6regne tonekvalitet og sangstil.<\/p>\n<p>\u00c5sne Sunniva S\u00f8reide, f\u00f8dt i 1973 og oppvokst i Gjerstad, begynte i tidlig alder med kveding, med bestemoren som l\u00e6remester. Panfl\u00f8ytene p\u00e5 platen spilles av Roar Engelberg fra Romedal i Hedmark. Han regnes som skaninavias fremste panfl\u00f8ytist, og har gitt ut en rekke soloplater.<\/p>\n<p><!--more--><\/p>\n<h4><\/h4>\n<\/p>\n<h4><\/h4>\n<p><h4><\/h4>\n<\/p>\n<p><\/p>","protected":false},"excerpt":{"rendered":"<p>\u00c5sne Sunniva S\u00f8reide og Roar Engelberg trekker frem vakre religi\u00f8se folketoner fra rundt om i landet.<\/p>\n","protected":false},"featured_media":32802,"comment_status":"closed","ping_status":"open","template":"","meta":[],"product_brand":[],"product_cat":[6],"product_tag":[],"class_list":{"0":"post-32797","1":"product","2":"type-product","3":"status-publish","4":"has-post-thumbnail","6":"product_cat-grappa","7":"product_shipping_class-cddvd-shipping","8":"uni_artist_tag-asne-sunniva-soreide","9":"uni_artist_tag-jan-hovden","10":"uni_artist_tag-roar-engelberg","11":"uni_main_artist_tag-asne-sunniva-soreide","12":"uni_artist_genre-christmas-music","13":"uni_artist_genre-folk-music","14":"uni_artist_genre-norwegian-lyrics","15":"uni_artist_genre-religious","16":"uni_artist_genre-scandinavian","17":"uni_artist_genre-traditional","19":"first","20":"instock","21":"taxable","22":"shipping-taxable","23":"purchasable","24":"product-type-simple"},"_links":{"self":[{"href":"https:\/\/grappa.no\/no\/wp-json\/wp\/v2\/product\/32797","targetHints":{"allow":["GET"]}}],"collection":[{"href":"https:\/\/grappa.no\/no\/wp-json\/wp\/v2\/product"}],"about":[{"href":"https:\/\/grappa.no\/no\/wp-json\/wp\/v2\/types\/product"}],"replies":[{"embeddable":true,"href":"https:\/\/grappa.no\/no\/wp-json\/wp\/v2\/comments?post=32797"}],"wp:featuredmedia":[{"embeddable":true,"href":"https:\/\/grappa.no\/no\/wp-json\/wp\/v2\/media\/32802"}],"wp:attachment":[{"href":"https:\/\/grappa.no\/no\/wp-json\/wp\/v2\/media?parent=32797"}],"wp:term":[{"taxonomy":"product_brand","embeddable":true,"href":"https:\/\/grappa.no\/no\/wp-json\/wp\/v2\/product_brand?post=32797"},{"taxonomy":"product_cat","embeddable":true,"href":"https:\/\/grappa.no\/no\/wp-json\/wp\/v2\/product_cat?post=32797"},{"taxonomy":"product_tag","embeddable":true,"href":"https:\/\/grappa.no\/no\/wp-json\/wp\/v2\/product_tag?post=32797"}],"curies":[{"name":"wp","href":"https:\/\/api.w.org\/{rel}","templated":true}]}}