{"id":32763,"date":"2003-06-02T00:00:00","date_gmt":"2003-06-01T23:00:00","guid":{"rendered":"http:\/\/www.grappa.no\/no\/albums\/ukategorisert\/morning-mist\/"},"modified":"2017-02-08T09:18:02","modified_gmt":"2017-02-08T08:18:02","slug":"morning-mist","status":"publish","type":"product","link":"https:\/\/grappa.no\/no\/albums\/grappa\/morning-mist\/","title":{"rendered":"Morning Mist"},"content":{"rendered":"<p><\/p>\n<p>Keltiske, beroliggende lydlandskap<\/p>\n<p>Floweryards er et musikalsk fellesskap mellom Torhild Nigar, Line Blixt Ivarson og Hanne Skj\u00f8nneberg. Musikken og tekstene har Nigar skrevet sammen med Rolf Graf, kjent fra band som Lava og Secret Garden. Floweryards har av mange blitt beskrevet som den norske versjonen av Enya. Nigar, som selv er utdannet billedkunstner, er sterkt inspirert av naturen i arbeidene sine, og \u00f8nsket n\u00e5 \u00e5 male med spr\u00e5ket og tonene. Platen er romantisk orkestrert med b\u00e5de panfl\u00f8yte og strykere, og inspirasjonskildene har v\u00e6rt alt fra klassisk musikk til pop<br \/>\nog folkemusikk- spesielt irsk og skotsk. Medlemmene beskriver selv musikken som god for sjelen, og mener at den kan skape ro og pusterom fra hverdagens mas.<\/p>\n<p><!--more--><\/p>\n<h4><\/h4>\n<\/p>\n<h4><\/h4>\n<p><h4><\/h4>\n<\/p>\n<p><\/p>","protected":false},"excerpt":{"rendered":"<p>Inspirasjonskildene har v\u00e6rt alt fra klassisk musikk til pop og folkemusikk- spesielt irsk og skotsk.<\/p>\n","protected":false},"featured_media":32764,"comment_status":"closed","ping_status":"open","template":"","meta":[],"product_brand":[],"product_cat":[6],"product_tag":[],"class_list":{"0":"post-32763","1":"product","2":"type-product","3":"status-publish","4":"has-post-thumbnail","6":"product_cat-grappa","7":"product_shipping_class-cddvd-shipping","8":"uni_artist_tag-andre-orvik","9":"uni_artist_tag-anne-britt-saevig-ardal","10":"uni_artist_tag-anne-grete-orvik","11":"uni_artist_tag-atle-sponberg","12":"uni_artist_tag-cathrine-bullock","13":"uni_artist_tag-cecilie-fossheim","14":"uni_artist_tag-dan-styffe","15":"uni_artist_tag-dorthe-dreier","16":"uni_artist_tag-geir-langslet","17":"uni_artist_tag-hanne-skjonneberg","18":"uni_artist_tag-hans-morten-stensland","19":"uni_artist_tag-line-blixt-ivarson","20":"uni_artist_tag-mats-johanson","21":"uni_artist_tag-ottar-nesje","22":"uni_artist_tag-oyvind-fossheim","23":"uni_artist_tag-pat-broaders","24":"uni_artist_tag-rolf-graf","25":"uni_artist_tag-svein-dag-hauge","26":"uni_artist_tag-torhild-nigar","27":"uni_artist_tag-vegard-johnsen","28":"uni_main_artist_tag-torhild-nigar","29":"uni_artist_genre-celtic","30":"uni_artist_genre-debut","31":"uni_artist_genre-folk-music","32":"uni_artist_genre-new-age","33":"uni_artist_genre-scandinavian","34":"uni_artist_genre-strings","36":"first","37":"instock","38":"taxable","39":"shipping-taxable","40":"purchasable","41":"product-type-simple"},"_links":{"self":[{"href":"https:\/\/grappa.no\/no\/wp-json\/wp\/v2\/product\/32763","targetHints":{"allow":["GET"]}}],"collection":[{"href":"https:\/\/grappa.no\/no\/wp-json\/wp\/v2\/product"}],"about":[{"href":"https:\/\/grappa.no\/no\/wp-json\/wp\/v2\/types\/product"}],"replies":[{"embeddable":true,"href":"https:\/\/grappa.no\/no\/wp-json\/wp\/v2\/comments?post=32763"}],"wp:featuredmedia":[{"embeddable":true,"href":"https:\/\/grappa.no\/no\/wp-json\/wp\/v2\/media\/32764"}],"wp:attachment":[{"href":"https:\/\/grappa.no\/no\/wp-json\/wp\/v2\/media?parent=32763"}],"wp:term":[{"taxonomy":"product_brand","embeddable":true,"href":"https:\/\/grappa.no\/no\/wp-json\/wp\/v2\/product_brand?post=32763"},{"taxonomy":"product_cat","embeddable":true,"href":"https:\/\/grappa.no\/no\/wp-json\/wp\/v2\/product_cat?post=32763"},{"taxonomy":"product_tag","embeddable":true,"href":"https:\/\/grappa.no\/no\/wp-json\/wp\/v2\/product_tag?post=32763"}],"curies":[{"name":"wp","href":"https:\/\/api.w.org\/{rel}","templated":true}]}}