{"id":32750,"date":"2001-01-01T00:00:00","date_gmt":"2000-12-31T23:00:00","guid":{"rendered":"http:\/\/www.grappa.no\/no\/albums\/ukategorisert\/sanger-fra-min-o\/"},"modified":"2017-02-06T14:32:02","modified_gmt":"2017-02-06T13:32:02","slug":"sanger-fra-min-o","status":"publish","type":"product","link":"https:\/\/grappa.no\/no\/albums\/grappa\/sanger-fra-min-o\/","title":{"rendered":"SANGER FRA MIN \u00d8"},"content":{"rendered":"<p><\/p>\n<p>S\u00f8rlandsviser, samba og strykeorkester<\/p>\n<p>Ivar B\u00f8ksle har levd med Vilhelm Krags diktning i flere ti\u00e5r, og sunget viser med tekster av Krag like lenge. En rekke komponister har tonesatt Krags dikt opp gjennom \u00e5rene. Mest kjent er vel melodiene til Johan Halvorsen, hvorav en (&#8216;Byfiff&#8217;) ogs\u00e5 er med p\u00e5 Ivar B\u00f8ksles plate. Men det var stadig mange av diktene som ikke hadde f\u00e5tt melodi. Noen av disse har Ivar B\u00f8ksle jobbet med over tid, og har kommet ut av skaperprosessen med et knippe viser som gir nye fasetter til v\u00e5re begreper b\u00e5de om s\u00f8rlandsviser generelt, og VIlhelm Krags viser spesielt.<br \/>\nDet musikalske uttrykket spenner fra samba\/bossa til str\u00f8kne arrangementer for kammerorkester. Ivar B\u00f8ksle synger og spiller gitar og trekkspill, mens den \u00f8vrige musikalske innpakningen best\u00e5r av bl. a. strykerarrangementer av Sigvald Tveit, spilt av Kristiansand Kammerorkester, og solide bidrag fra Tom Lund, som har hjulpet til med \u00e5 skape latinamerikansk f\u00f8lelse i noen av arrangementene og som st\u00e5r for uts\u00f8kt gitarspill p\u00e5 platen, sammen med musikere som Rune Arnesen, Per Kolstad m.fl<br \/>\n&quot;Sange fra min \u00f8&quot; er en bragd av komponisten Ivar B\u00f8ksle, som har klart \u00e5 skape melodier som st\u00e5r perfekt til form og innhold i VIlhelm Krags dikt. Dette er dikt som ofte, gjennom sin frie rytmiske form og sin mangel p\u00e5 tradisjonelle vise-elementer som enderim og regelmessig oppbygning ikke ser ut som viser p\u00e5 papir, men som er blitt det gjennom B\u00f8ksles komposisjonsarbeide. S\u00e5 f\u00e5r de ogs\u00e5 en framf\u00f8ring som tar i bruk et langt st\u00f8rre spekter av stemmebruk og kombinasjoner av sang, resitasjon og fortellerteknikker enn hva som har v\u00e6rt tradisjonen i s\u00f8rlandsvisenes lille andedam.<\/p>\n<p><!--more--><\/p>\n<p>Da diktsamlingen &quot;Sange fra min \u00f8&quot; kom ut, var det med et kjent bilde av Amaldus Nielsen p\u00e5 tittelsiden: &#8216;Morgen ved Ny Hellesund&#8217;. Bildet st\u00e5r for mange som en s\u00f8rlandsidyll, og s\u00f8rlandsviser av VIlhelms Krag og andre har ofte blitt forbundet med nettopp idyllen.<\/p>\n<h4>Vilhelm Krags diktning<\/h4>\n<p>Ivar B\u00f8ksle har levd med Vilhelm Krags diktning i flere ti\u00e5r, og sunget viser med tekster av Krag like lenge. En rekke komponister har tonesatt Krags dikt opp gjennom \u00e5rene. Mest kjent er vel melodiene til Johan Halvorsen, hvorav en (&#8216;Byfiff&#8217;) ogs\u00e5 er med p\u00e5 Ivar B\u00f8ksles plate. Men det var stadig mange av diktene som ikke hadde f\u00e5tt melodi. Noen av disse har Ivar B\u00f8ksle jobbet med over tid, og har kommet ut av skaperprosessen med et knippe viser som gir nye fasetter til v\u00e5re begreper b\u00e5de om s\u00f8rlandsviser generelt, og VIlhelm Krags viser spesielt.<\/p>\n<h4>Variert musikalsk uttrykk<\/h4>\n<p>Det musikalske uttrykket spenner fra samba\/bossa til str\u00f8kne arrangementer for kammerorkester. Ivar B\u00f8ksle synger og spiller gitar og trekkspill, mens den \u00f8vrige musikalske innpakningen best\u00e5r av bl. a. strykerarrangementer av Sigvald Tveit, spilt av Kristiansand Kammerorkester, og solide bidrag fra Tom Lund, som har hjulpet til med \u00e5 skape latinamerikansk f\u00f8lelse i noen av arrangementene og som st\u00e5r for uts\u00f8kt gitarspill p\u00e5 platen, sammen med musikere som Rune Arnesen, Per Kolstad m.fl.<\/p>\n<h4>Visetradisjon med et st\u00f8rre spekter<\/h4>\n<p>&quot;Sange fra min \u00f8&quot; er en bragd av komponisten Ivar B\u00f8ksle, som har klart \u00e5 skape melodier som st\u00e5r perfekt til form og innhold i VIlhelm Krags dikt. Dette er dikt som ofte, gjennom sin frie rytmiske form og sin mangel p\u00e5 tradisjonelle vise-elementer som enderim og regelmessig oppbygning ikke ser ut som viser p\u00e5 papir, men som er blitt det gjennom B\u00f8ksles komposisjonsarbeide. S\u00e5 f\u00e5r de ogs\u00e5 en framf\u00f8ring som tar i bruk et langt st\u00f8rre spekter av stemmebruk og kombinasjoner av sang, resitasjon og fortellerteknikker enn hva som har v\u00e6rt tradisjonen i s\u00f8rlandsvisenes lille andedam.<\/p>\n<p><\/p>","protected":false},"excerpt":{"rendered":"<p>Melodier som st\u00e5r perfekt til form og innhold i VIlhelm Krags dikt.<\/p>\n","protected":false},"featured_media":32761,"comment_status":"closed","ping_status":"open","template":"","meta":[],"product_brand":[],"product_cat":[6],"product_tag":[],"class_list":{"0":"post-32750","1":"product","2":"type-product","3":"status-publish","4":"has-post-thumbnail","6":"product_cat-grappa","7":"product_shipping_class-cddvd-shipping","8":"uni_artist_tag-gjermund-silset","9":"uni_artist_tag-ivar-boksle","10":"uni_artist_tag-johan-halvorsen","11":"uni_artist_tag-kurt-liso","12":"uni_artist_tag-per-elias-drablos","13":"uni_artist_tag-per-kolstad","14":"uni_artist_tag-rune-arnesen","15":"uni_artist_tag-sigbjorn-nedland","16":"uni_artist_tag-tom-lund","17":"uni_main_artist_tag-ivar-boksle","18":"uni_artist_genre-bossa-nova","19":"uni_artist_genre-lyric-poetry","20":"uni_artist_genre-norwegian-lyrics","21":"uni_artist_genre-orchestral","22":"uni_artist_genre-samba","23":"uni_artist_genre-scandinavian","24":"uni_artist_genre-singersongwriter","26":"first","27":"instock","28":"taxable","29":"shipping-taxable","30":"purchasable","31":"product-type-simple"},"_links":{"self":[{"href":"https:\/\/grappa.no\/no\/wp-json\/wp\/v2\/product\/32750","targetHints":{"allow":["GET"]}}],"collection":[{"href":"https:\/\/grappa.no\/no\/wp-json\/wp\/v2\/product"}],"about":[{"href":"https:\/\/grappa.no\/no\/wp-json\/wp\/v2\/types\/product"}],"replies":[{"embeddable":true,"href":"https:\/\/grappa.no\/no\/wp-json\/wp\/v2\/comments?post=32750"}],"wp:featuredmedia":[{"embeddable":true,"href":"https:\/\/grappa.no\/no\/wp-json\/wp\/v2\/media\/32761"}],"wp:attachment":[{"href":"https:\/\/grappa.no\/no\/wp-json\/wp\/v2\/media?parent=32750"}],"wp:term":[{"taxonomy":"product_brand","embeddable":true,"href":"https:\/\/grappa.no\/no\/wp-json\/wp\/v2\/product_brand?post=32750"},{"taxonomy":"product_cat","embeddable":true,"href":"https:\/\/grappa.no\/no\/wp-json\/wp\/v2\/product_cat?post=32750"},{"taxonomy":"product_tag","embeddable":true,"href":"https:\/\/grappa.no\/no\/wp-json\/wp\/v2\/product_tag?post=32750"}],"curies":[{"name":"wp","href":"https:\/\/api.w.org\/{rel}","templated":true}]}}