{"id":32749,"date":"1997-02-24T00:00:00","date_gmt":"1997-02-23T23:00:00","guid":{"rendered":"http:\/\/www.grappa.no\/no\/albums\/ukategorisert\/hodet-i-sanden\/"},"modified":"2018-10-12T06:21:39","modified_gmt":"2018-10-12T05:21:39","slug":"hodet-i-sanden","status":"publish","type":"product","link":"https:\/\/grappa.no\/no\/albums\/grappa\/hodet-i-sanden\/","title":{"rendered":"HODET I SANDEN"},"content":{"rendered":"<p><\/p>\n<p>Nye frustrasjoner.<\/p>\n<p>Sommerhiten \u00abJeg vil bare ha en mann\u00bb har f\u00f8rt bergensbandet Unge Frustrerte Menn inn i en ond sirkel: Kjente fjes \u2013 penger p\u00e5 baklommen \u2013 \u00f8kt oppmerksomhet fra det irrasjonelle kj\u00f8nn \u2013 heroiske fors\u00f8k p\u00e5 etablering og normal livsf\u00f8rsel \u2013 nye frustrasjoner \u2013 ny cd.<\/p>\n<p><!--more--><\/p>\n<h4><\/h4>\n<\/p>\n<h4><\/h4>\n<p><h4><\/h4>\n<\/p>\n<p><\/p>","protected":false},"excerpt":{"rendered":"<p>Sommerhiten \u00abJeg vil bare ha en mann\u00bb har f\u00f8rt bergensbandet Unge Frustrerte Menn inn i en ond sirkel som har resultert i en ny cd.<\/p>\n","protected":false},"featured_media":32759,"comment_status":"closed","ping_status":"open","template":"","meta":[],"product_brand":[],"product_cat":[6],"product_tag":[],"class_list":{"0":"post-32749","1":"product","2":"type-product","3":"status-publish","4":"has-post-thumbnail","6":"product_cat-grappa","7":"product_shipping_class-cddvd-shipping","8":"uni_artist_tag-eduardo-andersen","9":"uni_artist_tag-frode-unneland","10":"uni_artist_tag-geir-luedy","11":"uni_artist_tag-mats-egil-gronner","12":"uni_artist_tag-paal-andersen","13":"uni_artist_tag-unge-frustrerte-menn","14":"uni_main_artist_tag-unge-frustrerte-menn","15":"uni_artist_genre-norwegian-lyrics","16":"uni_artist_genre-pop","17":"uni_artist_genre-rock","18":"uni_artist_genre-scandinavian","20":"first","21":"instock","22":"taxable","23":"shipping-taxable","24":"purchasable","25":"product-type-simple"},"_links":{"self":[{"href":"https:\/\/grappa.no\/no\/wp-json\/wp\/v2\/product\/32749","targetHints":{"allow":["GET"]}}],"collection":[{"href":"https:\/\/grappa.no\/no\/wp-json\/wp\/v2\/product"}],"about":[{"href":"https:\/\/grappa.no\/no\/wp-json\/wp\/v2\/types\/product"}],"replies":[{"embeddable":true,"href":"https:\/\/grappa.no\/no\/wp-json\/wp\/v2\/comments?post=32749"}],"wp:featuredmedia":[{"embeddable":true,"href":"https:\/\/grappa.no\/no\/wp-json\/wp\/v2\/media\/32759"}],"wp:attachment":[{"href":"https:\/\/grappa.no\/no\/wp-json\/wp\/v2\/media?parent=32749"}],"wp:term":[{"taxonomy":"product_brand","embeddable":true,"href":"https:\/\/grappa.no\/no\/wp-json\/wp\/v2\/product_brand?post=32749"},{"taxonomy":"product_cat","embeddable":true,"href":"https:\/\/grappa.no\/no\/wp-json\/wp\/v2\/product_cat?post=32749"},{"taxonomy":"product_tag","embeddable":true,"href":"https:\/\/grappa.no\/no\/wp-json\/wp\/v2\/product_tag?post=32749"}],"curies":[{"name":"wp","href":"https:\/\/api.w.org\/{rel}","templated":true}]}}