{"id":32747,"date":"1997-01-01T00:00:00","date_gmt":"1996-12-31T23:00:00","guid":{"rendered":"http:\/\/www.grappa.no\/no\/albums\/ukategorisert\/harpa\/"},"modified":"2024-01-10T10:37:33","modified_gmt":"2024-01-10T09:37:33","slug":"harpa","status":"publish","type":"product","link":"https:\/\/grappa.no\/no\/albums\/grappa\/harpa\/","title":{"rendered":"Harpa"},"content":{"rendered":"<p><\/p>\n<p>Debuterer med middelaldermusikk<\/p>\n<p>Aurora Borealis er et ensemble for middelaldermusikk som ble til i 1995. Gruppen kombinerer nedarvet sang- og spillestil med kunnskap om musisering og arrangementsteknikk i middelalderen.<\/p>\n<p>P\u00e5 debutinnspellingen HARPA presenterer de musikk fra 1300-tallet, fulle av spennende historier om kj\u00e6rlighet og sjalusi. Balladen p\u00e5 utgivelsen er i tolinjet strofeform, og er en av de eldste nordiske balladene. Instrumenteringen p\u00e5 platen er utelukkende nordiske folkeinstrumenter som var typiske i Skandinavia i middelalderen.<\/p>\n<p><!--more--><\/p>\n<h4><\/h4>\n<\/p>\n<h4><\/h4>\n<p><h4><\/h4>\n<\/p>\n<p><\/p>","protected":false},"excerpt":{"rendered":"<p>Musikk fra 1300-tallets skandinavia.<\/p>\n","protected":false},"featured_media":32748,"comment_status":"closed","ping_status":"closed","template":"","meta":[],"product_brand":[],"product_cat":[6],"product_tag":[],"class_list":{"0":"post-32747","1":"product","2":"type-product","3":"status-publish","4":"has-post-thumbnail","6":"product_cat-grappa","7":"product_shipping_class-cddvd-shipping","8":"uni_artist_tag-djavid-afzari-rad","9":"uni_artist_tag-oyonn-groven-myhren","10":"uni_artist_tag-oyvind-sorensen","11":"uni_artist_tag-sidsel-brevig","12":"uni_artist_tag-sverre-jensen","13":"uni_artist_tag-tellef-kvifte","14":"uni_artist_genre-debut","15":"uni_artist_genre-early-music","16":"uni_artist_genre-norwegian-lyrics","17":"uni_artist_genre-scandinavian","18":"uni_artist_genre-traditional","19":"uni_artist_genre-world-music","21":"first","22":"outofstock","23":"taxable","24":"shipping-taxable","25":"purchasable","26":"product-type-simple"},"_links":{"self":[{"href":"https:\/\/grappa.no\/no\/wp-json\/wp\/v2\/product\/32747","targetHints":{"allow":["GET"]}}],"collection":[{"href":"https:\/\/grappa.no\/no\/wp-json\/wp\/v2\/product"}],"about":[{"href":"https:\/\/grappa.no\/no\/wp-json\/wp\/v2\/types\/product"}],"replies":[{"embeddable":true,"href":"https:\/\/grappa.no\/no\/wp-json\/wp\/v2\/comments?post=32747"}],"wp:featuredmedia":[{"embeddable":true,"href":"https:\/\/grappa.no\/no\/wp-json\/wp\/v2\/media\/32748"}],"wp:attachment":[{"href":"https:\/\/grappa.no\/no\/wp-json\/wp\/v2\/media?parent=32747"}],"wp:term":[{"taxonomy":"product_brand","embeddable":true,"href":"https:\/\/grappa.no\/no\/wp-json\/wp\/v2\/product_brand?post=32747"},{"taxonomy":"product_cat","embeddable":true,"href":"https:\/\/grappa.no\/no\/wp-json\/wp\/v2\/product_cat?post=32747"},{"taxonomy":"product_tag","embeddable":true,"href":"https:\/\/grappa.no\/no\/wp-json\/wp\/v2\/product_tag?post=32747"}],"curies":[{"name":"wp","href":"https:\/\/api.w.org\/{rel}","templated":true}]}}