{"id":32721,"date":"1999-04-19T00:00:00","date_gmt":"1999-04-18T23:00:00","guid":{"rendered":"http:\/\/www.grappa.no\/no\/albums\/ukategorisert\/fristorp-fullstandig-2-cd\/"},"modified":"2017-03-07T14:02:07","modified_gmt":"2017-03-07T13:02:07","slug":"fristorp-fullstandig-2-cd","status":"publish","type":"product","link":"https:\/\/grappa.no\/no\/albums\/grappa\/fristorp-fullstandig-2-cd\/","title":{"rendered":"FRISTORP FULLST\u00c4NDIG [2 CD]"},"content":{"rendered":"<p><\/p>\n<p>Den ultimate Fristorp-samlingen<\/p>\n<p>Med l\u00e5tmateriale som strekker seg fra 1970 til 1996, er Fullst\u00e4ndigt, det ultimate dokumentet over den folkekj\u00e6re trubaduren Fristorps karriere. Blant de 39 l\u00e5tene er det mange av Fristorps egne l\u00e5ter, tonesatte dikt av store svenske poeter og ogs\u00e5 noen bidrag fra norske trubadurer som Lillebj\u00f8rn Nilsen.<\/p>\n<p><!--more--><\/p>\n<h4><\/h4>\n<\/p>\n<h4><\/h4>\n<p><h4><\/h4>\n<\/p>\n<p><\/p>","protected":false},"excerpt":{"rendered":"<p>Fullst\u00e4ndigt er det ultimate dokumentet over den folkekj\u00e6re trubaduren Fristorps karriere.<\/p>\n","protected":false},"featured_media":32723,"comment_status":"closed","ping_status":"open","template":"","meta":[],"product_brand":[],"product_cat":[6],"product_tag":[],"class_list":{"0":"post-32721","1":"product","2":"type-product","3":"status-publish","4":"has-post-thumbnail","6":"product_cat-grappa","7":"product_shipping_class-cddvd-shipping","8":"uni_artist_tag-andrew-lloyd-webber","9":"uni_artist_tag-charlotte-fristorp","10":"uni_artist_tag-edvard-grieg","11":"uni_artist_tag-evert-taube","12":"uni_artist_tag-fredrik-august-ekstrom","13":"uni_artist_tag-goran-fristorp","14":"uni_artist_tag-gustaf-froding","15":"uni_artist_tag-hoagy-carmichael","16":"uni_artist_tag-jonny-burke","17":"uni_artist_tag-leif-strand","18":"uni_artist_tag-lillebjorn-nilsen","19":"uni_artist_tag-rare-bird","20":"uni_artist_tag-trad","21":"uni_main_artist_tag-goran-fristorp","22":"uni_artist_genre-rock","23":"uni_artist_genre-scandinavian","24":"uni_artist_genre-singersongwriter","25":"uni_artist_genre-traditional","27":"first","28":"instock","29":"taxable","30":"shipping-taxable","31":"purchasable","32":"product-type-simple"},"_links":{"self":[{"href":"https:\/\/grappa.no\/no\/wp-json\/wp\/v2\/product\/32721","targetHints":{"allow":["GET"]}}],"collection":[{"href":"https:\/\/grappa.no\/no\/wp-json\/wp\/v2\/product"}],"about":[{"href":"https:\/\/grappa.no\/no\/wp-json\/wp\/v2\/types\/product"}],"replies":[{"embeddable":true,"href":"https:\/\/grappa.no\/no\/wp-json\/wp\/v2\/comments?post=32721"}],"wp:featuredmedia":[{"embeddable":true,"href":"https:\/\/grappa.no\/no\/wp-json\/wp\/v2\/media\/32723"}],"wp:attachment":[{"href":"https:\/\/grappa.no\/no\/wp-json\/wp\/v2\/media?parent=32721"}],"wp:term":[{"taxonomy":"product_brand","embeddable":true,"href":"https:\/\/grappa.no\/no\/wp-json\/wp\/v2\/product_brand?post=32721"},{"taxonomy":"product_cat","embeddable":true,"href":"https:\/\/grappa.no\/no\/wp-json\/wp\/v2\/product_cat?post=32721"},{"taxonomy":"product_tag","embeddable":true,"href":"https:\/\/grappa.no\/no\/wp-json\/wp\/v2\/product_tag?post=32721"}],"curies":[{"name":"wp","href":"https:\/\/api.w.org\/{rel}","templated":true}]}}