{"id":32720,"date":"2005-02-14T00:00:00","date_gmt":"2005-02-13T23:00:00","guid":{"rendered":"http:\/\/www.grappa.no\/no\/albums\/ukategorisert\/rock-vs-opera\/"},"modified":"2019-04-23T07:18:48","modified_gmt":"2019-04-23T06:18:48","slug":"rock-vs-opera","status":"publish","type":"product","link":"https:\/\/grappa.no\/no\/albums\/grappa\/rock-vs-opera\/","title":{"rendered":"ROCK VS. OPERA"},"content":{"rendered":"<p><\/p>\n<p>Nybrottsarbeid og ny salgssuksess<\/p>\n<p>Dollie de Luxe l\u00e5 ikke p\u00e5 latsiden p\u00e5 f\u00f8rste halvdel av \u00e5ttitallet, med seks album p\u00e5 knappe fem \u00e5r (om de engelske utgivelsene inkluderes). Rock vs. Opera var en nyskapende kombinasjon av nettopp rock \u2013 i dette tilfellet, Spencer Davis Group, Status Quo, Ian Dury, The Rolling Stones og The Beatles \u2013 og opera, representert ved Bizet, Leh\u00e1r, Mozart, Puccini og flere. Blandingen var usedvanlig vellykket, og fungerer som en slags \u00abmash-up\u00bb flere ti\u00e5r f\u00f8r det i det hele tatt var et begrep.<\/p>\n<p><!--more--><\/p>\n<h4><\/h4>\n<\/p>\n<h4><\/h4>\n<p><h4><\/h4>\n<\/p>\n<p><\/p>","protected":false},"excerpt":{"rendered":"<p>Rock vs. Opera var en usedvanlig vellykket kombinasjon av rock og opera.<\/p>\n","protected":false},"featured_media":32722,"comment_status":"closed","ping_status":"open","template":"","meta":[],"product_brand":[],"product_cat":[6],"product_tag":[],"class_list":{"0":"post-32720","1":"product","2":"type-product","3":"status-publish","4":"has-post-thumbnail","6":"product_cat-grappa","7":"product_shipping_class-cddvd-shipping","8":"uni_artist_tag-benedicte-adrian","9":"uni_artist_tag-dollie-de-luxe","10":"uni_artist_tag-freddy-lindquist","11":"uni_artist_tag-geir-holmsen","12":"uni_artist_tag-george-harrison","13":"uni_artist_tag-georges-bizet","14":"uni_artist_tag-giacomo-puccini","15":"uni_artist_tag-ingrid-bjornov","16":"uni_artist_tag-john-lennon","17":"uni_artist_tag-jorun-bogeberg","18":"uni_artist_tag-keith-richards","19":"uni_artist_tag-mick-jagger","20":"uni_artist_tag-ole-anders-sorli","21":"uni_artist_tag-paul-mccartney","22":"uni_artist_tag-pete-knutsen","23":"uni_artist_tag-svein-dag-hauge","24":"uni_artist_tag-wolfgang-amadeus-mozart","25":"uni_main_artist_tag-dollie-de-luxe","26":"uni_artist_genre-opera","27":"uni_artist_genre-pop","28":"uni_artist_genre-rock","30":"first","31":"outofstock","32":"taxable","33":"shipping-taxable","34":"product-type-simple"},"_links":{"self":[{"href":"https:\/\/grappa.no\/no\/wp-json\/wp\/v2\/product\/32720","targetHints":{"allow":["GET"]}}],"collection":[{"href":"https:\/\/grappa.no\/no\/wp-json\/wp\/v2\/product"}],"about":[{"href":"https:\/\/grappa.no\/no\/wp-json\/wp\/v2\/types\/product"}],"replies":[{"embeddable":true,"href":"https:\/\/grappa.no\/no\/wp-json\/wp\/v2\/comments?post=32720"}],"wp:featuredmedia":[{"embeddable":true,"href":"https:\/\/grappa.no\/no\/wp-json\/wp\/v2\/media\/32722"}],"wp:attachment":[{"href":"https:\/\/grappa.no\/no\/wp-json\/wp\/v2\/media?parent=32720"}],"wp:term":[{"taxonomy":"product_brand","embeddable":true,"href":"https:\/\/grappa.no\/no\/wp-json\/wp\/v2\/product_brand?post=32720"},{"taxonomy":"product_cat","embeddable":true,"href":"https:\/\/grappa.no\/no\/wp-json\/wp\/v2\/product_cat?post=32720"},{"taxonomy":"product_tag","embeddable":true,"href":"https:\/\/grappa.no\/no\/wp-json\/wp\/v2\/product_tag?post=32720"}],"curies":[{"name":"wp","href":"https:\/\/api.w.org\/{rel}","templated":true}]}}