{"id":32714,"date":"1995-03-06T00:00:00","date_gmt":"1995-03-05T23:00:00","guid":{"rendered":"http:\/\/www.grappa.no\/no\/albums\/ukategorisert\/folkemusikk-fra-agder\/"},"modified":"2017-02-01T12:18:14","modified_gmt":"2017-02-01T11:18:14","slug":"folkemusikk-fra-agder","status":"publish","type":"product","link":"https:\/\/grappa.no\/no\/albums\/grappa\/folkemusikk-fra-agder\/","title":{"rendered":"FOLKEMUSIKK FR\u00c5 AGDER"},"content":{"rendered":"<p><\/p>\n<p>Eit folkemusikk-Noreg i miniatyr<\/p>\n<p>Folkemusikken p\u00e5 Agder har vore dominert av solo-ut\u00f8varar. F\u00f8rst i 1970-80-\u00e5ra pr\u00f8vde einskildgrupper seg med samspelformer. Idag er truleg denne eksperimenteringa p\u00e5 retur, men fr\u00e5 dokumentasjonssynstad h\u00f8yrer samspelgruppene med. Musikk-utvalget p\u00e5 denne CD&#8217;en, skulle soleis gjeve eit godt, representativt bilete av mangfoldet i Agdermusikken dei siste fire-fem ti\u00e5ra. NRK har gjort eit framifr\u00e5 innsamligsarbeid av stor verdi for alle folkemusikkinteresserte, ut\u00f8varar s\u00e5 vel som forskarar. Slik utvalget ligg f\u00f8re p\u00e5 denne CD&#8217;en kan Agder framst\u00e5 som det det i r\u00f8ynda er, eit lite folkemusikk-Noreg i miniatyr.<\/p>\n<p><!--more--><\/p>\n<h4><\/h4>\n<\/p>\n<h4><\/h4>\n<p><h4><\/h4>\n<\/p>\n<p><\/p>","protected":false},"excerpt":{"rendered":"<p>Eit godt, representativt bilete av mangfoldet i Agdermusikken dei siste fire-fem ti\u00e5ra.<\/p>\n","protected":false},"featured_media":32715,"comment_status":"closed","ping_status":"open","template":"","meta":[],"product_brand":[],"product_cat":[6],"product_tag":[],"class_list":{"0":"post-32714","1":"product","2":"type-product","3":"status-publish","4":"has-post-thumbnail","6":"product_cat-grappa","7":"product_shipping_class-cddvd-shipping","8":"uni_artist_tag-aani-rysstad","9":"uni_artist_tag-ale-moller","10":"uni_artist_tag-andres-k-rysstad","11":"uni_artist_tag-anon-egeland","12":"uni_artist_tag-eivind-sigurdsson-berg","13":"uni_artist_tag-ella-fjeldstad","14":"uni_artist_tag-frode-nyvold","15":"uni_artist_tag-gro-heddi-brokke","16":"uni_artist_tag-gro-savesdotter-berg","17":"uni_artist_tag-gunnar-stubseid","18":"uni_artist_tag-hallvard-t-bjorgum-harding-hank","19":"uni_artist_tag-hans-fredrik-jacobsen","20":"uni_artist_tag-ingebjorg-liestol","21":"uni_artist_tag-leiv-solberg","22":"uni_artist_tag-otto-furholt","23":"uni_artist_tag-salve-austena","24":"uni_artist_tag-sigurd-fjeldstad","25":"uni_artist_tag-torbjorg-amli-paus","26":"uni_artist_tag-torleiv-h-bjorgum","27":"uni_artist_tag-trad","28":"uni_artist_tag-vidar-lande","29":"uni_artist_genre-folk-music","30":"uni_artist_genre-strings","31":"uni_artist_genre-traditional","33":"first","34":"instock","35":"taxable","36":"shipping-taxable","37":"purchasable","38":"product-type-simple"},"_links":{"self":[{"href":"https:\/\/grappa.no\/no\/wp-json\/wp\/v2\/product\/32714","targetHints":{"allow":["GET"]}}],"collection":[{"href":"https:\/\/grappa.no\/no\/wp-json\/wp\/v2\/product"}],"about":[{"href":"https:\/\/grappa.no\/no\/wp-json\/wp\/v2\/types\/product"}],"replies":[{"embeddable":true,"href":"https:\/\/grappa.no\/no\/wp-json\/wp\/v2\/comments?post=32714"}],"wp:featuredmedia":[{"embeddable":true,"href":"https:\/\/grappa.no\/no\/wp-json\/wp\/v2\/media\/32715"}],"wp:attachment":[{"href":"https:\/\/grappa.no\/no\/wp-json\/wp\/v2\/media?parent=32714"}],"wp:term":[{"taxonomy":"product_brand","embeddable":true,"href":"https:\/\/grappa.no\/no\/wp-json\/wp\/v2\/product_brand?post=32714"},{"taxonomy":"product_cat","embeddable":true,"href":"https:\/\/grappa.no\/no\/wp-json\/wp\/v2\/product_cat?post=32714"},{"taxonomy":"product_tag","embeddable":true,"href":"https:\/\/grappa.no\/no\/wp-json\/wp\/v2\/product_tag?post=32714"}],"curies":[{"name":"wp","href":"https:\/\/api.w.org\/{rel}","templated":true}]}}