{"id":32709,"date":"2005-08-22T00:00:00","date_gmt":"2005-08-21T23:00:00","guid":{"rendered":"http:\/\/www.grappa.no\/no\/albums\/ukategorisert\/him\/"},"modified":"2017-02-06T11:18:04","modified_gmt":"2017-02-06T10:18:04","slug":"him","status":"publish","type":"product","link":"https:\/\/grappa.no\/no\/albums\/grappa\/him\/","title":{"rendered":"[HI:M]"},"content":{"rendered":"<p><\/p>\n<p>Knallsterk debut!<\/p>\n<p>Hun er ikke som alle andre debutanter, Margrethe F\u00f8rre fra Haugesund! Med et vakkert og modent vokalt uttrykk, geleider hun oss gjennom en knallsterk, men ogs\u00e5 utfordrende utgivelse \u2013 og det er p\u00e5 klingende vestlandsdialekt! Tekstene og arrangementene p\u00e5 albumet etterstreber den nakne vestlandsnaturen, det skiftende havet og det n\u00e5del\u00f8se i nordavinden. <\/p>\n<p>Og sannelig stikker ikke selveste Sildakongen innom for \u00e5 sl\u00e5 av en prat! Utgivelsen vil ha salgspotensiale langt utenfor vestlandets h\u00f8ye tinder, da musikken v\u00e5ger \u00e5 sprenge etablerte grenser, og ta i seg impulser fra en stor og mangfoldig verden.<\/p>\n<p><!--more--><\/p>\n<p>Hun er ikke som alle andre debutanter, Margrethe F\u00f8rre fra Haugesund.<\/p>\n<h4>Billedlige tekster og lydlandskap<\/h4>\n<p>Tekstene og arrangementene p\u00e5 albumet etterstreber den nakne vestlandsnaturen, det skiftende havet og det n\u00e5del\u00f8se i nordavinden. Samtidig foretelles det om m\u00f8ter mellom mennesker og lokalmilj\u00f8er de aller fleste kan kjenne seg igjen i. Og sannelig stikker ikke selveste Sildakongen innom for \u00e5 sl\u00e5 av en prat!<\/p>\n<h4>kammerspill med stjernelag av musikere<\/h4>\n<p>Det ypperste av norske musikere bidrar p\u00e5 Margrethes f\u00f8rste utgivelse i et unikt og intimt kammerspill: \u00b7 \u00b7 Rolf-Erik Nystr\u00f8m, saksofon \u00b7 Frode Haltli, akkordeon \u00b7 H\u00e5kon Thelin, kontrabass \u00b7 Helge Lien, piano, rhodes \u00b7 Knut Aalefj\u00e6r, trommer \u00b7 Kjersti Beate Vindal, harpe \u00b7 Pouyan Abdoli \u00b7 Kjetil Laumann, gitar \u00b7 Nils \u00d8kland, fiolin, hardingfele, viola d&#8217;amore. Musikken er spilt inn i Nordmarkskapellet, Oslo, april 2004.<\/p>\n<h4><\/h4>\n<\/p>\n<p><\/p>","protected":false},"excerpt":{"rendered":"<p>Den nakne vestlandsnaturen, det skiftende havet og det n\u00e5del\u00f8se i nordavinden.<\/p>\n","protected":false},"featured_media":32711,"comment_status":"closed","ping_status":"open","template":"","meta":[],"product_brand":[],"product_cat":[6],"product_tag":[],"class_list":{"0":"post-32709","1":"product","2":"type-product","3":"status-publish","4":"has-post-thumbnail","6":"product_cat-grappa","7":"product_shipping_class-cddvd-shipping","8":"uni_artist_tag-frode-haltli","9":"uni_artist_tag-hakon-thelin","10":"uni_artist_tag-helge-lien","11":"uni_artist_tag-kjersti-beate-vindal","12":"uni_artist_tag-kjetil-laumann","13":"uni_artist_tag-knut-aalefjaer","14":"uni_artist_tag-margrethe-forre","15":"uni_artist_tag-nils-okland","16":"uni_artist_tag-pouyan-abdoli","17":"uni_artist_tag-rolf-erik-nystrom","18":"uni_main_artist_tag-margrethe-forre","19":"uni_artist_genre-avantgarde","20":"uni_artist_genre-jazz","21":"uni_artist_genre-norwegian-lyrics","22":"uni_artist_genre-scandinavian","23":"uni_artist_genre-singersongwriter","25":"first","26":"instock","27":"taxable","28":"shipping-taxable","29":"purchasable","30":"product-type-simple"},"_links":{"self":[{"href":"https:\/\/grappa.no\/no\/wp-json\/wp\/v2\/product\/32709","targetHints":{"allow":["GET"]}}],"collection":[{"href":"https:\/\/grappa.no\/no\/wp-json\/wp\/v2\/product"}],"about":[{"href":"https:\/\/grappa.no\/no\/wp-json\/wp\/v2\/types\/product"}],"replies":[{"embeddable":true,"href":"https:\/\/grappa.no\/no\/wp-json\/wp\/v2\/comments?post=32709"}],"wp:featuredmedia":[{"embeddable":true,"href":"https:\/\/grappa.no\/no\/wp-json\/wp\/v2\/media\/32711"}],"wp:attachment":[{"href":"https:\/\/grappa.no\/no\/wp-json\/wp\/v2\/media?parent=32709"}],"wp:term":[{"taxonomy":"product_brand","embeddable":true,"href":"https:\/\/grappa.no\/no\/wp-json\/wp\/v2\/product_brand?post=32709"},{"taxonomy":"product_cat","embeddable":true,"href":"https:\/\/grappa.no\/no\/wp-json\/wp\/v2\/product_cat?post=32709"},{"taxonomy":"product_tag","embeddable":true,"href":"https:\/\/grappa.no\/no\/wp-json\/wp\/v2\/product_tag?post=32709"}],"curies":[{"name":"wp","href":"https:\/\/api.w.org\/{rel}","templated":true}]}}