{"id":32692,"date":"2005-09-19T00:00:00","date_gmt":"2005-09-18T23:00:00","guid":{"rendered":"http:\/\/www.grappa.no\/no\/albums\/ukategorisert\/god-dag\/"},"modified":"2017-02-01T11:32:03","modified_gmt":"2017-02-01T10:32:03","slug":"god-dag","status":"publish","type":"product","link":"https:\/\/grappa.no\/no\/albums\/grappa\/god-dag\/","title":{"rendered":"GOD DAG"},"content":{"rendered":"<p><\/p>\n<p>K\u00e5re Conradi med nye toner p\u00e5 sitt f\u00f8rste album<\/p>\n<p>K\u00e5re Conradi vil overraske mange og glede enda flere n\u00e5r hans f\u00f8rste CD lanseres. P\u00e5 albumet &#8216;God Dag&#8217; synger han folkekj\u00e6re dikt til egenkomponert musikk og nytolker velkjente sanger. Conradis f\u00f8rste album er en vakker og stemningsfull plate som gir god atmosf\u00e6retil stille, norske h\u00f8stkvelder.<\/p>\n<p>Platen &#8216;God Dag&#8217; b\u00e6rer preg av Conradis st\u00e5sted som forteller og formidler. Den har et ubesv\u00e6ret uttrykk og speiler Conradis sans for visetradisjon og poesi hvor formidling av teksten er vesentlig. Musikken er uanstrengt, lett tilgjengelig og ligger i grenseland mellom viser og det fengende lett &quot;jazzete&quot;.<\/p>\n<p><!--more--><\/p>\n<p>K\u00e5re Conradi i norske sanger<\/p>\n<h4>Fra crooner til visesanger<\/h4>\n<p>K\u00e5re Conradi har gjort seg bemerket som skuespiller, sanger og entertainer siden han gikk ut av teaterh\u00f8yskolen i 1995. SOm sanger vil mange kjenne ham som smokingkledd crooner og st\u00f8 jazzsanger. N\u00e5r han n\u00e5 utgir sitt f\u00f8rste album er det i en helt annen genre.<\/p>\n<h4>Conradi om platen<\/h4>\n<p>&#8211; Jeg har lenge hatt lyst til dette, sier K\u00e5re Conradi som har skrevet musikk siden han var ganske ung. &#8211; Viser og dikt har alltid betydd mye for meg. Jeg er kanskje litt gammeldags, men det var dette jeg vokste opp med og jeg syns ikkke det er noen motsetning mellom f\u00f8r og n\u00e5. En god historie er alltid like aktuell og jeg liker \u00e5 fortelle. Om det er musikk, dikt, historier eller teater s\u00e5 er m\u00e5let alltid \u00e5 kunne viske bort meg selv og la fortellingen tale for seg, sier Conradi, som setter spesielt stor pris p\u00e5 tekstene til Halldis Moren Vesaas &#8211; og dermed har gitt deler av sin f\u00f8rste plate en nynorsk spr\u00e5kdrakt. &#8211; Jeg var vel den eneste i klassen som likte nynorsk. Det var sikkert litt s\u00e6rt, men jeg hadde god st\u00f8tte fra l\u00e6rerne! Nynorsken gir oss lov og mulighet til \u00e5 uttrykke st\u00f8rre f\u00f8lelser enn vi t\u00f8r p\u00e5 bokm\u00e5l, sier Conradi som har tatt med fem av Vesaas&#8217; dikt p\u00e5 sin f\u00f8rste plate. &#8211; Det fascinerende med god poesi er at om du leser tre gode dikt en dag s\u00e5 har du rett og slett lest tre noveller, eller i beste fall tre romaner! I en vise med Klabb og Babb kan det v\u00e6re en like god historie som i et dikt av Andr\u00e9 Bjerke, sier Conradi som legger ut p\u00e5 konsertturn\u00e9 i september.<\/p>\n<h4>En str\u00e5lende formidler<\/h4>\n<p>Platen &#8216;God Dag&#8217; b\u00e6rer preg av Conradis st\u00e5sted som forteller og formidler. Den har et ubesv\u00e6ret uttrykk og speiler Conradis sans for visetradisjon og poesi hvor formidling av teksten er vesentlig. Musikken er uanstrengt, lett tilgjengelig og ligger i grenseland mellom viser og det fengende lett &quot;jazzete&quot;. Med et sterkt lag av musikere og med sanger og dikt av Halldis Moren Vesaas, Kolbein Falkeid, Erik Bye, Arne Paasche Aasen og Andr\u00e9 Bjerke er K\u00e5re Conradis f\u00f8rste album en vakker og stemningsfull plate.<\/p>\n<p><\/p>","protected":false},"excerpt":{"rendered":"<p>K\u00e5re Conradis f\u00f8rste album er en vakker og stemningsfull plate som gir god atmosf\u00e6re til stille, norske h\u00f8stkvelder.<\/p>\n","protected":false},"featured_media":32704,"comment_status":"closed","ping_status":"open","template":"","meta":[],"product_brand":[],"product_cat":[6],"product_tag":[],"class_list":{"0":"post-32692","1":"product","2":"type-product","3":"status-publish","4":"has-post-thumbnail","6":"product_cat-grappa","7":"product_shipping_class-cddvd-shipping","8":"uni_artist_tag-andre-orvik","9":"uni_artist_tag-anne-britt-saevig-ardal","10":"uni_artist_tag-bjorn-ronningen","11":"uni_artist_tag-borge-are-halvorsen","12":"uni_artist_tag-dorthe-dreier","13":"uni_artist_tag-egil-monn-iversen","14":"uni_artist_tag-finn-ludt","15":"uni_artist_tag-hans-mathisen","16":"uni_artist_tag-helge-lien","17":"uni_artist_tag-jens-gundersen","18":"uni_artist_tag-julius-hougen","19":"uni_artist_tag-kare-conradi","20":"uni_artist_tag-kare-jostein-simonsen","21":"uni_artist_tag-kurt-foss","22":"uni_artist_tag-marian-aas-hansen","23":"uni_artist_tag-odd-borretzen","24":"uni_artist_tag-per-oddvar-johansen","25":"uni_artist_tag-reidar-boe","26":"uni_artist_tag-roger-williamsen","27":"uni_artist_tag-rune-arnesen","28":"uni_artist_tag-stein-berge-svendsen","29":"uni_artist_tag-vegard-johnsen","30":"uni_main_artist_tag-kare-conradi","31":"uni_artist_genre-debut","32":"uni_artist_genre-lyric-poetry","33":"uni_artist_genre-norwegian-lyrics","34":"uni_artist_genre-scandinavian","35":"uni_artist_genre-singersongwriter","37":"first","38":"instock","39":"taxable","40":"shipping-taxable","41":"purchasable","42":"product-type-simple"},"_links":{"self":[{"href":"https:\/\/grappa.no\/no\/wp-json\/wp\/v2\/product\/32692","targetHints":{"allow":["GET"]}}],"collection":[{"href":"https:\/\/grappa.no\/no\/wp-json\/wp\/v2\/product"}],"about":[{"href":"https:\/\/grappa.no\/no\/wp-json\/wp\/v2\/types\/product"}],"replies":[{"embeddable":true,"href":"https:\/\/grappa.no\/no\/wp-json\/wp\/v2\/comments?post=32692"}],"wp:featuredmedia":[{"embeddable":true,"href":"https:\/\/grappa.no\/no\/wp-json\/wp\/v2\/media\/32704"}],"wp:attachment":[{"href":"https:\/\/grappa.no\/no\/wp-json\/wp\/v2\/media?parent=32692"}],"wp:term":[{"taxonomy":"product_brand","embeddable":true,"href":"https:\/\/grappa.no\/no\/wp-json\/wp\/v2\/product_brand?post=32692"},{"taxonomy":"product_cat","embeddable":true,"href":"https:\/\/grappa.no\/no\/wp-json\/wp\/v2\/product_cat?post=32692"},{"taxonomy":"product_tag","embeddable":true,"href":"https:\/\/grappa.no\/no\/wp-json\/wp\/v2\/product_tag?post=32692"}],"curies":[{"name":"wp","href":"https:\/\/api.w.org\/{rel}","templated":true}]}}