{"id":32679,"date":"1997-05-19T00:00:00","date_gmt":"1997-05-18T23:00:00","guid":{"rendered":"http:\/\/www.grappa.no\/no\/albums\/ukategorisert\/fagert-er-landet\/"},"modified":"2017-01-31T13:18:17","modified_gmt":"2017-01-31T12:18:17","slug":"fagert-er-landet","status":"publish","type":"product","link":"https:\/\/grappa.no\/no\/albums\/grappa\/fagert-er-landet\/","title":{"rendered":"FAGERT ER LANDET"},"content":{"rendered":"<p><\/p>\n<p>Skattkammer for norsk identitet<\/p>\n<p>Gjennom generasjoner har nordmenn knyttet sin identitet til det rike skattkammeret v\u00e5re nasjonale salmer og sanger utgj\u00f8r. De har fungert som samlingssymbol gjennom vanskelige tider og har en egenverdi som uttrykksmiddel for v\u00e5r nasjonale tilh\u00f8righet. De mange naturskildringer sangene inneholder er poetiske perler som gj\u00f8r det mulig \u00e5 se v\u00e5re daler, fjorder og fjell for v\u00e5rt indre \u00f8ye.<\/p>\n<p><!--more--><\/p>\n<h4><\/h4>\n<\/p>\n<h4><\/h4>\n<p><h4><\/h4>\n<\/p>\n<p><\/p>","protected":false},"excerpt":{"rendered":"<p>V\u00e5re nasjonale salmer og sanger utgj\u00f8r et rikt skattkammer.<\/p>\n","protected":false},"featured_media":32681,"comment_status":"closed","ping_status":"open","template":"","meta":[],"product_brand":[],"product_cat":[6],"product_tag":[],"class_list":{"0":"post-32679","1":"product","2":"type-product","3":"status-publish","4":"has-post-thumbnail","6":"product_cat-grappa","7":"product_shipping_class-cddvd-shipping","8":"uni_artist_tag-bodo-domkor","9":"uni_artist_tag-edvard-grieg","10":"uni_artist_tag-l-m-lindeman","11":"uni_artist_tag-magne-hanssen","12":"uni_artist_tag-oscar-borg","13":"uni_artist_tag-rikard-nordraak","14":"uni_main_artist_tag-bodo-domkor","15":"uni_artist_genre-a-cappella","16":"uni_artist_genre-choir","17":"uni_artist_genre-religious","19":"first","20":"instock","21":"taxable","22":"shipping-taxable","23":"purchasable","24":"product-type-simple"},"_links":{"self":[{"href":"https:\/\/grappa.no\/no\/wp-json\/wp\/v2\/product\/32679","targetHints":{"allow":["GET"]}}],"collection":[{"href":"https:\/\/grappa.no\/no\/wp-json\/wp\/v2\/product"}],"about":[{"href":"https:\/\/grappa.no\/no\/wp-json\/wp\/v2\/types\/product"}],"replies":[{"embeddable":true,"href":"https:\/\/grappa.no\/no\/wp-json\/wp\/v2\/comments?post=32679"}],"wp:featuredmedia":[{"embeddable":true,"href":"https:\/\/grappa.no\/no\/wp-json\/wp\/v2\/media\/32681"}],"wp:attachment":[{"href":"https:\/\/grappa.no\/no\/wp-json\/wp\/v2\/media?parent=32679"}],"wp:term":[{"taxonomy":"product_brand","embeddable":true,"href":"https:\/\/grappa.no\/no\/wp-json\/wp\/v2\/product_brand?post=32679"},{"taxonomy":"product_cat","embeddable":true,"href":"https:\/\/grappa.no\/no\/wp-json\/wp\/v2\/product_cat?post=32679"},{"taxonomy":"product_tag","embeddable":true,"href":"https:\/\/grappa.no\/no\/wp-json\/wp\/v2\/product_tag?post=32679"}],"curies":[{"name":"wp","href":"https:\/\/api.w.org\/{rel}","templated":true}]}}