{"id":32666,"date":"2005-10-24T00:00:00","date_gmt":"2005-10-23T23:00:00","guid":{"rendered":"http:\/\/www.grappa.no\/no\/albums\/ukategorisert\/forste-akt\/"},"modified":"2017-01-30T13:32:11","modified_gmt":"2017-01-30T12:32:11","slug":"forste-akt","status":"publish","type":"product","link":"https:\/\/grappa.no\/no\/albums\/grappa\/forste-akt\/","title":{"rendered":"F\u00d8RSTE AKT"},"content":{"rendered":"<p><\/p>\n<p>Debuten til en legendarisk duo<\/p>\n<p>Benedicte Adrian og Ingrid Bj\u00f8rnov var ikke mer enn 16 \u00e5r da de smalt til med sin f\u00f8rste akt, som attp\u00e5til sikret dem en Spellemann i popklassen. Plata ble en salgssuksess som la grunnlaget for lange, profilerte og suksessrike musikkarrierer for begge medlemmene. Det var her det begynte \u2013 med hits som \u00abUnder Sn\u00f8\u00bb og \u00abHypnotisert\u00bb.<\/p>\n<p><!--more--><\/p>\n<h4><\/h4>\n<\/p>\n<h4><\/h4>\n<p><h4><\/h4>\n<\/p>\n<p><\/p>","protected":false},"excerpt":{"rendered":"<p>Det var her det begynte \u2013 med hits som \u00abUnder Sn\u00f8\u00bb og \u00abHypnotisert\u00bb.<\/p>\n","protected":false},"featured_media":32667,"comment_status":"closed","ping_status":"open","template":"","meta":[],"product_brand":[],"product_cat":[6],"product_tag":[],"class_list":{"0":"post-32666","1":"product","2":"type-product","3":"status-publish","4":"has-post-thumbnail","6":"product_cat-grappa","7":"product_shipping_class-cddvd-shipping","8":"uni_artist_tag-benedicte-adrian","9":"uni_artist_tag-dollie-de-luxe","10":"uni_artist_tag-ingrid-bjornov","11":"uni_artist_tag-knut-riisnaes","12":"uni_artist_tag-ole-anders-sorli","13":"uni_artist_tag-pete-knutsen","14":"uni_main_artist_tag-dollie-de-luxe","15":"uni_artist_genre-norsk-pop","17":"first","18":"instock","19":"taxable","20":"shipping-taxable","21":"purchasable","22":"product-type-simple"},"_links":{"self":[{"href":"https:\/\/grappa.no\/no\/wp-json\/wp\/v2\/product\/32666","targetHints":{"allow":["GET"]}}],"collection":[{"href":"https:\/\/grappa.no\/no\/wp-json\/wp\/v2\/product"}],"about":[{"href":"https:\/\/grappa.no\/no\/wp-json\/wp\/v2\/types\/product"}],"replies":[{"embeddable":true,"href":"https:\/\/grappa.no\/no\/wp-json\/wp\/v2\/comments?post=32666"}],"wp:featuredmedia":[{"embeddable":true,"href":"https:\/\/grappa.no\/no\/wp-json\/wp\/v2\/media\/32667"}],"wp:attachment":[{"href":"https:\/\/grappa.no\/no\/wp-json\/wp\/v2\/media?parent=32666"}],"wp:term":[{"taxonomy":"product_brand","embeddable":true,"href":"https:\/\/grappa.no\/no\/wp-json\/wp\/v2\/product_brand?post=32666"},{"taxonomy":"product_cat","embeddable":true,"href":"https:\/\/grappa.no\/no\/wp-json\/wp\/v2\/product_cat?post=32666"},{"taxonomy":"product_tag","embeddable":true,"href":"https:\/\/grappa.no\/no\/wp-json\/wp\/v2\/product_tag?post=32666"}],"curies":[{"name":"wp","href":"https:\/\/api.w.org\/{rel}","templated":true}]}}