{"id":32663,"date":"2004-10-18T00:00:00","date_gmt":"2004-10-17T23:00:00","guid":{"rendered":"http:\/\/www.grappa.no\/no\/albums\/ukategorisert\/de-to-stemmer\/"},"modified":"2017-01-31T15:48:03","modified_gmt":"2017-01-31T14:48:03","slug":"de-to-stemmer","status":"publish","type":"product","link":"https:\/\/grappa.no\/no\/albums\/grappa\/de-to-stemmer\/","title":{"rendered":"DE TO STEMMER"},"content":{"rendered":"<p><\/p>\n<p>En musikalsk reise i Andr\u00e9 Bjerkes univers.<\/p>\n<p>Karoline Kr\u00fcger har med stor kj\u00e6rlighet for Andr\u00e9 Bjerkes diktning skrevet melodier til et knippe av hans dikt. Her f\u00e5r hun spent ut sitt mangfoldige talent som komponist, sanger og formidler. Kr\u00fcger inviterer p\u00e5 en liten reise i Bjerkes store univers; med hans klartenkte, overraskende og poetiske svar p\u00e5 livets enkle \u2013 som utfordrende sp\u00f8rsm\u00e5l; den evige dragningen mellom \u00abDe to stemmer\u00bb i menneskelivet. Lekende lett og dypt alvorlig om tilv\u00e6relsens sitrende motsetninger.<\/p>\n<p><!--more--><\/p>\n<p>Karoline Kr\u00fcger har lenge hatt stor kj\u00e6rlighet for Andr\u00e9 Bjerkes lyrikk og sammen med pianist Atle Halstensen inviterer hun n\u00e5 p\u00e5 en musikalsk reise i Bjerkes store univers.<\/p>\n<h4>Kritikerrost musikalsk forestilling<\/h4>\n<p>\u201dDe to stemmer\u201d er ogs\u00e5 en kritikerrost musikalsk forestilling i regi av Erik Ulfsby, som Karoline Kr\u00fcger og Atle Halstensen turnerte landet rundt med.<\/p>\n<h4>Karoline om prosjektet<\/h4>\n<p>\u2013 I nesten ti \u00e5r har Bjerkes \u201dSamlede Dikt\u201d st\u00e5tt oppsl\u00e5tt p\u00e5 mitt flygel. Som til et pusterom fra andre prosjekter har jeg stadig vendt tilbake til den; p\u00e5 seine kvelder vekselvis lest og spilt meg gjennom disse diktene \u2013 og v\u00e6rt ber\u00f8rt, overrasket og moret. de to stemmene; en av letthet, en av m\u00f8rkere alvor b\u00e6rer gjennom hans diktning &#8211; som to spenningsskapende motpoler. Aller best er han alle de ganger de to blir til \u00e9n; n\u00e5r det finnes noe trist i det vittige og ren klarhet i det poetiske. N\u00e5r formen og innholdet sammen b\u00e6rer fram et lite, sant \u00f8yeblikk.<\/p>\n<h4>S\u00e6regen og allsidig<\/h4>\n<p>Karoline Kr\u00fcger er en s\u00e6regen og allsidig artist og komponist. Siden debuten i 1988 har hun gitt ut seks soloalbum og medvirket p\u00e5 et titalls andre som komponist eller sanger\/musiker. Ved siden av sin konsertvirksomhet, har hun arbeidet som skuespiller og skrevet musikk for scene, tv og teater. Det kirkemusikalske trilogien \u201dJakobsmesse\u201d med tekst av Erik Hillestad, har til n\u00e5 v\u00e6rt fremf\u00f8rt i flere nordiske land.  Sammen med Tor \u00c5ge Bringsv\u00e6rd skrev hun den musikalske fabelen \u201dDe Hellige Tre Narrer\u201d en sangsyklus for kor og forteller, som ble utframf\u00f8rt p\u00e5 NRK1 julen 2003.  Men det er i konsertene at Karoline Kr\u00fcger f\u00e5r spenne ut hele sitt register; med en konsertform som strekker seg fra det enkle og underfundige til det mest dramatiske melodi\u00f8se. <\/p>\n<p>Forfatteren Andr\u00e9 Bjerke (1918-85) debuterte med diktsamlingen \u201dSyngende Jord\u201d i 1940. Han utviklet seg etter hvert til \u00e5 bli en av de mest allsidige kunstnere i norsk litteratur; med sin kunnskapsmengde og sitt alltid like flammende engasjement. Hans produksjon spenner over lyrikk, noveller, kriminalromaner, barnefortellinger og polemiske essays. S\u00e6rlig var han en mester i beherskelsen av de klassiske verseformene, noe han demonstrerte i sine gjendiktninger av utenlandsk poesi og dramatikk. <\/p>\n<p>Atle Halstensen er kjent som pianist, komponist, arrang\u00f8r og ikke  minst orkesterleder i tv- og konsertsammenheng. De siste \u00e5rene har han i st\u00f8rst grad arbeidet med st\u00f8rre ensembler, blant annet Bergen Filharmoniske Orkester. Atle Halstensen og Karoline Kr\u00fcger har tidligere gjennom flere \u00e5r hatt et tett samarbeid; n\u00e5 har de med stor glede funnet sammen igjen p\u00e5 dette albumet.<\/p>\n<p><\/p>","protected":false},"excerpt":{"rendered":"<p>Karoline Kr\u00fcger inviterer p\u00e5 en liten reise i Bjerkes store univers.<\/p>\n","protected":false},"featured_media":32665,"comment_status":"closed","ping_status":"open","template":"","meta":[],"product_brand":[],"product_cat":[6],"product_tag":[],"class_list":{"0":"post-32663","1":"product","2":"type-product","3":"status-publish","4":"has-post-thumbnail","6":"product_cat-grappa","7":"product_shipping_class-cddvd-shipping","8":"uni_artist_tag-atle-halstensen","9":"uni_artist_tag-gjermund-silset","10":"uni_artist_tag-karoline-kruger","11":"uni_artist_tag-nils-okland","12":"uni_artist_tag-sigvart-dagsland","13":"uni_main_artist_tag-karoline-kruger","14":"uni_artist_genre-norwegian-lyrics","15":"uni_artist_genre-scandinavian","16":"uni_artist_genre-singersongwriter","18":"first","19":"instock","20":"taxable","21":"shipping-taxable","22":"purchasable","23":"product-type-simple"},"_links":{"self":[{"href":"https:\/\/grappa.no\/no\/wp-json\/wp\/v2\/product\/32663","targetHints":{"allow":["GET"]}}],"collection":[{"href":"https:\/\/grappa.no\/no\/wp-json\/wp\/v2\/product"}],"about":[{"href":"https:\/\/grappa.no\/no\/wp-json\/wp\/v2\/types\/product"}],"replies":[{"embeddable":true,"href":"https:\/\/grappa.no\/no\/wp-json\/wp\/v2\/comments?post=32663"}],"wp:featuredmedia":[{"embeddable":true,"href":"https:\/\/grappa.no\/no\/wp-json\/wp\/v2\/media\/32665"}],"wp:attachment":[{"href":"https:\/\/grappa.no\/no\/wp-json\/wp\/v2\/media?parent=32663"}],"wp:term":[{"taxonomy":"product_brand","embeddable":true,"href":"https:\/\/grappa.no\/no\/wp-json\/wp\/v2\/product_brand?post=32663"},{"taxonomy":"product_cat","embeddable":true,"href":"https:\/\/grappa.no\/no\/wp-json\/wp\/v2\/product_cat?post=32663"},{"taxonomy":"product_tag","embeddable":true,"href":"https:\/\/grappa.no\/no\/wp-json\/wp\/v2\/product_tag?post=32663"}],"curies":[{"name":"wp","href":"https:\/\/api.w.org\/{rel}","templated":true}]}}