{"id":32596,"date":"2017-02-10T00:00:00","date_gmt":"2017-02-09T23:00:00","guid":{"rendered":"http:\/\/www.grappa.no\/no\/albums\/ukategorisert\/irgens-jensen-%c2%b7-halvorsen-%c2%b7-sinding\/"},"modified":"2019-03-21T11:04:07","modified_gmt":"2019-03-21T10:04:07","slug":"irgens-jensen-%c2%b7-halvorsen-%c2%b7-sinding","status":"publish","type":"product","link":"https:\/\/grappa.no\/no\/albums\/simax-classics\/irgens-jensen-%c2%b7-halvorsen-%c2%b7-sinding\/","title":{"rendered":"Irgens-Jensen \u00b7 Halvorsen \u00b7 Sinding"},"content":{"rendered":"<p><\/p>\n<p>En norsk tradisjon for fiolinmusikk.<\/p>\n<p>Fiolinisten Jonas B\u00e5tstrand og pianisten Helge Kjekshus trekker her frem fiolinverker av Johan Halvorsen, Christian Sinding og Ludvig Irgens-Jensen fra gullalderen i norsk musikkliv. I Norge har Griegs tre fiolinsonater som er blitt st\u00e5ende p\u00e5 repertoaret, men det finnes ogs\u00e5 mye annen god fiolinmusikk som burde trekkes frem og f\u00e5 en ny start \u2013 som de tre verkene p\u00e5 denne utgivelsen. <\/p>\n<p>I Halvorsens utfordrende og virtuose Capriccio, Sindings Bach-inspirerte Suite for solofiolin, og Irgens-Jensens lenge glemte fiolinsonate, har de prisvinnende ut\u00f8verne B\u00e5tstrand og Kjekshus funnet tre s\u00e5 godt som glemte skatter fra norsk musikkhistorie. B\u00e5tstrand har spilt for mestere som Ruggiero Ricci og Yehudi Menuhin, og har vunnet en rekke priser gjennom sin karriere. Kjekshus befinner seg i fremste rekke av norske solister og har opptr\u00e5dt b\u00e5de med ledende orkestre og som solist verden over.<\/p>\n<p><!--more--><\/p>\n<p>Fiolinisten Jonas B\u00e5tstrand og pianisten Helge Kjekshus trekker her frem mindre kjente fiolinverker av Johan Halvorsen, Christian Sinding og Ludvig Irgens-Jensen fra gullalderen i norsk musikkliv.<\/p>\n<h4>En norsk tradisjon for fiolinmusikk<\/h4>\n<p>Det var p\u00e5 denne tiden et stadig \u00f8kende behov for ny musikk for instrumentene, og komponistene bidro med b\u00e5de lette stykker, arrangementer av kjent musikk og mer dyptpl\u00f8yende musikk. I Norge er det jo s\u00e6rlig Edvard Griegs tre fiolinsonater som er blitt st\u00e5ende p\u00e5 repertoaret. Men det finnes ogs\u00e5 mye annen god fiolinmusikk som burde trekkes frem og f\u00e5 en ny start; blant dem de tre verkene p\u00e5 denne utgivelsen. Dette er musikk av ledende norske komponister som b\u00f8r inng\u00e5 i v\u00e5r norske tradisjon.<\/p>\n<h4>Halvorsen, Sinding og Irgens-Jensen<\/h4>\n<p>Halvorsens &#8216;Capriccio&#8217; er et utfordrende stykke rent musikalsk, inkludert det virtuose fiolinspillet, med p\u00e5virkninger i retning av norsk halling. Sinding \u00f8nsket \u00e5 skrive sine store symfonier og solokonserter, men han overlevde som komponist av kammermusikk og sanger. Hans &#8216;Suite for solofiolin&#8217; har \u00e5penbart J.S. Bachs partitaer og solosonater som forbilder, men det er de ytre rammene som er gamle: innholdet, melodisk utforming og harmonikk er Sindings eget uttrykk. Irgens-Jensen blir i dag gjerne forbundet med stor orkestermusikk, og hans kammermusikk er ogs\u00e5 mer beskjeden i antall. Fiolinsonaten er stilistisk noe annerledes enn Irgens-Jensens store, mer moderne orkesterverker, med forbilder som Grieg, Brahms, Saint-Sa\u00ebns og Reger. Irgens-Jensen var gjennomg\u00e5ende kritisk til det han hadde gjort, og sonaten ble liggende til etter hans d\u00f8d da pianisten Eva Knardahl og fiolinisten \u00d8rnulf Boye Hansen trakk den frem igjen.<\/p>\n<h4>Jonas B\u00e5tstrand og Helge Kjekshus<\/h4>\n<p>Jonas B\u00e5tstrand har valgt \u00e5 plukke frem mindre kjente norske verker til denne utgivelsen. Han er kunstnerisk leder for Christiania Ensemblet, spesialister i ukjente verker fra gullalderen i norsk musikkliv. De har blant annet fremf\u00f8rt Sindings og Borgstr\u00f8ms klaverkvintetter med pianisten Christian Ihle Hadland, og i 2010 ga B\u00e5strand ut sin debut-CD med f\u00f8rstegangsinnspillingen av Hjalmar Borgstr\u00f8ms fiolinkonsert p\u00e5 Simax \u2013 et album som fikk 6\u2019ere i blant annet Aftenposten og musikkmagasinet Klassisk. B\u00e5tstrand er utdannet ved Norges Musikkh\u00f8gskole og har studert med Zakhar Bron, Camilla Wicks og Miguel Negri i Tyskland, USA og Italia. Han har ogs\u00e5 spilt for mestere som Ruggiero Ricci og Yehudi Menuhin og vunnet flere priser i l\u00f8pet av studietiden, blant annet \u00c6resprisen i Sparre Olsen-konkurransen. Helge Kjekshus er i fremste rekke blant norske solister, har spilt med ledende skandinaviske orkestre, samt europeiske og amerikanske orkestre, holdt solokonserter over hele verden, og mottok den prestisjetunge Grieg-prisen i 1998.<\/p>\n<p><\/p>","protected":false},"excerpt":{"rendered":"<p>Jonas B\u00e5tstrand og Helge Kjekshus henter frem ukjente fiolinverk fra gullalderen i norsk musikkliv.<\/p>\n","protected":false},"featured_media":32597,"comment_status":"closed","ping_status":"open","template":"","meta":[],"product_brand":[],"product_cat":[180],"product_tag":[],"class_list":{"0":"post-32596","1":"product","2":"type-product","3":"status-publish","4":"has-post-thumbnail","6":"product_cat-simax-classics","7":"product_shipping_class-cddvd-shipping","8":"uni_artist_tag-christian-sinding","9":"uni_artist_tag-helge-kjekshus","10":"uni_artist_tag-johan-halvorsen","11":"uni_artist_tag-jonas-batstrand","12":"uni_artist_tag-jorn-pedersen","13":"uni_artist_tag-ludvig-irgens-jensen","14":"uni_main_artist_tag-jonas-batstrand","15":"uni_artist_genre-chamber-music","16":"uni_artist_genre-strings","17":"uni_artist_genre-world-premiere-recording","19":"first","20":"instock","21":"taxable","22":"shipping-taxable","23":"purchasable","24":"product-type-simple"},"_links":{"self":[{"href":"https:\/\/grappa.no\/no\/wp-json\/wp\/v2\/product\/32596","targetHints":{"allow":["GET"]}}],"collection":[{"href":"https:\/\/grappa.no\/no\/wp-json\/wp\/v2\/product"}],"about":[{"href":"https:\/\/grappa.no\/no\/wp-json\/wp\/v2\/types\/product"}],"replies":[{"embeddable":true,"href":"https:\/\/grappa.no\/no\/wp-json\/wp\/v2\/comments?post=32596"}],"wp:featuredmedia":[{"embeddable":true,"href":"https:\/\/grappa.no\/no\/wp-json\/wp\/v2\/media\/32597"}],"wp:attachment":[{"href":"https:\/\/grappa.no\/no\/wp-json\/wp\/v2\/media?parent=32596"}],"wp:term":[{"taxonomy":"product_brand","embeddable":true,"href":"https:\/\/grappa.no\/no\/wp-json\/wp\/v2\/product_brand?post=32596"},{"taxonomy":"product_cat","embeddable":true,"href":"https:\/\/grappa.no\/no\/wp-json\/wp\/v2\/product_cat?post=32596"},{"taxonomy":"product_tag","embeddable":true,"href":"https:\/\/grappa.no\/no\/wp-json\/wp\/v2\/product_tag?post=32596"}],"curies":[{"name":"wp","href":"https:\/\/api.w.org\/{rel}","templated":true}]}}