{"id":32544,"date":"1999-11-25T00:00:00","date_gmt":"1999-11-24T23:00:00","guid":{"rendered":"http:\/\/www.grappa.no\/no\/albums\/ukategorisert\/norske-turdansar-kontradansar-fra-austlandet\/"},"modified":"2017-01-03T09:18:10","modified_gmt":"2017-01-03T08:18:10","slug":"norske-turdansar-kontradansar-fra-austlandet","status":"publish","type":"product","link":"https:\/\/grappa.no\/no\/albums\/heilo\/norske-turdansar-kontradansar-fra-austlandet\/","title":{"rendered":"Norske Turdansar &amp; Kontradansar fr\u00e5 Austlandet"},"content":{"rendered":"<p><\/p>\n<p>Kontradanser fra \u00d8stlandsomr\u00e5det<\/p>\n<p>\u201dKontradansar fr\u00e5 Austlandet\u201d er den f\u00f8rste utgivelsen i en serie p\u00e5 fem som omfatter alle landets tur- og stildanser, utgitt i regi av Norges Ungdomslag. Denne tar for seg kontradansene fra \u00d8stlandsomr\u00e5det med blant annet engelskdansk, fransese, fandango, b\u00f8hmerdans og vals, fremf\u00f8rt av Christiania Thour- og Runddansensemble og Bas &amp; Bordun. <\/p>\n<p>Andre utgivelser i serien:<br \/>\nTurdanser 2: Danser fr\u00e5 Agder og Nord-Norge (HCD7117)<br \/>\nTurdanser 3: Turdanser fr\u00e5 Vestlandet (HCD7142)<br \/>\nTurdanser 4: Turdanser fr\u00e5 Austlandet (HCD7177)<br \/>\nTurdanser 5: Turdansar fr\u00e5 Tr\u00f8ndelag (HCD7266)<\/p>\n<p><!--more--><\/p>\n<h4><\/h4>\n<\/p>\n<h4><\/h4>\n<p><h4><\/h4>\n<\/p>\n<p><\/p>","protected":false},"excerpt":{"rendered":"<p>F\u00f8rste utgivelse i serien Norske Turdanser.<\/p>\n","protected":false},"featured_media":32545,"comment_status":"closed","ping_status":"open","template":"","meta":[],"product_brand":[],"product_cat":[35],"product_tag":[],"class_list":{"0":"post-32544","1":"product","2":"type-product","3":"status-publish","4":"has-post-thumbnail","6":"product_cat-heilo","7":"product_shipping_class-cddvd-shipping","8":"uni_artist_tag-lars-andreas-haug","9":"uni_artist_tag-trad","10":"uni_artist_genre-folk-music","12":"first","13":"instock","14":"taxable","15":"shipping-taxable","16":"purchasable","17":"product-type-simple"},"_links":{"self":[{"href":"https:\/\/grappa.no\/no\/wp-json\/wp\/v2\/product\/32544","targetHints":{"allow":["GET"]}}],"collection":[{"href":"https:\/\/grappa.no\/no\/wp-json\/wp\/v2\/product"}],"about":[{"href":"https:\/\/grappa.no\/no\/wp-json\/wp\/v2\/types\/product"}],"replies":[{"embeddable":true,"href":"https:\/\/grappa.no\/no\/wp-json\/wp\/v2\/comments?post=32544"}],"wp:featuredmedia":[{"embeddable":true,"href":"https:\/\/grappa.no\/no\/wp-json\/wp\/v2\/media\/32545"}],"wp:attachment":[{"href":"https:\/\/grappa.no\/no\/wp-json\/wp\/v2\/media?parent=32544"}],"wp:term":[{"taxonomy":"product_brand","embeddable":true,"href":"https:\/\/grappa.no\/no\/wp-json\/wp\/v2\/product_brand?post=32544"},{"taxonomy":"product_cat","embeddable":true,"href":"https:\/\/grappa.no\/no\/wp-json\/wp\/v2\/product_cat?post=32544"},{"taxonomy":"product_tag","embeddable":true,"href":"https:\/\/grappa.no\/no\/wp-json\/wp\/v2\/product_tag?post=32544"}],"curies":[{"name":"wp","href":"https:\/\/api.w.org\/{rel}","templated":true}]}}