{"id":32527,"date":"2010-01-18T00:00:00","date_gmt":"2010-01-17T23:00:00","guid":{"rendered":"http:\/\/www.grappa.no\/no\/albums\/ukategorisert\/en-krans-av-gull\/"},"modified":"2016-12-30T12:48:08","modified_gmt":"2016-12-30T11:48:08","slug":"en-krans-av-gull","status":"publish","type":"product","link":"https:\/\/grappa.no\/no\/albums\/simax-classics\/en-krans-av-gull\/","title":{"rendered":"En krans av gull"},"content":{"rendered":"<p><\/p>\n<p>Vakker musikalsk fortelling om St. Hallvard<\/p>\n<p>Den vakre legenden om Sankt Hallvard fortelles n\u00e5 gjennom et nytt norsk kirkemusikalsk verk, med tekst av Eyvind Skeie og musikk av Odd Johan Over\u00f8ye. Verket presenteres i disse dager p\u00e5 plate med den levende fortellerstemmen til Nils Ole Oftebro, Bragernes kirkes jente,- og ungdomskor, og et topplag av solister og musikere i spennet fra world music til opera.<\/p>\n<p>Opphavsmennene Skeie \/ Over\u00f8ye har de siste \u00e5rene samarbeidet om en rekke musikkteaterproduksjoner for barn og unge. Verkene har v\u00e6rt fremf\u00f8rt ved festivaler som Olavsfestdagene, Oslo Internasjonale Kirkemusikkfestival og Hardanger Musikkfest, samt ved konserter over hele landet. Med spennende tekstgrunnlag, musikalsk mangfold og topp ut\u00f8vere er \u00abEn krans av gull\u00bb blitt en CD med bred appell \u2013 en original og moderne tiln\u00e6rming til den vakre legenden om St Hallvard, Liergutten som ble Oslo bys vernehelgen.<\/p>\n<p><!--more--><\/p>\n<p>Den vakre legenden om Sankt Hallvard fortelles n\u00e5 gjennom et nytt norsk kirkemusikalsk verk, med tekst av Eyvind Skeie og musikk av Odd Johan Over\u00f8ye. Verket presenteres i disse dager p\u00e5 plate med den levende fortellerstemmen til Nils Ole Oftebro, Bragernes kirkes jente,- og ungdomskor, og et topplag av solister og musikere i spennet fra world music til opera.<\/p>\n<h4>Hallvard \u2013 de forsvarsl\u00f8ses beskytter<\/h4>\n<p>\u00abEn krans av gull\u00bb er en revitalisering av nasjonal kulturarv, med geografisk utgangspunkt i Drammen og Lier, der handlingen utspiller seg i \u00e5ret 1043. Den unge gutten Hallvard   representerer noe nytt &#8211; han forsvarer en forsvarsl\u00f8s trellkvinne og hennes uf\u00f8dte barn. Fra hans fortelling utg\u00e5r det en kraftig moralsk impuls til alle, om \u00e5 v\u00e5ge \u00e5 ta stilling i de \u00f8yeblikk og valgsituasjoner der viktige verdier st\u00e5r p\u00e5 spill.<\/p>\n<h4>Et verk for v\u00e5r egen tid<\/h4>\n<p>\u00abEn krans av gull\u00bb  aktualiserer p\u00e5 en utfordrende m\u00e5te en gammel fortelling inn i v\u00e5r egen tid.<br \/>\nDen timelange produksjonen i 11 scener rommer sang, dans og drama, designet for kirkerommet. Verket har elementer fra middelalder, musikaltradisjonen og et mer samtidig klanguttrykk.<br \/>\nMed spennende tekstgrunnlag, musikalsk mangfold og topp ut\u00f8vere er \u00abEn krans av gull\u00bb blitt en CD med bred appell \u2013 en original og moderne tiln\u00e6rming til den vakre legenden om St Hallvard, Liergutten som ble Oslo bys vernehelgen.<\/p>\n<h4>Rikt musikkmilj\u00f8 i Bragernes kirke<\/h4>\n<p>Bragernes kirkes jentekor og ungdomskor inng\u00e5r i et av landets mest vitale kirkemusikkmilj\u00f8er, systematisk bygget opp av kantor Beate Str\u00f8mme Fevang. Jentene synger jevnlig ved gudstjenester og konserter. De har ogs\u00e5 urfremf\u00f8rt verk tidligere og turnert i bla Norge og USA. \u00abEn krans av gull\u00bb er korenes f\u00f8rste egne plateprosjekt.<\/p>\n<p><\/p>","protected":false},"excerpt":{"rendered":"<p class=\"qtranxs-available-languages-message qtranxs-available-languages-message-no\">Post is not available in the requested language<\/p>\n<p>The beatiful legend of the Norwegian St. Hallvard<\/p>\n","protected":false},"featured_media":32528,"comment_status":"closed","ping_status":"open","template":"","meta":[],"product_brand":[],"product_cat":[180],"product_tag":[],"class_list":{"0":"post-32527","1":"product","2":"type-product","3":"status-publish","4":"has-post-thumbnail","6":"product_cat-simax-classics","7":"product_shipping_class-cddvd-shipping","8":"uni_artist_tag-beate-stromme-fevang","9":"uni_artist_tag-bragernes-kirkes-jentekor-og-ungsomskor","10":"uni_artist_tag-odd-johan-overoye","11":"uni_artist_tag-sean-lewis","12":"uni_main_artist_tag-bragernes-kirkes-jentekor-og-ungsomskor","13":"uni_artist_genre-choir","14":"uni_artist_genre-religious","16":"first","17":"instock","18":"taxable","19":"shipping-taxable","20":"purchasable","21":"product-type-simple"},"_links":{"self":[{"href":"https:\/\/grappa.no\/no\/wp-json\/wp\/v2\/product\/32527","targetHints":{"allow":["GET"]}}],"collection":[{"href":"https:\/\/grappa.no\/no\/wp-json\/wp\/v2\/product"}],"about":[{"href":"https:\/\/grappa.no\/no\/wp-json\/wp\/v2\/types\/product"}],"replies":[{"embeddable":true,"href":"https:\/\/grappa.no\/no\/wp-json\/wp\/v2\/comments?post=32527"}],"wp:featuredmedia":[{"embeddable":true,"href":"https:\/\/grappa.no\/no\/wp-json\/wp\/v2\/media\/32528"}],"wp:attachment":[{"href":"https:\/\/grappa.no\/no\/wp-json\/wp\/v2\/media?parent=32527"}],"wp:term":[{"taxonomy":"product_brand","embeddable":true,"href":"https:\/\/grappa.no\/no\/wp-json\/wp\/v2\/product_brand?post=32527"},{"taxonomy":"product_cat","embeddable":true,"href":"https:\/\/grappa.no\/no\/wp-json\/wp\/v2\/product_cat?post=32527"},{"taxonomy":"product_tag","embeddable":true,"href":"https:\/\/grappa.no\/no\/wp-json\/wp\/v2\/product_tag?post=32527"}],"curies":[{"name":"wp","href":"https:\/\/api.w.org\/{rel}","templated":true}]}}