{"id":32444,"date":"2013-06-21T00:00:00","date_gmt":"2013-06-20T23:00:00","guid":{"rendered":"http:\/\/www.grappa.no\/no\/albums\/ukategorisert\/karsten-og-petra-sangene-fra-filmene-og-tv-serien\/"},"modified":"2017-09-29T09:05:06","modified_gmt":"2017-09-29T08:05:06","slug":"karsten-og-petra-sangene-fra-filmene-og-tv-serien","status":"publish","type":"product","link":"https:\/\/grappa.no\/no\/albums\/barne\/karsten-og-petra-sangene-fra-filmene-og-tv-serien\/","title":{"rendered":"Karsten og Petra &#8211; Sangene fra filmene og TV-serien"},"content":{"rendered":"<p><\/p>\n<p>Musikken fra Karsten og Petra<\/p>\n<p>Barnefilmen Karsten og Petra Blir Bestevenner, basert p\u00e5 Tor \u00c5ge Bringsv\u00e6rds popul\u00e6re barneb\u00f8ker, ble en kjempesuksess v\u00e5ren 2013. H\u00f8sten 2013 kom en helt ny TV-serie p\u00e5 NRK, og i 2014 er det duket for ny barnefilm. Til filmene og TV-serien er det produsert 12 sanger som her utgis p\u00e5 CD. Musikken er komponert og produsert av Lars Kilevold, mens sangtekstene er skrevet av skuespiller og regiss\u00f8rveteran Arne Lindtner N\u00e6ss (som ogs\u00e5 har regi p\u00e5 filmene om Karsten og Petra). <\/p>\n<p>Sammen utgj\u00f8r Kilevold og N\u00e6ss et stjerneteam som har produsert en rekke lekne og melodi\u00f8se sanger til Karsten og Petra-universet. Dette er viser og popl\u00e5ter som f\u00e5r b\u00e5de store og sm\u00e5 i godt hum\u00f8r. En del av sangene er innspilt med The City of Prague Philharmonic Orchestra og framf\u00f8res av en rekke kjente artister og skuespillere fra filmene; Ivar N\u00f8rve, Nora Amundsen, Elias S\u00f8vold Simonsen, Hilde Louise Ambj\u00f8rnsen, Thorbj\u00f8rn Harr, Kristin Langsrud (MGP jr. 2011) og Anna Celine Bredal (Verdens Beste SFO). Sangene bindes sammen med sm\u00e5, koselige fortellinger lest av Ivar N\u00f8rve.<\/p>\n<p><!--more--><\/p>\n<h4><\/h4>\n<\/p>\n<h4><\/h4>\n<p><h4><\/h4>\n<\/p>\n<p><\/p>","protected":false},"excerpt":{"rendered":"<p>Alle 12 sangene fra Karsten og Petra-filmene og -TV-serien.<\/p>\n","protected":false},"featured_media":32449,"comment_status":"closed","ping_status":"open","template":"","meta":[],"product_brand":[],"product_cat":[15],"product_tag":[],"class_list":{"0":"post-32444","1":"product","2":"type-product","3":"status-publish","4":"has-post-thumbnail","6":"product_cat-barne","7":"product_shipping_class-cddvd-shipping","8":"uni_artist_tag-hallgrim-bratberg","9":"uni_artist_tag-hilde-louise-asbjornsen","10":"uni_artist_tag-linn-andrea-fugleseth","11":"uni_artist_tag-martin-windstad","12":"uni_artist_tag-thorbjorn-harr","13":"uni_artist_genre-children","14":"uni_artist_genre-film-music","15":"uni_artist_genre-norwegian-lyrics","17":"first","18":"instock","19":"taxable","20":"shipping-taxable","21":"purchasable","22":"product-type-simple"},"_links":{"self":[{"href":"https:\/\/grappa.no\/no\/wp-json\/wp\/v2\/product\/32444","targetHints":{"allow":["GET"]}}],"collection":[{"href":"https:\/\/grappa.no\/no\/wp-json\/wp\/v2\/product"}],"about":[{"href":"https:\/\/grappa.no\/no\/wp-json\/wp\/v2\/types\/product"}],"replies":[{"embeddable":true,"href":"https:\/\/grappa.no\/no\/wp-json\/wp\/v2\/comments?post=32444"}],"wp:featuredmedia":[{"embeddable":true,"href":"https:\/\/grappa.no\/no\/wp-json\/wp\/v2\/media\/32449"}],"wp:attachment":[{"href":"https:\/\/grappa.no\/no\/wp-json\/wp\/v2\/media?parent=32444"}],"wp:term":[{"taxonomy":"product_brand","embeddable":true,"href":"https:\/\/grappa.no\/no\/wp-json\/wp\/v2\/product_brand?post=32444"},{"taxonomy":"product_cat","embeddable":true,"href":"https:\/\/grappa.no\/no\/wp-json\/wp\/v2\/product_cat?post=32444"},{"taxonomy":"product_tag","embeddable":true,"href":"https:\/\/grappa.no\/no\/wp-json\/wp\/v2\/product_tag?post=32444"}],"curies":[{"name":"wp","href":"https:\/\/api.w.org\/{rel}","templated":true}]}}