{"id":32418,"date":"2011-05-20T00:00:00","date_gmt":"2011-05-19T23:00:00","guid":{"rendered":"http:\/\/www.grappa.no\/no\/albums\/ukategorisert\/h-c-andersens-klassiske-eventyr-1\/"},"modified":"2017-09-29T09:04:19","modified_gmt":"2017-09-29T08:04:19","slug":"h-c-andersens-klassiske-eventyr-1","status":"publish","type":"product","link":"https:\/\/grappa.no\/no\/albums\/barne\/h-c-andersens-klassiske-eventyr-1\/","title":{"rendered":"H.C. Andersens klassiske eventyr 1"},"content":{"rendered":"<p><\/p>\n<p>H. C. Andersens eventyr<\/p>\n<p>I generasjoner har H. C. Andersen underholdt b\u00e5de store som sm\u00e5 med sine eventyr, historier og fabler. Vi relanserer n\u00e5 utgivelsen fra 2004 med nytt design tegnet av den danske illustrat\u00f8ren Morten Schmidt (M\u00e5rd\u00f8n Smet). Dette er den f\u00f8rste lydboken i serien, med fortellingene Keiserens nye kl\u00e6r, Prinsessen p\u00e5 erten, Kloss-Hans og Nattergalen.<\/p>\n<p><!--more--><\/p>\n<h4><\/h4>\n<\/p>\n<h4><\/h4>\n<p><h4><\/h4>\n<\/p>\n<p><\/p>","protected":false},"excerpt":{"rendered":"<p>Dette er den f\u00f8rste lydboken i serien med H.C. Andersens klassiske fortellinger, med fortellingene Keiserens nye kl\u00e6r, Prinsessen p\u00e5 erten, Kloss-Hans og Nattergalen.<\/p>\n","protected":false},"featured_media":32423,"comment_status":"closed","ping_status":"open","template":"","meta":[],"product_brand":[],"product_cat":[15],"product_tag":[],"class_list":{"0":"post-32418","1":"product","2":"type-product","3":"status-publish","4":"has-post-thumbnail","6":"product_cat-barne","7":"product_shipping_class-none","8":"uni_artist_genre-audio-book","9":"uni_artist_genre-children","10":"uni_artist_genre-norwegian-lyrics","12":"first","13":"outofstock","14":"taxable","15":"shipping-taxable","16":"product-type-simple"},"_links":{"self":[{"href":"https:\/\/grappa.no\/no\/wp-json\/wp\/v2\/product\/32418","targetHints":{"allow":["GET"]}}],"collection":[{"href":"https:\/\/grappa.no\/no\/wp-json\/wp\/v2\/product"}],"about":[{"href":"https:\/\/grappa.no\/no\/wp-json\/wp\/v2\/types\/product"}],"replies":[{"embeddable":true,"href":"https:\/\/grappa.no\/no\/wp-json\/wp\/v2\/comments?post=32418"}],"wp:featuredmedia":[{"embeddable":true,"href":"https:\/\/grappa.no\/no\/wp-json\/wp\/v2\/media\/32423"}],"wp:attachment":[{"href":"https:\/\/grappa.no\/no\/wp-json\/wp\/v2\/media?parent=32418"}],"wp:term":[{"taxonomy":"product_brand","embeddable":true,"href":"https:\/\/grappa.no\/no\/wp-json\/wp\/v2\/product_brand?post=32418"},{"taxonomy":"product_cat","embeddable":true,"href":"https:\/\/grappa.no\/no\/wp-json\/wp\/v2\/product_cat?post=32418"},{"taxonomy":"product_tag","embeddable":true,"href":"https:\/\/grappa.no\/no\/wp-json\/wp\/v2\/product_tag?post=32418"}],"curies":[{"name":"wp","href":"https:\/\/api.w.org\/{rel}","templated":true}]}}