{"id":32417,"date":"2011-05-20T00:00:00","date_gmt":"2011-05-19T23:00:00","guid":{"rendered":"http:\/\/www.grappa.no\/no\/albums\/ukategorisert\/mine-beste-fortellinger-2\/"},"modified":"2017-09-29T09:04:14","modified_gmt":"2017-09-29T08:04:14","slug":"mine-beste-fortellinger-2","status":"publish","type":"product","link":"https:\/\/grappa.no\/no\/albums\/barne\/mine-beste-fortellinger-2\/","title":{"rendered":"Mine beste fortellinger 2"},"content":{"rendered":"<p><\/p>\n<p>Mine beste fortellinger 2<\/p>\n<p>Eventyr og fortellinger er alltid aktuelle og underholdende, og Mine beste fortellinger er en lydbok som b\u00e5de sm\u00e5 og store kan ha glede av. De korte fortellingene passer perfekt som godnatthistorier p\u00e5 sengekanten, eller ganske enkelt for alle som liker en god historie. S\u00e5 sett deg godt til rette, og bli med inn i en spennende og magisk verden sammen med R\u00f8dhette og ulven, Tommelise, De tre bukkene Bruse og mange flere!<\/p>\n<p><!--more--><\/p>\n<h4><\/h4>\n<\/p>\n<h4><\/h4>\n<p><h4><\/h4>\n<\/p>\n<p><\/p>","protected":false},"excerpt":{"rendered":"<p>Eventyr og fortellinger er alltid aktuelle og underholdende, og Mine beste fortellinger er en lydbok som b\u00e5de sm\u00e5 og store kan ha glede av.<\/p>\n","protected":false},"featured_media":32422,"comment_status":"closed","ping_status":"open","template":"","meta":[],"product_brand":[],"product_cat":[15],"product_tag":[],"class_list":{"0":"post-32417","1":"product","2":"type-product","3":"status-publish","4":"has-post-thumbnail","6":"product_cat-barne","7":"product_shipping_class-none","8":"uni_artist_genre-audio-book","9":"uni_artist_genre-children","10":"uni_artist_genre-norwegian-lyrics","12":"first","13":"outofstock","14":"taxable","15":"shipping-taxable","16":"product-type-simple"},"_links":{"self":[{"href":"https:\/\/grappa.no\/no\/wp-json\/wp\/v2\/product\/32417","targetHints":{"allow":["GET"]}}],"collection":[{"href":"https:\/\/grappa.no\/no\/wp-json\/wp\/v2\/product"}],"about":[{"href":"https:\/\/grappa.no\/no\/wp-json\/wp\/v2\/types\/product"}],"replies":[{"embeddable":true,"href":"https:\/\/grappa.no\/no\/wp-json\/wp\/v2\/comments?post=32417"}],"wp:featuredmedia":[{"embeddable":true,"href":"https:\/\/grappa.no\/no\/wp-json\/wp\/v2\/media\/32422"}],"wp:attachment":[{"href":"https:\/\/grappa.no\/no\/wp-json\/wp\/v2\/media?parent=32417"}],"wp:term":[{"taxonomy":"product_brand","embeddable":true,"href":"https:\/\/grappa.no\/no\/wp-json\/wp\/v2\/product_brand?post=32417"},{"taxonomy":"product_cat","embeddable":true,"href":"https:\/\/grappa.no\/no\/wp-json\/wp\/v2\/product_cat?post=32417"},{"taxonomy":"product_tag","embeddable":true,"href":"https:\/\/grappa.no\/no\/wp-json\/wp\/v2\/product_tag?post=32417"}],"curies":[{"name":"wp","href":"https:\/\/api.w.org\/{rel}","templated":true}]}}