{"id":32415,"date":"2010-01-04T00:00:00","date_gmt":"2010-01-03T23:00:00","guid":{"rendered":"http:\/\/www.grappa.no\/no\/albums\/ukategorisert\/pelle-politibil-gar-i-vannet\/"},"modified":"2017-09-29T09:04:05","modified_gmt":"2017-09-29T08:04:05","slug":"pelle-politibil-gar-i-vannet","status":"publish","type":"product","link":"https:\/\/grappa.no\/no\/albums\/barne\/pelle-politibil-gar-i-vannet\/","title":{"rendered":"Pelle Politibil &#8211; G\u00e5r i vannet"},"content":{"rendered":"<p><\/p>\n<p>Pelle Politibil p\u00e5 nye eventyr<\/p>\n<p>Pelle Politibil hadde sin f\u00f8rste nasjonale opptreden i Barnetimen for de minste p\u00e5 NRK Radio i 1986, og siden har det blitt b\u00e5de bokutgivelser, forestillinger, TV-serier og film. Den forrige Pelle-filmen fra 2002 ble sett av mer enn 150.000, og i dag er Pelle en av Norges mest popul\u00e6re Barne-TV-figurer.<\/p>\n<p>N\u00e5 er den sjarmerende politibilen fra Bod\u00f8 klar for nye eventyr! Denne gangen m\u00e5 han l\u00f8se et vannmysterium og ta opp jakten p\u00e5 sleipe milj\u00f8forbrytere. Br\u00f8drene Grevling tapper nemlig byens drikkevannvann p\u00e5 flaske og selger det dyrt til byens befolking under en drepende sommervarme. De setter ogs\u00e5 den fredelige, lille byen i fare n\u00e5r de bygger en stor monsterdemning for \u00e5 lede mer vann inn i det hemmelige tapperiet inne i fjellet. Pelle avsl\u00f8rer planene sammen med sin lille venninne Oda Oter, men det blir en lang og hard kamp f\u00f8r han kan ta det endelige oppgj\u00f8ret med milj\u00f8forbryterne.<\/p>\n<p><!--more--><\/p>\n<h4><\/h4>\n<\/p>\n<h4><\/h4>\n<p><h4><\/h4>\n<\/p>\n<p><\/p>","protected":false},"excerpt":{"rendered":"<p>Lydbok basert p\u00e5 Pelle Politibil: G\u00e5r i vannet. Lest av Christoffer Staib.<\/p>\n","protected":false},"featured_media":32420,"comment_status":"closed","ping_status":"open","template":"","meta":[],"product_brand":[],"product_cat":[15],"product_tag":[],"class_list":{"0":"post-32415","1":"product","2":"type-product","3":"status-publish","4":"has-post-thumbnail","6":"product_cat-barne","7":"product_shipping_class-none","8":"uni_artist_genre-children","9":"uni_artist_genre-norwegian-lyrics","11":"first","12":"outofstock","13":"taxable","14":"shipping-taxable","15":"product-type-simple"},"_links":{"self":[{"href":"https:\/\/grappa.no\/no\/wp-json\/wp\/v2\/product\/32415","targetHints":{"allow":["GET"]}}],"collection":[{"href":"https:\/\/grappa.no\/no\/wp-json\/wp\/v2\/product"}],"about":[{"href":"https:\/\/grappa.no\/no\/wp-json\/wp\/v2\/types\/product"}],"replies":[{"embeddable":true,"href":"https:\/\/grappa.no\/no\/wp-json\/wp\/v2\/comments?post=32415"}],"wp:featuredmedia":[{"embeddable":true,"href":"https:\/\/grappa.no\/no\/wp-json\/wp\/v2\/media\/32420"}],"wp:attachment":[{"href":"https:\/\/grappa.no\/no\/wp-json\/wp\/v2\/media?parent=32415"}],"wp:term":[{"taxonomy":"product_brand","embeddable":true,"href":"https:\/\/grappa.no\/no\/wp-json\/wp\/v2\/product_brand?post=32415"},{"taxonomy":"product_cat","embeddable":true,"href":"https:\/\/grappa.no\/no\/wp-json\/wp\/v2\/product_cat?post=32415"},{"taxonomy":"product_tag","embeddable":true,"href":"https:\/\/grappa.no\/no\/wp-json\/wp\/v2\/product_tag?post=32415"}],"curies":[{"name":"wp","href":"https:\/\/api.w.org\/{rel}","templated":true}]}}