{"id":32408,"date":"1998-12-07T00:00:00","date_gmt":"1998-12-06T23:00:00","guid":{"rendered":"http:\/\/www.grappa.no\/no\/albums\/ukategorisert\/i-jolo-jul-pa-gamlematen\/"},"modified":"2016-12-08T09:18:10","modified_gmt":"2016-12-08T08:18:10","slug":"i-jolo-jul-pa-gamlematen","status":"publish","type":"product","link":"https:\/\/grappa.no\/no\/albums\/heilo\/i-jolo-jul-pa-gamlematen\/","title":{"rendered":"I jolo \u2013 Jul p\u00e5 gamlem\u00e5ten"},"content":{"rendered":"<p><\/p>\n<p>Jul p\u00e5 gamlem\u00e5ten<\/p>\n<p>Utgivelsen ble av flere kritikere l\u00f8ftet frem som \u00e5rets mest originale julealbum og det er ikke vanskelig \u00e5 forst\u00e5 hvorfor. Her er julestev, trollviser, salmer, legendeviser og sl\u00e5tter side om side. De ulike bidragene gir et helhetlig inntrykk av hvilke tradisjoner som har v\u00e6rt formet den norske julefeiringen slik vi kjenner den i dag. I jolo er bygget opp som en gammeldags julaften der vi f\u00e5r innblikk i lauginga, det rituelle badet f\u00f8r julem\u00e5ltidet, drikketradisjoner og oskereia (\u00e5sg\u00e5rdsreia) der gjenferd og trollskap herjet seg gjennom g\u00e5rdene. Salmene har en plass i denne sammenhengens som tr\u00f8st og beskyttelse og understreker den glidende overgangen mellom hedenske og kristne tradisjoner. I jolo gir et unikt innblikk i en viktig h\u00f8ytid og viser hvilke ulike elementer som har p\u00e5virket v\u00e5r feiring av julen. I jolo er basert p\u00e5 en kirkekonsert som ble gjort for Rikskonsertene i 1994.<\/p>\n<p><!--more--><\/p>\n<p>I jolo \u2013 jul p\u00e5 gamlem\u00e5ten.<\/p>\n<h4>Gamle tradisjoner<\/h4>\n<p>CDen er komponert som en gammeldags julaften. Et vers skildrer \u201clauginga\u201d \u2013 det rituelle badet f\u00f8r de satte seg til bords; et par stev minner oss om tradisjonen med \u00e5 sette drikkehorn p\u00e5 julebordet. Tidligere trodde folk julekvelden og julenatta var den farligste tiden p\u00e5 \u00e5ret. Dersom en ikke tok sine forholdsregler, kunne en risikere det verste. P\u00e5 I jolo f\u00e5r vi blant annet h\u00f8re den dramatiske middelalderballaden om Helleliti som ble r\u00f8vet av trollene en julenatt, og salmer som \u201cEt lidet barn s\u00e5 lystelig\u201d og \u201cEt barn er f\u00f8dt i Betlehe\tm\u201d. Salmene har nok v\u00e6rt folk til stor tr\u00f8st, med tanke p\u00e5 hvor farefull de mente jula var f\u00f8r i tida. Og enda mye mer musikk!<\/p>\n<h4>Medvirkende<\/h4>\n<p>\u00d8yonn Groven Myhren har lenge blitt regnet som en av v\u00e5re fremste folkesangere. Hun st\u00e5r i en s\u00e6rstilling blant unge norske kvedere med sin flere hundre\u00e5r gamle familietradisjon. \u00d8yonn har vunnet Landskappleiken i vokal folkemusikk to ganger \u2013 senest i 1998. P\u00e5 I jolo spiller hun seljefl\u00f8yte i tillegg til \u00e5 synge.<\/p>\n<p>Eilert M. H\u00e6geland, organist og komponist, en ettertraktet akkompagnat\u00f8r som har samarbeidet med flere av v\u00e5re fremste musikere uavhengig av genre. Han har stor erfaring med akkompagnering og arrangering av folkemusikk. P\u00e5 I jolo spiller han pipeorgel og harmonium p\u00e5 folkemusikkvis.<\/p>\n<p>Alf Tveit er en velrenommert hardingfelespelemann med en kongepokal og to seire fra Landskappleiken bak seg. Han har arbeidet som distriktsmusiker i Telemark gjennom en \u00e5rrekke, og vunnet stort ry for sitt friske sl\u00e5ttespill. P\u00e5 I jolo spiller han p\u00e5 oppstilte og nedstilte hardingfeler.<\/p>\n<p>Gjester p\u00e5 plata er Knut og Ole \u00c5stad Br\u00e5ten \u2013 et ungt langeleikspillende tvillingpar som imponerer med sitt kreative spill. Her kan h\u00f8res de p\u00e5 langeleik og lyre.<\/p>\n<h4>Til sist&#8230;<\/h4>\n<p>\u2013 Hva er forresten bakgrunnen for at jula ringes inn? Hvorfor skj\u00f8t, eller endatil skreik og \u201chuva\u201d de jula inn der hvor de ikke kunne h\u00f8re kirkeklokkene? I jolo gir deg svaret&#8230;<\/p>\n<p><\/p>","protected":false},"excerpt":{"rendered":"<p>&#8216;I Jolo&#8217; gir et unikt innblikk i en viktig h\u00f8ytid og viser hvilke ulike elementer som har p\u00e5virket v\u00e5r feiring av julen.<\/p>\n","protected":false},"featured_media":32409,"comment_status":"closed","ping_status":"open","template":"","meta":[],"product_brand":[],"product_cat":[35],"product_tag":[],"class_list":{"0":"post-32408","1":"product","2":"type-product","3":"status-publish","4":"has-post-thumbnail","6":"product_cat-heilo","7":"product_shipping_class-cddvd-shipping","8":"uni_artist_tag-alf-tveit","9":"uni_artist_tag-eilert-m-haegeland","10":"uni_artist_tag-eivind-groven","11":"uni_artist_tag-hallvard-kvale","12":"uni_artist_tag-ole-aastad-braten","13":"uni_artist_tag-oyonn-groven-myhren","14":"uni_artist_tag-trad","15":"uni_artist_genre-christmas-music","16":"uni_artist_genre-folk-music","17":"uni_artist_genre-traditional","19":"first","20":"instock","21":"taxable","22":"shipping-taxable","23":"purchasable","24":"product-type-simple"},"_links":{"self":[{"href":"https:\/\/grappa.no\/no\/wp-json\/wp\/v2\/product\/32408","targetHints":{"allow":["GET"]}}],"collection":[{"href":"https:\/\/grappa.no\/no\/wp-json\/wp\/v2\/product"}],"about":[{"href":"https:\/\/grappa.no\/no\/wp-json\/wp\/v2\/types\/product"}],"replies":[{"embeddable":true,"href":"https:\/\/grappa.no\/no\/wp-json\/wp\/v2\/comments?post=32408"}],"wp:featuredmedia":[{"embeddable":true,"href":"https:\/\/grappa.no\/no\/wp-json\/wp\/v2\/media\/32409"}],"wp:attachment":[{"href":"https:\/\/grappa.no\/no\/wp-json\/wp\/v2\/media?parent=32408"}],"wp:term":[{"taxonomy":"product_brand","embeddable":true,"href":"https:\/\/grappa.no\/no\/wp-json\/wp\/v2\/product_brand?post=32408"},{"taxonomy":"product_cat","embeddable":true,"href":"https:\/\/grappa.no\/no\/wp-json\/wp\/v2\/product_cat?post=32408"},{"taxonomy":"product_tag","embeddable":true,"href":"https:\/\/grappa.no\/no\/wp-json\/wp\/v2\/product_tag?post=32408"}],"curies":[{"name":"wp","href":"https:\/\/api.w.org\/{rel}","templated":true}]}}