{"id":32386,"date":"2012-05-11T00:00:00","date_gmt":"2012-05-10T23:00:00","guid":{"rendered":"http:\/\/www.grappa.no\/no\/albums\/ukategorisert\/muntre-musikanter-karius-og-baktus-moter-dyrene-i-afrika\/"},"modified":"2017-09-29T09:03:43","modified_gmt":"2017-09-29T08:03:43","slug":"muntre-musikanter-karius-og-baktus-moter-dyrene-i-afrika","status":"publish","type":"product","link":"https:\/\/grappa.no\/no\/albums\/barne\/muntre-musikanter-karius-og-baktus-moter-dyrene-i-afrika\/","title":{"rendered":"Muntre Musikanter &#8211; Karius og Baktus m\u00f8ter dyrene i Afrika"},"content":{"rendered":"<p><\/p>\n<p>Thorbj\u00f8rn Egner 100 \u00e5r<\/p>\n<p>I forbindelse med Thorbj\u00f8rn Egner-jubileet har Forsvarets Musikkorps Nord-Norge spilt inn plate med noen av Egners mest kjente og kj\u00e6re visesanger, bl. a. Karius og Baktus, Den Uheldige Mannen, Amandus Dokkemann, Kardemommesangen, R\u00f8vervise, Pepperkakebakersang, Papeg\u00f8yen fra Amerika,  Kaptein Sorte Bill m. fl. Sangene skal ogs\u00e5 framf\u00f8res i en familieforestilling samt flere skolekonserter i samarbeid med Rikskonsertene h\u00f8sten 2012. Forestillingen tar utgangspunkt i K &amp; B, som seiler rundt i Egners underfundige verden etter \u00e5 ha blitt skylt ut i havet p\u00e5 en fl\u00e5te. De reiser til Kardemomme by, Hakkebakkeskogen og helt til dyrene i Afrika.<\/p>\n<p>Gjennom Forsvarets musikkorps har 14 av Egners klassiske sanger f\u00e5tt sitt helt s\u00e6regne uttrykk \u2013 samtidig som Egners \u00e5nd holdes godt i hevd. Resultatet har blitt lekent og fint. Her er Egner i profesjonelt korpsformat, krydret med Berliner-kabar\u00e9t, nordafrikanske klanger og balkanske rytmer. En innspilling som virkelig f\u00e5r fram Egners fascinasjon for  det flerkulturelle. Blant artistene p\u00e5 platen finner vi bl.a. etablerte vokalister som Tonje Unstad (Spellemannprisen i 2011 i klassen barneplate) og kommende barne- og ungdomstalenter som Lisa Winsjansen Restad (finalist i MGPjr i 2009) og Nikoline Spjelkavik m.fl.<\/p>\n<p><!--more--><\/p>\n<h4><\/h4>\n<\/p>\n<h4><\/h4>\n<p><h4><\/h4>\n<\/p>\n<p><\/p>","protected":false},"excerpt":{"rendered":"<p>I forbindelse med Thorbj\u00f8rn Egner-jubileet har Forsvarets Musikkorps Nord-Norge spilt inn plate med noen av Egners mest kjente og kj\u00e6re visesanger.<\/p>\n","protected":false},"featured_media":32392,"comment_status":"closed","ping_status":"open","template":"","meta":[],"product_brand":[],"product_cat":[15],"product_tag":[],"class_list":{"0":"post-32386","1":"product","2":"type-product","3":"status-publish","4":"has-post-thumbnail","6":"product_cat-barne","7":"product_shipping_class-none","8":"uni_artist_tag-havard-lund","9":"uni_artist_tag-lars-nilsson","10":"uni_artist_tag-thorbjorn-egner","11":"uni_artist_tag-tonje-unstad","12":"uni_artist_genre-children","13":"uni_artist_genre-norwegian-lyrics","15":"first","16":"outofstock","17":"taxable","18":"shipping-taxable","19":"product-type-simple"},"_links":{"self":[{"href":"https:\/\/grappa.no\/no\/wp-json\/wp\/v2\/product\/32386","targetHints":{"allow":["GET"]}}],"collection":[{"href":"https:\/\/grappa.no\/no\/wp-json\/wp\/v2\/product"}],"about":[{"href":"https:\/\/grappa.no\/no\/wp-json\/wp\/v2\/types\/product"}],"replies":[{"embeddable":true,"href":"https:\/\/grappa.no\/no\/wp-json\/wp\/v2\/comments?post=32386"}],"wp:featuredmedia":[{"embeddable":true,"href":"https:\/\/grappa.no\/no\/wp-json\/wp\/v2\/media\/32392"}],"wp:attachment":[{"href":"https:\/\/grappa.no\/no\/wp-json\/wp\/v2\/media?parent=32386"}],"wp:term":[{"taxonomy":"product_brand","embeddable":true,"href":"https:\/\/grappa.no\/no\/wp-json\/wp\/v2\/product_brand?post=32386"},{"taxonomy":"product_cat","embeddable":true,"href":"https:\/\/grappa.no\/no\/wp-json\/wp\/v2\/product_cat?post=32386"},{"taxonomy":"product_tag","embeddable":true,"href":"https:\/\/grappa.no\/no\/wp-json\/wp\/v2\/product_tag?post=32386"}],"curies":[{"name":"wp","href":"https:\/\/api.w.org\/{rel}","templated":true}]}}