{"id":32385,"date":"2012-02-10T00:00:00","date_gmt":"2012-02-09T23:00:00","guid":{"rendered":"http:\/\/www.grappa.no\/no\/albums\/ukategorisert\/barnas-supershow-vart-eget-sted\/"},"modified":"2017-09-29T09:02:13","modified_gmt":"2017-09-29T08:02:13","slug":"barnas-supershow-vart-eget-sted","status":"publish","type":"product","link":"https:\/\/grappa.no\/no\/albums\/barne\/barnas-supershow-vart-eget-sted\/","title":{"rendered":"Barnas Supershow &#8211; V\u00e5rt eget sted"},"content":{"rendered":"<p><\/p>\n<p>Musikken fra Barnas Supershow &#8211; Sesong 3<\/p>\n<p>Barnas Supershow, et underholdningsshow med barn som programledere, er fortsatt en av de aller mest popul\u00e6re seriene p\u00e5 Barne-TV. I sesong 3 befinner Barnas Supershow seg fortsatt i den kule trehytta si, deres helt eget sted, hvor de tar opp ulike temaer og stiller sp\u00f8rsm\u00e5l ved de voksnes krav: Hvorfor m\u00e5 de voksne alltid mase s\u00e5nn? Og hvorfor er det s\u00e5 vanskelig \u00e5 v\u00e6re snill?<\/p>\n<p><!--more--><\/p>\n<h4><\/h4>\n<\/p>\n<h4><\/h4>\n<p><h4><\/h4>\n<\/p>\n<p><\/p>","protected":false},"excerpt":{"rendered":"<p>Musikken fra den tredje sesongen fra en av de aller mest popul\u00e6re Barne-TV-seriene, Barnas Supershow.<\/p>\n","protected":false},"featured_media":32391,"comment_status":"closed","ping_status":"open","template":"","meta":[],"product_brand":[],"product_cat":[15],"product_tag":[],"class_list":{"0":"post-32385","1":"product","2":"type-product","3":"status-publish","4":"has-post-thumbnail","6":"product_cat-barne","7":"product_shipping_class-none","8":"uni_artist_tag-barnas-supershow","9":"uni_artist_tag-erland-dahlen","10":"uni_artist_tag-geir-sundstol","11":"uni_artist_tag-hans-jorgen-stop","12":"uni_artist_tag-kare-chr-vestrheim","13":"uni_artist_tag-martin-hagfors","14":"uni_artist_tag-oyvind-blomstrom","15":"uni_artist_tag-oyvind-braekke","16":"uni_artist_tag-thomas-tofte","17":"uni_artist_tag-torjus-vierli","18":"uni_main_artist_tag-barnas-supershow","19":"uni_artist_genre-children","20":"uni_artist_genre-norwegian-lyrics","22":"first","23":"outofstock","24":"taxable","25":"shipping-taxable","26":"product-type-simple"},"_links":{"self":[{"href":"https:\/\/grappa.no\/no\/wp-json\/wp\/v2\/product\/32385","targetHints":{"allow":["GET"]}}],"collection":[{"href":"https:\/\/grappa.no\/no\/wp-json\/wp\/v2\/product"}],"about":[{"href":"https:\/\/grappa.no\/no\/wp-json\/wp\/v2\/types\/product"}],"replies":[{"embeddable":true,"href":"https:\/\/grappa.no\/no\/wp-json\/wp\/v2\/comments?post=32385"}],"wp:featuredmedia":[{"embeddable":true,"href":"https:\/\/grappa.no\/no\/wp-json\/wp\/v2\/media\/32391"}],"wp:attachment":[{"href":"https:\/\/grappa.no\/no\/wp-json\/wp\/v2\/media?parent=32385"}],"wp:term":[{"taxonomy":"product_brand","embeddable":true,"href":"https:\/\/grappa.no\/no\/wp-json\/wp\/v2\/product_brand?post=32385"},{"taxonomy":"product_cat","embeddable":true,"href":"https:\/\/grappa.no\/no\/wp-json\/wp\/v2\/product_cat?post=32385"},{"taxonomy":"product_tag","embeddable":true,"href":"https:\/\/grappa.no\/no\/wp-json\/wp\/v2\/product_tag?post=32385"}],"curies":[{"name":"wp","href":"https:\/\/api.w.org\/{rel}","templated":true}]}}