{"id":32384,"date":"2011-11-18T00:00:00","date_gmt":"2011-11-17T23:00:00","guid":{"rendered":"http:\/\/www.grappa.no\/no\/albums\/ukategorisert\/kykkelykkelig\/"},"modified":"2017-09-29T09:02:06","modified_gmt":"2017-09-29T08:02:06","slug":"kykkelykkelig","status":"publish","type":"product","link":"https:\/\/grappa.no\/no\/albums\/barne\/kykkelykkelig\/","title":{"rendered":"Kykkelykkelig"},"content":{"rendered":"<p><\/p>\n<p>Muntre og melodi\u00f8se moro-sanger med Silje<\/p>\n<p>Silje Sirnes Winje er et kjent og kj\u00e6rt TV-fjes for de fleste barn og sm\u00e5barnsforeldre. N\u00e5 er hun aktuell med egenprodusert barneplate for de minste. Dette er en leken og melodi\u00f8s plate, som med sine mange innslag av strenginstrumenter stilmessig plasserer seg innen bluegrass-sjangeren. Tekstene er p\u00e5 barnas premisser hvor verden blir betraktet med skr\u00e5tt og underfundig blikk. Her finnes muntre sanger om h\u00f8ner som skr\u00f8ner og kuer med luer, men ogs\u00e5 mer underfundige og ettertenksomme sanger om f. eks. det \u00e5 v\u00e6re verken liten eller stor, men Midt i mellom, som en av sangene heter. \u00c5se Sirnes Winje har skrevet tekstene, og Hans Martin Austestad fra Earlybird Sting Band (Spellemannsnominert 2010) har laget musikken.<\/p>\n<p><!--more--><\/p>\n<h4><\/h4>\n<\/p>\n<h4><\/h4>\n<p><h4><\/h4>\n<\/p>\n<p><\/p>","protected":false},"excerpt":{"rendered":"<p>En leken plate med muntre og melodi\u00f8se moro-sanger med Silje Sirnes Winje.<\/p>\n","protected":false},"featured_media":32390,"comment_status":"closed","ping_status":"open","template":"","meta":[],"product_brand":[],"product_cat":[15],"product_tag":[],"class_list":{"0":"post-32384","1":"product","2":"type-product","3":"status-publish","4":"has-post-thumbnail","6":"product_cat-barne","7":"product_shipping_class-none","8":"uni_artist_tag-anne-lise-frokedal","9":"uni_artist_tag-gaute-m-sortland","10":"uni_artist_tag-hans-martin-austestad","11":"uni_artist_tag-olav-christer-rossebo","12":"uni_artist_tag-silje-sirnes-winje","13":"uni_artist_tag-vigleik-winje","14":"uni_main_artist_tag-silje-sirnes-winje","15":"uni_artist_genre-children","16":"uni_artist_genre-norwegian-lyrics","18":"first","19":"outofstock","20":"taxable","21":"shipping-taxable","22":"product-type-simple"},"_links":{"self":[{"href":"https:\/\/grappa.no\/no\/wp-json\/wp\/v2\/product\/32384","targetHints":{"allow":["GET"]}}],"collection":[{"href":"https:\/\/grappa.no\/no\/wp-json\/wp\/v2\/product"}],"about":[{"href":"https:\/\/grappa.no\/no\/wp-json\/wp\/v2\/types\/product"}],"replies":[{"embeddable":true,"href":"https:\/\/grappa.no\/no\/wp-json\/wp\/v2\/comments?post=32384"}],"wp:featuredmedia":[{"embeddable":true,"href":"https:\/\/grappa.no\/no\/wp-json\/wp\/v2\/media\/32390"}],"wp:attachment":[{"href":"https:\/\/grappa.no\/no\/wp-json\/wp\/v2\/media?parent=32384"}],"wp:term":[{"taxonomy":"product_brand","embeddable":true,"href":"https:\/\/grappa.no\/no\/wp-json\/wp\/v2\/product_brand?post=32384"},{"taxonomy":"product_cat","embeddable":true,"href":"https:\/\/grappa.no\/no\/wp-json\/wp\/v2\/product_cat?post=32384"},{"taxonomy":"product_tag","embeddable":true,"href":"https:\/\/grappa.no\/no\/wp-json\/wp\/v2\/product_tag?post=32384"}],"curies":[{"name":"wp","href":"https:\/\/api.w.org\/{rel}","templated":true}]}}